{"id":1218,"date":"2025-11-14T07:55:05","date_gmt":"2025-11-14T04:55:05","guid":{"rendered":"https:\/\/kulupler.atauni.edu.tr\/muhendislik-kariyer-kulubu\/?page_id=1218"},"modified":"2026-03-10T01:30:01","modified_gmt":"2026-03-09T22:30:01","slug":"departman-egitim","status":"publish","type":"page","link":"https:\/\/kulupler.atauni.edu.tr\/muhendislik-kariyer-kulubu\/departmanlar\/departman-egitim\/","title":{"rendered":"Departman | E\u011fitim"},"content":{"rendered":"\t\t<div data-elementor-type=\"wp-page\" data-elementor-id=\"1218\" class=\"elementor elementor-1218\" data-elementor-post-type=\"page\">\n\t\t\t\t\t\t<section class=\"elementor-section elementor-top-section elementor-element elementor-element-e739b48 elementor-section-boxed elementor-section-height-default elementor-section-height-default\" data-id=\"e739b48\" data-element_type=\"section\">\n\t\t\t\t\t\t<div class=\"elementor-container elementor-column-gap-default\">\n\t\t\t\t\t<div class=\"elementor-column elementor-col-100 elementor-top-column elementor-element elementor-element-fb0040e\" data-id=\"fb0040e\" data-element_type=\"column\">\n\t\t\t<div class=\"elementor-widget-wrap elementor-element-populated\">\n\t\t\t\t\t\t<div class=\"elementor-element elementor-element-18619dc elementor-widget elementor-widget-html\" data-id=\"18619dc\" data-element_type=\"widget\" data-widget_type=\"html.default\">\n\t\t\t\t<div class=\"elementor-widget-container\">\n\t\t\t\t\t<section class=\"edu-dept\">\r\n  <div class=\"edu-container\">\r\n    <header class=\"edu-hero\">\r\n    \r\n      <h2 class=\"edu-title\">E\u011fitim Departman\u0131<\/h2>\r\n      <p class=\"edu-lead\">\r\n        \u00d6\u011frencilerin profesyonel ve akademik geli\u015fimini destekleyen iki temel yap\u0131<p><strong>KariyerPlus<\/strong> ve\r\n        <strong>TeknoAkademi<\/strong>.<\/p> \r\n      <\/p>\r\n      <p class=\"edu-lead\">\r\n        KariyerPlus e\u011fitim i\u00e7eriklerini geli\u015ftirir; TeknoAkademi ise bu i\u00e7eriklerin ve kariyer temal\u0131 programlar\u0131n\r\n        organizasyonel olarak uygulanmas\u0131n\u0131 sa\u011flar.\r\n      <\/p>\r\n    <\/header>\r\n\r\n    <div class=\"edu-grid\">\r\n      <!-- CARD 1 -->\r\n      <article class=\"edu-card edu-card--academy\">\r\n        <div class=\"edu-card__top\">\r\n          <div class=\"edu-badge\">\r\n            <span class=\"edu-badge__icon\" aria-hidden=\"true\">\ud83c\udf93<\/span>\r\n            <span class=\"edu-badge__text\">KariyerPlus<\/span>\r\n          <\/div>\r\n\r\n          <p class=\"edu-slogan\">Planl\u0131 geli\u015fim, g\u00fc\u00e7l\u00fc kariyer.<\/p>\r\n         <\/p>\r\n        <\/div>\r\n\r\n        <div class=\"edu-card__body\">\r\n          <p>\r\n            KariyerPlus, m\u00fchendislik \u00f6\u011frencilerinin kariyer planlama ve profesyonel geli\u015fim s\u00fcre\u00e7lerini sistemli ve s\u00fcrd\u00fcr\u00fclebilir\r\n            bir yakla\u015f\u0131mla desteklemek amac\u0131yla e\u011fitim i\u00e7erikleri geli\u015ftiren birimdir.\r\n          <\/p>\r\n\r\n          <p>\r\n            Bu yap\u0131; kariyer yol haritalar\u0131, mod\u00fcler e\u011fitim programlar\u0131, rehber dok\u00fcmanlar ve \u00f6\u011fretici materyaller haz\u0131rlar. Ama\u00e7,\r\n            \u00f6\u011frencilerin i\u015f hayat\u0131na haz\u0131rlan\u0131rken ihtiya\u00e7 duyacaklar\u0131 temel bilgi ve yetkinlikleri yap\u0131land\u0131r\u0131lm\u0131\u015f bir e\u011fitim \u00e7er\u00e7evesi\r\n            i\u00e7inde sunmakt\u0131r.\r\n          <\/p>\r\n\r\n          <p class=\"edu-strong\">\r\n            KariyerPlus i\u00e7erik \u00fcretir, standart olu\u015fturur ve e\u011fitim materyallerini geli\u015ftirir.\r\n          <\/p>\r\n\r\n          <div class=\"edu-section\">\r\n            <h3 class=\"edu-h3\">Faaliyet Alanlar\u0131<\/h3>\r\n            <ul class=\"edu-list\">\r\n            <li>Kariyer Atlas\u0131 | Ke\u015fif Program\u0131 <strong>- 1. A\u015fama<\/strong> i\u00e7in e\u011fitim mod\u00fclleri<\/li>\r\n           \r\n            <li>Profesyonel dijital kimlik rehberleri<\/li>\r\n           \r\n            <li>Kariyer planlama ve sekt\u00f6r analizi dosyalar\u0131<\/li>\r\n            <li>Liderlik ve ileti\u015fim becerileri mod\u00fclleri<\/li>\r\n            <li>Akademik ve sekt\u00f6rel kariyer yol haritalar\u0131<\/li>\r\n            <\/ul>\r\n          <\/div>\r\n\r\n          <div class=\"edu-split\">\r\n            <div class=\"edu-mini\">\r\n              <h3 class=\"edu-h3\">\ud83c\udfaf Vizyon<\/h3>\r\n              <p>\r\n                M\u00fchendislik \u00f6\u011frencilerinin kariyer geli\u015fimini sistemli, s\u00fcrd\u00fcr\u00fclebilir ve yap\u0131land\u0131r\u0131lm\u0131\u015f e\u011fitim mod\u00fclleri ile destekleyen\r\n                \u00f6nc\u00fc bir i\u00e7erik \u00fcretim merkezi olmak.\r\n              <\/p>\r\n            <\/div>\r\n            <div class=\"edu-mini\">\r\n              <h3 class=\"edu-h3\">\ud83c\udfaf Misyon<\/h3>\r\n              <p>\r\n                \u00d6\u011frencilerin profesyonel hayatta ihtiya\u00e7 duyaca\u011f\u0131 temel bilgi, beceri ve yetkinlikleri; standartla\u015ft\u0131r\u0131lm\u0131\u015f, g\u00fcncel ve\r\n                eri\u015filebilir e\u011fitim i\u00e7erikleri arac\u0131l\u0131\u011f\u0131yla kazand\u0131rmak.\r\n              <\/p>\r\n            <\/div>\r\n          <\/div>\r\n        <\/div>\r\n      <\/article>\r\n\r\n      <!-- CARD 2 -->\r\n      <article class=\"edu-card edu-card--events\">\r\n        <div class=\"edu-card__top\">\r\n          <div class=\"edu-badge\">\r\n            <span class=\"edu-badge__icon\" aria-hidden=\"true\">\ud83c\udfa4<\/span>\r\n            <span class=\"edu-badge__text\">TeknoAkademi<\/span>\r\n          <\/div>\r\n\r\n          <p class=\"edu-slogan\">F\u0131rsatlar\u0131 \u00f6\u011frencilerle bulu\u015fturur.<\/p>\r\n        <\/p>\r\n        <\/div>\r\n\r\n        <div class=\"edu-card__body\">\r\n          <p>\r\n            TeknoAkademi, \u00f6\u011frencilerin kariyer geli\u015fimine y\u00f6nelik seminer, panel, konferans ve bulu\u015fma organizasyonlar\u0131n\u0131 planlayan\r\n            ve uygulayan birimdir.\r\n          <\/p>\r\n\r\n          <p>\r\n            Bu yap\u0131, sekt\u00f6r temsilcileri ile \u00f6\u011frencileri bir araya getirir; kariyer temal\u0131 etkinliklerin koordinasyonunu sa\u011flar ve profesyonel\r\n            etkile\u015fim ortam\u0131 olu\u015fturur.\r\n          <\/p>\r\n\r\n          <p class=\"edu-strong\">TeknoAkademi organizasyon ve uygulamadan sorumludur.<\/p>\r\n\r\n          <div class=\"edu-section\">\r\n            <h3 class=\"edu-h3\">Faaliyet Alanlar\u0131<\/h3>\r\n            <ul class=\"edu-list\">\r\n              <li>Kariyer seminerleri<\/li>\r\n              <li>Panel ve konferans organizasyonlar\u0131<\/li>\r\n              <li>Mezun\u2013\u00f6\u011frenci bulu\u015fmalar\u0131<\/li>\r\n              <li>Sekt\u00f6r tan\u0131t\u0131m g\u00fcnleri<\/li>\r\n              <li>Kariyer zirvesi ve \u00e7al\u0131\u015ftaylar<\/li>\r\n              <li>Networking etkinlikleri<\/li>\r\n            <\/ul>\r\n          <\/div>\r\n\r\n          <div class=\"edu-split\">\r\n            <div class=\"edu-mini\">\r\n              <h3 class=\"edu-h3\">\ud83c\udfaf Vizyon<\/h3>\r\n              <p>\r\n                \u00d6\u011frenciler ile sekt\u00f6r temsilcilerini bir araya getiren, kariyer temal\u0131 etkinliklerde referans noktas\u0131 haline gelen g\u00fc\u00e7l\u00fc ve\r\n                s\u00fcrd\u00fcr\u00fclebilir bir organizasyon yap\u0131s\u0131 olmak.\r\n              <\/p>\r\n            <\/div>\r\n            <div class=\"edu-mini\">\r\n              <h3 class=\"edu-h3\">\ud83c\udfaf Misyon<\/h3>\r\n              <p>\r\n                Kariyer geli\u015fimini destekleyen seminer, panel ve organizasyonlar\u0131 planlayarak \u00f6\u011frencilerin profesyonel \u00e7evre ile etkile\u015fimini\r\n                art\u0131rmak ve kariyer fark\u0131ndal\u0131\u011f\u0131n\u0131 g\u00fc\u00e7lendirmek.\r\n              <\/p>\r\n            <\/div>\r\n          <\/div>\r\n        <\/div>\r\n      <\/article>\r\n    <\/div>\r\n\r\n    <footer class=\"edu-footer\">\r\n      <div class=\"edu-divider\" aria-hidden=\"true\"><\/div>\r\n      <p class=\"edu-note\">\r\n         KariyerPlus i\u00e7erik \u00fcretir; TeknoAkademi organizasyon ve uygulamay\u0131 y\u00fcr\u00fct\u00fcr.\r\n      <\/p>\r\n    <\/footer>\r\n  <\/div>\r\n<\/section>\t\t\t\t<\/div>\n\t\t\t\t<\/div>\n\t\t\t\t\t<\/div>\n\t\t<\/div>\n\t\t\t\t\t<\/div>\n\t\t<\/section>\n\t\t\t\t<section class=\"elementor-section elementor-top-section elementor-element elementor-element-52954fa elementor-section-boxed elementor-section-height-default elementor-section-height-default\" data-id=\"52954fa\" data-element_type=\"section\">\n\t\t\t\t\t\t<div class=\"elementor-container elementor-column-gap-default\">\n\t\t\t\t\t<div class=\"elementor-column elementor-col-100 elementor-top-column elementor-element elementor-element-68c65bb\" data-id=\"68c65bb\" data-element_type=\"column\">\n\t\t\t<div class=\"elementor-widget-wrap elementor-element-populated\">\n\t\t\t\t\t\t<div class=\"elementor-element elementor-element-b8bf530 elementor-widget elementor-widget-html\" data-id=\"b8bf530\" data-element_type=\"widget\" data-widget_type=\"html.default\">\n\t\t\t\t<div class=\"elementor-widget-container\">\n\t\t\t\t\t<section class=\"ka-kesif-card\">\r\n  <div class=\"ka-kesif-glow ka-kesif-glow-1\"><\/div>\r\n  <div class=\"ka-kesif-glow ka-kesif-glow-2\"><\/div>\r\n\r\n  <div class=\"ka-kesif-inner\">\r\n    <div class=\"ka-kesif-badge\">Kariyer Atlas\u0131 | Ke\u015fif<\/div>\r\n\r\n    <h2 class=\"ka-kesif-title\">Kendini Tan\u0131ma ve Kariyer Fark\u0131ndal\u0131\u011f\u0131<\/h2>\r\n\r\n    <p class=\"ka-kesif-desc\">\r\n<b>Kariyer Atlas\u0131 | Ke\u015fif<\/b> Kariyer Atlas\u0131 Program\u0131\u2019n\u0131n 1. a\u015famas\u0131n\u0131 olu\u015fturur.\r\n\r\n<p>Bu a\u015famada \u00fcyelerimiz, <b>KariyerPlus<\/b> taraf\u0131ndan kariyer s\u00fcre\u00e7lerine, bilin\u00e7li ve profesyonel yakla\u015f\u0131m amac\u0131 ile haz\u0131rlanan k\u0131sa, odakl\u0131 ve fark\u0131ndal\u0131k temelli <b>e\u011fitim mod\u00fclleri<\/b> ile desteklenir.<\/p>\r\n<p>\u00d6\u011frencilerin kendilerini tan\u0131malar\u0131n\u0131, yetkinliklerini analiz etmelerini ve\r\n      kariyer hedeflerini belirlemelerini sa\u011flayan \u00f6\u011frenme ve haz\u0131rl\u0131k a\u015famas\u0131d\u0131r.<\/p>\r\n    \r\n\r\n    <div class=\"ka-kesif-grid\">\r\n      <div class=\"ka-kesif-box\">\r\n        <span class=\"ka-kesif-box-label\">Ama\u00e7<\/span>\r\n        <p>\r\n          \u00d6\u011frencilerin ilgi alanlar\u0131n\u0131, yetkinliklerini ve kariyer y\u00f6nelimlerini\r\n          fark ederek teknik gezi s\u00fcrecine bilin\u00e7li \u015fekilde haz\u0131rlanmalar\u0131n\u0131 sa\u011flamak.\r\n        <\/p>\r\n      <\/div>\r\n\r\n      <div class=\"ka-kesif-box\">\r\n        <span class=\"ka-kesif-box-label\">Hedef<\/span>\r\n        <p>\r\n          \u00d6\u011frencilerin kariyer planlama becerilerini geli\u015ftirmek ve teknik gezi\r\n          s\u00fcrecinden maksimum \u00f6\u011frenme kazan\u0131m\u0131 elde etmelerini desteklemek.\r\n        <\/p>\r\n      <\/div>\r\n    <\/div>\r\n\r\n    <div class=\"ka-kesif-note\">\r\n      <strong>\ud83c\udf93 E\u011fitim Tamamlama ve Sertifikaland\u0131rma\r\n<\/strong>\r\n<p><p>Kariyer Atlas\u0131 | Ke\u015fif Program\u0131 kapsam\u0131nda; e\u011fitimlerin en az %80\u2019ini tamamlayan ve kul\u00fcp \u00fcyesi olan \u00f6\u011frenciler, <b>kat\u0131l\u0131m sertifikas\u0131<\/b> almaya hak kazan\u0131r.<\/p>\r\n<p>\r\n\ud83d\udd11 Bu sertifika, yaln\u0131zca bir belge de\u011fil; Kariyer Atlas\u0131 Program\u0131\u2019n\u0131n ikinci a\u015famas\u0131na ge\u00e7i\u015f hakk\u0131 sa\u011flar.<\/p>\r\nBu a\u015famada ger\u00e7ekle\u015ftirilen e\u011fitim ve fark\u0131ndal\u0131k \u00e7al\u0131\u015fmalar\u0131, teknik gezi\r\n      s\u00fcrecine haz\u0131rl\u0131k amac\u0131yla planlanmaktad\u0131r.\r\n    <\/div>\r\n\r\n    <div class=\"ka-kesif-footer\">\r\n      <div class=\"ka-kesif-slogan\">Kendini Tan\u0131, Yolunu Ke\u015ffet.<\/div>\r\n\r\n      <a class=\"ka-kesif-btn\" href=\"https:\/\/kulupler.atauni.edu.tr\/muhendislik-kariyer-kulubu\/kariyer-atlasi\/kariyer-atlasi-kesif\/\/\" target=\"_self\" rel=\"noopener noreferrer\">\r\n        E\u011fitim Mod\u00fclleri\r\n      <\/a>\r\n    <\/div>\r\n  <\/div>\r\n<\/section>\t\t\t\t<\/div>\n\t\t\t\t<\/div>\n\t\t\t\t\t<\/div>\n\t\t<\/div>\n\t\t\t\t\t<\/div>\n\t\t<\/section>\n\t\t\t\t<section class=\"elementor-section elementor-top-section elementor-element elementor-element-73f829d elementor-section-boxed elementor-section-height-default elementor-section-height-default\" data-id=\"73f829d\" data-element_type=\"section\">\n\t\t\t\t\t\t<div class=\"elementor-container elementor-column-gap-default\">\n\t\t\t\t\t<div class=\"elementor-column elementor-col-100 elementor-top-column elementor-element elementor-element-174f625\" data-id=\"174f625\" data-element_type=\"column\">\n\t\t\t<div class=\"elementor-widget-wrap elementor-element-populated\">\n\t\t\t\t\t\t<div class=\"elementor-element elementor-element-5efa4f8 elementor-widget elementor-widget-html\" data-id=\"5efa4f8\" data-element_type=\"widget\" data-widget_type=\"html.default\">\n\t\t\t\t<div class=\"elementor-widget-container\">\n\t\t\t\t\t<section class=\"learnhub-section\">\r\n  <div class=\"learnhub-inner\">\r\n    <div class=\"learnhub-logo-area\">\r\n      <div class=\"learnhub-logo-card\">\r\n        <img decoding=\"async\" src=\"https:\/\/kulupler.atauni.edu.tr\/muhendislik-kariyer-kulubu\/wp-content\/uploads\/sites\/178\/2025\/11\/logo-LearnHub.png\" alt=\"YEB club | LearnHub Logo\" class=\"learnhub-logo\" \/>\r\n      <\/div>\r\n    <\/div>\r\n\r\n    <div class=\"learnhub-content\">\r\n      <h1 class=\"learnhub-title\">\r\n        YEBclub | <span>LearnHub<\/span>\r\n      <\/h1>\r\n      \r\n      <h2 class=\"learnhub-subtitle\">\r\n        Kariyer &amp; Akademi Y\u00f6netim Sistemi\r\n      <\/h2>\r\n      \r\n        <div class=\"learnhub-meta\">\r\n          <span class=\"learnhub-pill\">YEBclub Dijital Altyap\u0131<\/span>\r\n          <span class=\"learnhub-pill\">Kariyer Geli\u015fimi<\/span>\r\n          <span class=\"learnhub-pill\">Bilgi Birikimi<\/span>\r\n        <\/div>\r\n      <\/div>\r\n    <\/div>\r\n  <\/div>\r\n<\/section>\r\n\t\t\t\t<\/div>\n\t\t\t\t<\/div>\n\t\t\t\t\t<\/div>\n\t\t<\/div>\n\t\t\t\t\t<\/div>\n\t\t<\/section>\n\t\t\t\t<section class=\"elementor-section elementor-top-section elementor-element elementor-element-127984f elementor-section-boxed elementor-section-height-default elementor-section-height-default\" data-id=\"127984f\" data-element_type=\"section\">\n\t\t\t\t\t\t<div class=\"elementor-container elementor-column-gap-default\">\n\t\t\t\t\t<div class=\"elementor-column elementor-col-100 elementor-top-column elementor-element elementor-element-fa79d79\" data-id=\"fa79d79\" data-element_type=\"column\">\n\t\t\t<div class=\"elementor-widget-wrap elementor-element-populated\">\n\t\t\t\t\t\t<div class=\"elementor-element elementor-element-dff30e7 elementor-widget elementor-widget-html\" data-id=\"dff30e7\" data-element_type=\"widget\" data-widget_type=\"html.default\">\n\t\t\t\t<div class=\"elementor-widget-container\">\n\t\t\t\t\t<!-- E\u011fitim Departman\u0131 i\u00e7in ekip tan\u0131t\u0131m blo\u011fu -->\r\n<div class=\"club-team-section club-team--egitim\">\r\n  <div class=\"club-team-header\">\r\n    <span class=\"club-team-badge\">E\u011fitim Departman\u0131<\/span>\r\n    <h2>E\u011fitim Departman\u0131 Ekibimiz<\/h2>\r\n    <p class=\"club-team-subtitle\">\r\n      Kul\u00fcb\u00fcm\u00fcz\u00fcn e\u011fitim departman\u0131 kapsam\u0131nda aktif g\u00f6rev alan ekibimiz.\r\n    <\/p>\r\n  <\/div>\r\n\r\n  <div class=\"club-team-grid\">\r\n\r\n    <article class=\"club-team-card\">\r\n      <div class=\"club-team-avatar\">\r\n        <img decoding=\"async\" src=\"https:\/\/kulupler.atauni.edu.tr\/muhendislik-kariyer-kulubu\/wp-content\/uploads\/sites\/178\/2025\/11\/Tuana-Elif-Ciftci.jpg\" alt=\"Tuana Elif \u00c7\u0130FT\u00c7\u0130\">\r\n      <\/div>\r\n      <div class=\"club-team-info\">\r\n        <h3 class=\"club-team-name\">Tuana Elif \u00c7\u0130FT\u00c7\u0130<\/h3>\r\n        <p class=\"club-team-role\">Koordinat\u00f6r<\/p>\r\n      <\/div>\r\n    <\/article>\r\n    <article class=\"club-team-card\">\r\n      <div class=\"club-team-avatar\">\r\n        <img decoding=\"async\" src=\"https:\/\/kulupler.atauni.edu.tr\/muhendislik-kariyer-kulubu\/wp-content\/uploads\/sites\/178\/2025\/11\/ZeynepEl.jpg\" alt=\"Zeynep EL\">\r\n      <\/div>\r\n      <div class=\"club-team-info\">\r\n        <h3 class=\"club-team-name\">Zeynep EL<\/h3>\r\n        <p class=\"club-team-role\">KariyerPlus<\/p>\r\n      <\/div>\r\n    <\/article>\r\n    <article class=\"club-team-card\">\r\n      <div class=\"club-team-avatar\">\r\n        <img decoding=\"async\" src=\"https:\/\/kulupler.atauni.edu.tr\/muhendislik-kariyer-kulubu\/wp-content\/uploads\/sites\/178\/2025\/11\/Nisanur-Nisgavlioglu.jpg\" alt=\"Nisanur N\u0130SGAVL\u0130O\u011eLU\">\r\n      <\/div>\r\n      <div class=\"club-team-info\">\r\n        <h3 class=\"club-team-name\">Nisanur N\u0130SGAVL\u0130O\u011eLU<\/h3>\r\n        <p class=\"club-team-role\">TeknoAkademi<\/p>\r\n      <\/div>\r\n    <\/article>\r\n  <\/div>\r\n<\/div>\t\t\t\t<\/div>\n\t\t\t\t<\/div>\n\t\t\t\t\t<\/div>\n\t\t<\/div>\n\t\t\t\t\t<\/div>\n\t\t<\/section>\n\t\t\t\t<section class=\"elementor-section elementor-top-section elementor-element elementor-element-b484763 elementor-section-boxed elementor-section-height-default elementor-section-height-default\" data-id=\"b484763\" data-element_type=\"section\">\n\t\t\t\t\t\t<div class=\"elementor-container elementor-column-gap-default\">\n\t\t\t\t\t<div class=\"elementor-column elementor-col-100 elementor-top-column elementor-element elementor-element-4185242\" data-id=\"4185242\" data-element_type=\"column\">\n\t\t\t<div class=\"elementor-widget-wrap elementor-element-populated\">\n\t\t\t\t\t\t<div class=\"elementor-element elementor-element-fd8f4cb elementor-widget elementor-widget-html\" data-id=\"fd8f4cb\" data-element_type=\"widget\" data-widget_type=\"html.default\">\n\t\t\t\t<div class=\"elementor-widget-container\">\n\t\t\t\t\t<div class=\"departmanbuton-container\">\r\n\r\n<a href=\"https:\/\/kulupler.atauni.edu.tr\/muhendislik-kariyer-kulubu\/departmanlar\/departman-egitim\/\" class=\"departmanbuton egitim\">\r\n    E\u011fitim Departman\u0131\r\n  <\/a>\r\n\r\n<a href=\"https:\/\/kulupler.atauni.edu.tr\/muhendislik-kariyer-kulubu\/departmanlar\/departman-faaliyet\/\" class=\"departmanbuton faaliyet\">\r\n    Faaliyet Departman\u0131\r\n  <\/a>\r\n\r\n<a href=\"https:\/\/kulupler.atauni.edu.tr\/muhendislik-kariyer-kulubu\/departmanlar\/departman-malzeme\/\" class=\"departmanbuton malzeme\">\r\n    Malzeme Departman\u0131\r\n  <\/a>\r\n\r\n<\/div>\r\n\t\t\t\t<\/div>\n\t\t\t\t<\/div>\n\t\t\t\t\t<\/div>\n\t\t<\/div>\n\t\t\t\t\t<\/div>\n\t\t<\/section>\n\t\t\t\t<\/div>\n\t\t","protected":false},"excerpt":{"rendered":"<p>E\u011fitim Departman\u0131 \u00d6\u011frencilerin profesyonel ve akademik geli\u015fimini destekleyen iki temel yap\u0131 KariyerPlus ve TeknoAkademi. KariyerPlus e\u011fitim i\u00e7eriklerini geli\u015ftirir; TeknoAkademi ise bu i\u00e7eriklerin ve kariyer temal\u0131 programlar\u0131n organizasyonel olarak uygulanmas\u0131n\u0131 sa\u011flar. \ud83c\udf93 KariyerPlus Planl\u0131 geli\u015fim, g\u00fc\u00e7l\u00fc kariyer. KariyerPlus, m\u00fchendislik \u00f6\u011frencilerinin kariyer planlama ve profesyonel geli\u015fim s\u00fcre\u00e7lerini sistemli ve s\u00fcrd\u00fcr\u00fclebilir bir yakla\u015f\u0131mla desteklemek amac\u0131yla e\u011fitim i\u00e7erikleri geli\u015ftiren [&hellip;]<\/p>\n","protected":false},"author":3,"featured_media":0,"parent":534,"menu_order":2,"comment_status":"closed","ping_status":"closed","template":"","meta":{"inline_featured_image":false,"footnotes":""},"class_list":["post-1218","page","type-page","status-publish","hentry"],"_links":{"self":[{"href":"https:\/\/kulupler.atauni.edu.tr\/muhendislik-kariyer-kulubu\/wp-json\/wp\/v2\/pages\/1218","targetHints":{"allow":["GET"]}}],"collection":[{"href":"https:\/\/kulupler.atauni.edu.tr\/muhendislik-kariyer-kulubu\/wp-json\/wp\/v2\/pages"}],"about":[{"href":"https:\/\/kulupler.atauni.edu.tr\/muhendislik-kariyer-kulubu\/wp-json\/wp\/v2\/types\/page"}],"author":[{"embeddable":true,"href":"https:\/\/kulupler.atauni.edu.tr\/muhendislik-kariyer-kulubu\/wp-json\/wp\/v2\/users\/3"}],"replies":[{"embeddable":true,"href":"https:\/\/kulupler.atauni.edu.tr\/muhendislik-kariyer-kulubu\/wp-json\/wp\/v2\/comments?post=1218"}],"version-history":[{"count":137,"href":"https:\/\/kulupler.atauni.edu.tr\/muhendislik-kariyer-kulubu\/wp-json\/wp\/v2\/pages\/1218\/revisions"}],"predecessor-version":[{"id":3172,"href":"https:\/\/kulupler.atauni.edu.tr\/muhendislik-kariyer-kulubu\/wp-json\/wp\/v2\/pages\/1218\/revisions\/3172"}],"up":[{"embeddable":true,"href":"https:\/\/kulupler.atauni.edu.tr\/muhendislik-kariyer-kulubu\/wp-json\/wp\/v2\/pages\/534"}],"wp:attachment":[{"href":"https:\/\/kulupler.atauni.edu.tr\/muhendislik-kariyer-kulubu\/wp-json\/wp\/v2\/media?parent=1218"}],"curies":[{"name":"wp","href":"https:\/\/api.w.org\/{rel}","templated":true}]}}