{"id":1963,"date":"2025-12-13T21:15:54","date_gmt":"2025-12-13T18:15:54","guid":{"rendered":"https:\/\/kulupler.atauni.edu.tr\/muhendislik-kariyer-kulubu\/?page_id=1963"},"modified":"2026-03-09T12:15:48","modified_gmt":"2026-03-09T09:15:48","slug":"kariyer-atlasi","status":"publish","type":"page","link":"https:\/\/kulupler.atauni.edu.tr\/muhendislik-kariyer-kulubu\/kariyer-atlasi\/","title":{"rendered":"Kariyer Atlas\u0131"},"content":{"rendered":"\t\t<div data-elementor-type=\"wp-page\" data-elementor-id=\"1963\" class=\"elementor elementor-1963\" data-elementor-post-type=\"page\">\n\t\t\t\t\t\t<section class=\"elementor-section elementor-top-section elementor-element elementor-element-01cc0f8 elementor-section-boxed elementor-section-height-default elementor-section-height-default\" data-id=\"01cc0f8\" data-element_type=\"section\">\n\t\t\t\t\t\t<div class=\"elementor-container elementor-column-gap-default\">\n\t\t\t\t\t<div class=\"elementor-column elementor-col-100 elementor-top-column elementor-element elementor-element-4aa8d3d\" data-id=\"4aa8d3d\" data-element_type=\"column\">\n\t\t\t<div class=\"elementor-widget-wrap elementor-element-populated\">\n\t\t\t\t\t\t<div class=\"elementor-element elementor-element-2a6bc73 elementor-widget elementor-widget-html\" data-id=\"2a6bc73\" data-element_type=\"widget\" data-widget_type=\"html.default\">\n\t\t\t\t<div class=\"elementor-widget-container\">\n\t\t\t\t\t<section class=\"ka2-wrap\" id=\"kariyer-atlasi-programi\">\r\n  <div class=\"ka2-shell\">\r\n\r\n    <header class=\"ka2-head\">\r\n      <div class=\"ka2-kicker\">\r\n        <span class=\"ka2-emoji\" aria-hidden=\"true\">\ud83c\udf93<\/span>\r\n        <span class=\"ka2-kicker__text\">KAR\u0130YER ATLASI MODEL\u0130<\/span>\r\n      <\/div>\r\n\r\n      <h2 class=\"ka2-title\"> Kariyer Geli\u015fimi \u0130\u00e7in Yap\u0131land\u0131r\u0131lm\u0131\u015f Kariyer Yol Haritas\u0131<\/h2>\r\n\r\n      <p class=\"ka2-lead\">\r\n        <strong>Kariyer Atlas\u0131 Program\u0131<\/strong>, Atat\u00fcrk \u00dcniversitesi <strong>M\u00fchendislik Kariyer Kul\u00fcb\u00fc<\/strong> taraf\u0131ndan;\r\n        m\u00fchendislik fak\u00fcltesi \u00f6\u011frencilerinin kariyer geli\u015fimini <strong>planl\u0131<\/strong>, <strong>s\u00fcrd\u00fcr\u00fclebilir<\/strong> ve\r\n        <strong>\u00e7\u0131kt\u0131ya dayal\u0131<\/strong> bir yap\u0131 i\u00e7erisinde desteklemek amac\u0131yla olu\u015fturulmu\u015f,\r\n        <strong>\u00e7ok a\u015famal\u0131<\/strong> bir kariyer geli\u015fim modelidir.\r\n      <\/p>\r\n\r\n      <p class=\"ka2-lead\">\r\n        Bu program, kul\u00fcp faaliyetlerini birbirinden ba\u011f\u0131ms\u0131z etkinlikler olarak de\u011fil;\r\n        <strong>birbiriyle ba\u011flant\u0131l\u0131, stratejik bir yolculu\u011fun par\u00e7alar\u0131<\/strong> olarak ele al\u0131r.\r\n      <\/p>\r\n\r\n      <p class=\"ka2-lead\">\r\n        Kariyer Atlas\u0131 Program\u0131 kapsam\u0131nda y\u00fcr\u00fct\u00fclen t\u00fcm \u00e7al\u0131\u015fmalar;\r\n<strong>Mod\u00fcler E\u011fitim<\/strong>, <strong>Teknik Gezi<\/strong>, <strong>Proje Geli\u015ftirme<\/strong>, <strong>Ar-Ge K\u00fclt\u00fcr\u00fc<\/strong> ve <strong>Akademik Geli\u015fim<\/strong> a\u015famalar\u0131n\u0131 kapsayan\r\nb\u00fct\u00fcnc\u00fcl bir kariyer yol haritas\u0131 \u00e7er\u00e7evesinde planlanmakta ve uygulanmaktad\u0131r.      <\/p>\r\n    <\/header>\r\n\r\n    <div class=\"ka2-grid\">\r\n\r\n      <!-- Temel Yakla\u015f\u0131m -->\r\n      <article class=\"ka2-card ka2-card--accent\">\r\n        <div class=\"ka2-card__top\">\r\n          <span class=\"ka2-card__icon\" aria-hidden=\"true\">\ud83d\udd0d<\/span>\r\n          <h3 class=\"ka2-card__title\">Program\u0131n Temel Yakla\u015f\u0131m\u0131<\/h3>\r\n        <\/div>\r\n\r\n        <p class=\"ka2-card__text\">\r\n          Kariyer Atlas\u0131 Program\u0131, teknik gezileri oda\u011fa alarak \u00f6\u011frencilerin yaln\u0131zca bir teknik gezi deneyimi ya\u015famalar\u0131n\u0131 de\u011fil; teknik gezi \u00f6ncesinde \r\n<strong>haz\u0131rl\u0131k yapmalar\u0131n\u0131<\/strong>, gezi s\u0131ras\u0131nda <strong>\u00fcretim s\u00fcre\u00e7lerini yerinde g\u00f6zlemlemelerini<\/strong>, \r\n<strong>gezi sonras\u0131nda edindikleri deneyimleri geli\u015ftirmelerini<\/strong>, \r\n<strong>geli\u015ftirdikleri projeler arac\u0131l\u0131\u011f\u0131yla \u00fcretim yapmalar\u0131n\u0131<\/strong> ve bu \u00fcretimleri \r\n<strong>akademik ya da sekt\u00f6rel \u00e7\u0131kt\u0131lara<\/strong> d\u00f6n\u00fc\u015ft\u00fcrmelerini hedefler.\r\n        <\/p>\r\n\r\n        <ul class=\"ka2-bullets\" role=\"list\">\r\n          <li><span class=\"ka2-bullet-dot\"><\/span><span>\u00d6\u011fren<\/span><\/li>\r\n          <li><span class=\"ka2-bullet-dot\"><\/span><span>Uygula<\/span><\/li>\r\n          <li><span class=\"ka2-bullet-dot\"><\/span><span>Geli\u015ftir<\/span><\/li>\r\n          <li><span class=\"ka2-bullet-dot\"><\/span><span>\u00dcret<\/span><\/li>\r\n          <li><span class=\"ka2-bullet-dot\"><\/span><span>Payla\u015f<\/span><\/li>\r\n        <\/ul>\r\n\r\n        <p class=\"ka2-card__note\">\r\n          Bu yakla\u015f\u0131m sayesinde \u00f6\u011frenciler, kul\u00fcp faaliyetleri arac\u0131l\u0131\u011f\u0131yla kariyerlerini yaln\u0131zca planlamakla kalmaz;\r\n          <strong>ad\u0131m ad\u0131m in\u015fa etme<\/strong> f\u0131rsat\u0131 bulur.\r\n        <\/p>\r\n      <\/article>\r\n\r\n      <!-- Yap\u0131 -->\r\n      <article class=\"ka2-card\">\r\n        <div class=\"ka2-card__top\">\r\n          <span class=\"ka2-card__icon\" aria-hidden=\"true\">\ud83e\udded<\/span>\r\n          <h3 class=\"ka2-card__title\">Kariyer Atlas\u0131 Program\u0131n\u0131n Yap\u0131s\u0131<\/h3>\r\n        <\/div>\r\n\r\n        <p class=\"ka2-card__text\">\r\n          Kariyer Atlas\u0131 Program\u0131, birbirini takip eden ve birbirine ge\u00e7i\u015f \u015fartlar\u0131yla ba\u011fl\u0131\r\n          <strong>be\u015f ana basamaktan<\/strong> olu\u015fur.\r\n        <\/p>\r\n\r\n        <ol class=\"ka2-steps\" role=\"list\">\r\n          <li class=\"ka2-step\">\r\n            <span class=\"ka2-step__no\">1<\/span>\r\n            <div class=\"ka2-step__body\">\r\n              <div class=\"ka2-step__name\">Kariyer Atlas\u0131 | Ke\u015fif<\/div>\r\n              <div class=\"ka2-step__desc\">\r\n                Kendini tan\u0131ma, yetkinlik analizi ve kariyer planlama konular\u0131nda temel kazan\u0131mlar\u0131n elde edildi\u011fi ve teknik gezi s\u00fcrecine y\u00f6nelik haz\u0131rl\u0131klar\u0131n yap\u0131ld\u0131\u011f\u0131 \u00f6\u011frenme a\u015famas\u0131.\r\n              <\/div>\r\n            <\/div>\r\n          <\/li>\r\n\r\n          <li class=\"ka2-step\">\r\n            <span class=\"ka2-step__no\">2<\/span>\r\n            <div class=\"ka2-step__body\">\r\n              <div class=\"ka2-step__name\">Kariyer Atlas\u0131 | Sahada<\/div>\r\n              <div class=\"ka2-step__desc\">\r\n                E\u011fitim s\u00fcrecini tamamlayan \u00f6\u011frencilerin sekt\u00f6r\u00fc yerinde tan\u0131d\u0131\u011f\u0131, \u00fcretim s\u00fcre\u00e7lerini ve m\u00fchendislik uygulamalar\u0131n\u0131 ger\u00e7ek \u00e7al\u0131\u015fma ortamlar\u0131nda g\u00f6zlemledi\u011fi saha uygulama a\u015famas\u0131.\r\n              <\/div>\r\n            <\/div>\r\n          <\/li>\r\n\r\n          <li class=\"ka2-step\">\r\n            <span class=\"ka2-step__no\">3<\/span>\r\n            <div class=\"ka2-step__body\">\r\n              <div class=\"ka2-step__name\">Kariyer Atlas\u0131 | Konsept<\/div>\r\n              <div class=\"ka2-step__desc\">\r\n               Teknik gezi g\u00f6zlemlerinden hareketle sorunlar\u0131n tan\u0131mland\u0131\u011f\u0131, analiz edildi\u011fi ve bu do\u011frultuda proje fikirlerinin geli\u015ftirildi\u011fi geli\u015ftirme a\u015famas\u0131.\r\n              <\/div>\r\n            <\/div>\r\n          <\/li>\r\n\r\n          <li class=\"ka2-step\">\r\n            <span class=\"ka2-step__no\">4<\/span>\r\n            <div class=\"ka2-step__body\">\r\n              <div class=\"ka2-step__name\">Kariyer Atlas\u0131 | \u0130novasyon<\/div>\r\n              <div class=\"ka2-step__desc\">\r\n               Projelerin ara\u015ft\u0131rma, analiz ve geli\u015ftirme boyutuna ta\u015f\u0131nd\u0131\u011f\u0131; Ar-Ge k\u00fclt\u00fcr\u00fc ile tan\u0131\u015f\u0131lan \u00fcretim a\u015famas\u0131.\r\n              <\/div>\r\n            <\/div>\r\n          <\/li>\r\n\r\n          <li class=\"ka2-step\">\r\n            <span class=\"ka2-step__no\">5<\/span>\r\n            <div class=\"ka2-step__body\">\r\n              <div class=\"ka2-step__name\">Kariyer Atlas\u0131 | Perspektif <\/div>\r\n              <div class=\"ka2-step__desc\">\r\n              Ar-Ge s\u00fcre\u00e7lerinde elde edilen sonu\u00e7lar\u0131n akademik geli\u015fim odakl\u0131 \u00e7al\u0131\u015fmalara ve somut \u00e7\u0131kt\u0131lara d\u00f6n\u00fc\u015ft\u00fcr\u00fcld\u00fc\u011f\u00fc payla\u015f\u0131m a\u015famas\u0131.\r\n              <\/div>\r\n            <\/div>\r\n          <\/li>\r\n        <\/ol>\r\n\r\n        \r\n      <\/article>\r\n\r\n    <\/div>\r\n\r\n    <!-- B\u00fct\u00fcnle\u015fik Model -->\r\n    <article class=\"ka2-card ka2-card--wide\">\r\n      <div class=\"ka2-card__top\">\r\n        <span class=\"ka2-card__icon\" aria-hidden=\"true\">\ud83e\udd1d<\/span>\r\n        <h3 class=\"ka2-card__title\">Kul\u00fcp Yap\u0131s\u0131 ile B\u00fct\u00fcnle\u015fik Model<\/h3>\r\n      <\/div>\r\n\r\n      <p class=\"ka2-card__text\">\r\n        Kariyer Atlas\u0131 Program\u0131; kul\u00fcb\u00fcn <strong>e\u011fitim faaliyetlerini<\/strong>, <strong>teknik gezilerini<\/strong>,\r\n        <strong>proje ve Ar-Ge \u00e7al\u0131\u015fmalar\u0131n\u0131<\/strong> ile <strong>sosyal sorumluluk ve etki odakl\u0131 etkinliklerini<\/strong>\r\n        tek bir stratejik \u00e7er\u00e7eve alt\u0131nda birle\u015ftirir.\r\n      <\/p>\r\n\r\n      <p class=\"ka2-card__text\">\r\n        Bu kapsamda; <strong>VizyonClub<\/strong>, <strong>EtkiClub<\/strong> ve kul\u00fcp b\u00fcnyesindeki t\u00fcm <strong>departmanlar<\/strong> ve \u00e7al\u0131\u015fma ekipleri,\r\n        Kariyer Atlas\u0131 Program\u0131\u2019n\u0131n <strong>eksiksiz ve s\u00fcrd\u00fcr\u00fclebilir<\/strong> bi\u00e7imde y\u00fcr\u00fct\u00fclmesini hedefleyen\r\n        tamamlay\u0131c\u0131 yap\u0131lar olarak faaliyet g\u00f6sterir.\r\n      <\/p>\r\n\r\n      <div class=\"ka2-tagrow\" aria-label=\"Birimler\">\r\n        <span class=\"ka2-tag\">E\u011fitim Departman\u0131<\/span>\r\n        <span class=\"ka2-tag\">Faaliyet Departman\u0131<\/span>\r\n        <span class=\"ka2-tag\">Malzeme Departman\u0131<\/span>\r\n        <span class=\"ka2-tag\">VizyonClub Komitesi<\/span>\r\n        <span class=\"ka2-tag\">EtkiClub Komitesi<\/span>\r\n      <\/div>\r\n    <\/article>\r\n\r\n    <!-- Sonu\u00e7 -->\r\n    <footer class=\"ka2-foot\">\r\n      <div class=\"ka2-foot__box\">\r\n        <div class=\"ka2-foot__icon\" aria-hidden=\"true\">\ud83c\udfaf<\/div>\r\n        <div class=\"ka2-foot__content\">\r\n          <h3 class=\"ka2-foot__title\">Sonu\u00e7<\/h3>\r\n          <p class=\"ka2-foot__text\">\r\n            Kariyer Atlas\u0131 Program\u0131,\r\nAtat\u00fcrk \u00dcniversitesi M\u00fchendislik Kariyer Kul\u00fcb\u00fc \u00fcyelerini,\r\nyaln\u0131zca etkinliklere kat\u0131lan bireyler olarak de\u011fil;\r\n            <strong>ger\u00e7ek deneyime dayal\u0131 ve planl\u0131 bir kariyer s\u00fcrecinin aktif par\u00e7as\u0131 <\/strong> olarak konumland\u0131ran\r\nkul\u00fcp yakla\u015f\u0131m\u0131n\u0131n temelini olu\u015fturmaktad\u0131r.\r\n          <\/p>\r\n        <\/div>\r\n      <\/div>\r\n    <\/footer>\r\n\r\n  <\/div>\r\n<\/section>\r\n\t\t\t\t<\/div>\n\t\t\t\t<\/div>\n\t\t\t\t\t<\/div>\n\t\t<\/div>\n\t\t\t\t\t<\/div>\n\t\t<\/section>\n\t\t\t\t<\/div>\n\t\t","protected":false},"excerpt":{"rendered":"<p>\ud83c\udf93 KAR\u0130YER ATLASI MODEL\u0130 Kariyer Geli\u015fimi \u0130\u00e7in Yap\u0131land\u0131r\u0131lm\u0131\u015f Kariyer Yol Haritas\u0131 Kariyer Atlas\u0131 Program\u0131, Atat\u00fcrk \u00dcniversitesi M\u00fchendislik Kariyer Kul\u00fcb\u00fc taraf\u0131ndan; m\u00fchendislik fak\u00fcltesi \u00f6\u011frencilerinin kariyer geli\u015fimini planl\u0131, s\u00fcrd\u00fcr\u00fclebilir ve \u00e7\u0131kt\u0131ya dayal\u0131 bir yap\u0131 i\u00e7erisinde desteklemek amac\u0131yla olu\u015fturulmu\u015f, \u00e7ok a\u015famal\u0131 bir kariyer geli\u015fim modelidir. Bu program, kul\u00fcp faaliyetlerini birbirinden ba\u011f\u0131ms\u0131z etkinlikler olarak de\u011fil; birbiriyle ba\u011flant\u0131l\u0131, stratejik bir [&hellip;]<\/p>\n","protected":false},"author":3,"featured_media":0,"parent":0,"menu_order":0,"comment_status":"closed","ping_status":"closed","template":"","meta":{"inline_featured_image":false,"footnotes":""},"class_list":["post-1963","page","type-page","status-publish","hentry"],"_links":{"self":[{"href":"https:\/\/kulupler.atauni.edu.tr\/muhendislik-kariyer-kulubu\/wp-json\/wp\/v2\/pages\/1963","targetHints":{"allow":["GET"]}}],"collection":[{"href":"https:\/\/kulupler.atauni.edu.tr\/muhendislik-kariyer-kulubu\/wp-json\/wp\/v2\/pages"}],"about":[{"href":"https:\/\/kulupler.atauni.edu.tr\/muhendislik-kariyer-kulubu\/wp-json\/wp\/v2\/types\/page"}],"author":[{"embeddable":true,"href":"https:\/\/kulupler.atauni.edu.tr\/muhendislik-kariyer-kulubu\/wp-json\/wp\/v2\/users\/3"}],"replies":[{"embeddable":true,"href":"https:\/\/kulupler.atauni.edu.tr\/muhendislik-kariyer-kulubu\/wp-json\/wp\/v2\/comments?post=1963"}],"version-history":[{"count":40,"href":"https:\/\/kulupler.atauni.edu.tr\/muhendislik-kariyer-kulubu\/wp-json\/wp\/v2\/pages\/1963\/revisions"}],"predecessor-version":[{"id":3136,"href":"https:\/\/kulupler.atauni.edu.tr\/muhendislik-kariyer-kulubu\/wp-json\/wp\/v2\/pages\/1963\/revisions\/3136"}],"wp:attachment":[{"href":"https:\/\/kulupler.atauni.edu.tr\/muhendislik-kariyer-kulubu\/wp-json\/wp\/v2\/media?parent=1963"}],"curies":[{"name":"wp","href":"https:\/\/api.w.org\/{rel}","templated":true}]}}