{"id":2749,"date":"2026-03-05T19:05:01","date_gmt":"2026-03-05T16:05:01","guid":{"rendered":"https:\/\/kulupler.atauni.edu.tr\/muhendislik-kariyer-kulubu\/?page_id=2749"},"modified":"2026-04-01T12:00:33","modified_gmt":"2026-04-01T09:00:33","slug":"kariyer-atlasi-sahada","status":"publish","type":"page","link":"https:\/\/kulupler.atauni.edu.tr\/muhendislik-kariyer-kulubu\/kariyer-atlasi\/kariyer-atlasi-sahada\/","title":{"rendered":"Kariyer Atlas\u0131 | Sahada"},"content":{"rendered":"\t\t<div data-elementor-type=\"wp-page\" data-elementor-id=\"2749\" class=\"elementor elementor-2749\" data-elementor-post-type=\"page\">\n\t\t\t\t\t\t<section class=\"elementor-section elementor-top-section elementor-element elementor-element-a223ed8 elementor-section-boxed elementor-section-height-default elementor-section-height-default\" data-id=\"a223ed8\" data-element_type=\"section\">\n\t\t\t\t\t\t<div class=\"elementor-container elementor-column-gap-default\">\n\t\t\t\t\t<div class=\"elementor-column elementor-col-100 elementor-top-column elementor-element elementor-element-bb9400d\" data-id=\"bb9400d\" data-element_type=\"column\">\n\t\t\t<div class=\"elementor-widget-wrap elementor-element-populated\">\n\t\t\t\t\t\t<div class=\"elementor-element elementor-element-a7f8975 elementor-widget elementor-widget-image\" data-id=\"a7f8975\" data-element_type=\"widget\" data-widget_type=\"image.default\">\n\t\t\t\t<div class=\"elementor-widget-container\">\n\t\t\t\t\t\t\t\t\t\t\t\t\t\t\t<img fetchpriority=\"high\" decoding=\"async\" width=\"300\" height=\"200\" src=\"https:\/\/kulupler.atauni.edu.tr\/muhendislik-kariyer-kulubu\/wp-content\/uploads\/sites\/178\/2025\/11\/logo_Planora-300x200.png\" class=\"attachment-medium size-medium wp-image-1392\" alt=\"\" srcset=\"https:\/\/kulupler.atauni.edu.tr\/muhendislik-kariyer-kulubu\/wp-content\/uploads\/sites\/178\/2025\/11\/logo_Planora-300x200.png 300w, https:\/\/kulupler.atauni.edu.tr\/muhendislik-kariyer-kulubu\/wp-content\/uploads\/sites\/178\/2025\/11\/logo_Planora.png 691w\" sizes=\"(max-width: 300px) 100vw, 300px\" \/>\t\t\t\t\t\t\t\t\t\t\t\t\t\t\t<\/div>\n\t\t\t\t<\/div>\n\t\t\t\t\t<\/div>\n\t\t<\/div>\n\t\t\t\t\t<\/div>\n\t\t<\/section>\n\t\t\t\t<section class=\"elementor-section elementor-top-section elementor-element elementor-element-cb10806 elementor-section-boxed elementor-section-height-default elementor-section-height-default\" data-id=\"cb10806\" data-element_type=\"section\">\n\t\t\t\t\t\t<div class=\"elementor-container elementor-column-gap-default\">\n\t\t\t\t\t<div class=\"elementor-column elementor-col-100 elementor-top-column elementor-element elementor-element-0766d54\" data-id=\"0766d54\" data-element_type=\"column\">\n\t\t\t<div class=\"elementor-widget-wrap elementor-element-populated\">\n\t\t\t\t\t\t<div class=\"elementor-element elementor-element-c5a0139 elementor-widget elementor-widget-html\" data-id=\"c5a0139\" data-element_type=\"widget\" data-widget_type=\"html.default\">\n\t\t\t\t<div class=\"elementor-widget-container\">\n\t\t\t\t\t<div class=\"tg-wrap\">\r\n  <div class=\"tg-head\">\r\n    <div class=\"tg-title\">Geleneksel Teknik Gezilerimiz<\/div>\r\n    <div class=\"tg-sub\">Kariyer Atlas\u0131 | Sahada<\/div>\r\n  <\/div>\r\n  <div class=\"tg-table-wrap\">\r\n    <table class=\"tg-table\">\r\n      <thead><tr><th style=\"width:190px\">Tarih<\/th><th>Teknik Gezi<\/th><\/tr><\/thead>\r\n      <tbody>\r\n        <tr>\r\n          <td class=\"tg-date\">11.05.2026\u201313.05.2026<\/td>\r\n          <td class=\"tg-name\"><a class=\"tg-link\" href=\"https:\/\/kulupler.atauni.edu.tr\/muhendislik-kariyer-kulubu\/blog\/teknik-gezi-kariyer-atlasi-sahada-11-05-2026-13-05-2026\/\" target=\"_self\" rel=\"noopener\">Kariyer Atlas\u0131 Sahada \u2014 Elaz\u0131\u011f \u2192 Hatay Teknik Gezisi (11.05.2026\u201313.05.2026) | Eti Krom Elaz\u0131\u011f Ferro Krom Tesisi &amp; \u0130skenderun Demir ve \u00c7elik A.\u015e.<\/a><\/td>\r\n        <\/tr>\r\n      <\/tbody>\r\n    <\/table>\r\n  <\/div>\r\n<\/div>\t\t\t\t<\/div>\n\t\t\t\t<\/div>\n\t\t\t\t\t<\/div>\n\t\t<\/div>\n\t\t\t\t\t<\/div>\n\t\t<\/section>\n\t\t\t\t<\/div>\n\t\t","protected":false},"excerpt":{"rendered":"<p>Geleneksel Teknik Gezilerimiz Kariyer Atlas\u0131 | Sahada Tarih Teknik Gezi 11.05.2026\u201313.05.2026 Kariyer Atlas\u0131 Sahada \u2014 Elaz\u0131\u011f \u2192 Hatay Teknik Gezisi (11.05.2026\u201313.05.2026) | Eti Krom Elaz\u0131\u011f Ferro Krom Tesisi &amp; \u0130skenderun Demir ve \u00c7elik A.\u015e.<\/p>\n","protected":false},"author":3,"featured_media":0,"parent":1963,"menu_order":0,"comment_status":"closed","ping_status":"closed","template":"","meta":{"inline_featured_image":false,"footnotes":""},"class_list":["post-2749","page","type-page","status-publish","hentry"],"_links":{"self":[{"href":"https:\/\/kulupler.atauni.edu.tr\/muhendislik-kariyer-kulubu\/wp-json\/wp\/v2\/pages\/2749","targetHints":{"allow":["GET"]}}],"collection":[{"href":"https:\/\/kulupler.atauni.edu.tr\/muhendislik-kariyer-kulubu\/wp-json\/wp\/v2\/pages"}],"about":[{"href":"https:\/\/kulupler.atauni.edu.tr\/muhendislik-kariyer-kulubu\/wp-json\/wp\/v2\/types\/page"}],"author":[{"embeddable":true,"href":"https:\/\/kulupler.atauni.edu.tr\/muhendislik-kariyer-kulubu\/wp-json\/wp\/v2\/users\/3"}],"replies":[{"embeddable":true,"href":"https:\/\/kulupler.atauni.edu.tr\/muhendislik-kariyer-kulubu\/wp-json\/wp\/v2\/comments?post=2749"}],"version-history":[{"count":25,"href":"https:\/\/kulupler.atauni.edu.tr\/muhendislik-kariyer-kulubu\/wp-json\/wp\/v2\/pages\/2749\/revisions"}],"predecessor-version":[{"id":3238,"href":"https:\/\/kulupler.atauni.edu.tr\/muhendislik-kariyer-kulubu\/wp-json\/wp\/v2\/pages\/2749\/revisions\/3238"}],"up":[{"embeddable":true,"href":"https:\/\/kulupler.atauni.edu.tr\/muhendislik-kariyer-kulubu\/wp-json\/wp\/v2\/pages\/1963"}],"wp:attachment":[{"href":"https:\/\/kulupler.atauni.edu.tr\/muhendislik-kariyer-kulubu\/wp-json\/wp\/v2\/media?parent=2749"}],"curies":[{"name":"wp","href":"https:\/\/api.w.org\/{rel}","templated":true}]}}