{"id":2799,"date":"2026-03-07T01:32:20","date_gmt":"2026-03-06T22:32:20","guid":{"rendered":"https:\/\/kulupler.atauni.edu.tr\/muhendislik-kariyer-kulubu\/?page_id=2799"},"modified":"2026-03-09T10:11:27","modified_gmt":"2026-03-09T07:11:27","slug":"kariyer-atlasi-kesif","status":"publish","type":"page","link":"https:\/\/kulupler.atauni.edu.tr\/muhendislik-kariyer-kulubu\/kariyer-atlasi\/kariyer-atlasi-kesif\/","title":{"rendered":"Kariyer Atlas\u0131 | Ke\u015fif"},"content":{"rendered":"\t\t<div data-elementor-type=\"wp-page\" data-elementor-id=\"2799\" class=\"elementor elementor-2799\" data-elementor-post-type=\"page\">\n\t\t\t\t\t\t<section class=\"elementor-section elementor-top-section elementor-element elementor-element-b8918e6 elementor-section-boxed elementor-section-height-default elementor-section-height-default\" data-id=\"b8918e6\" data-element_type=\"section\">\n\t\t\t\t\t\t<div class=\"elementor-container elementor-column-gap-default\">\n\t\t\t\t\t<div class=\"elementor-column elementor-col-100 elementor-top-column elementor-element elementor-element-6ecdfad\" data-id=\"6ecdfad\" data-element_type=\"column\">\n\t\t\t<div class=\"elementor-widget-wrap elementor-element-populated\">\n\t\t\t\t\t\t<div class=\"elementor-element elementor-element-9820670 elementor-widget elementor-widget-image\" data-id=\"9820670\" data-element_type=\"widget\" data-widget_type=\"image.default\">\n\t\t\t\t<div class=\"elementor-widget-container\">\n\t\t\t\t\t\t\t\t\t\t\t\t\t\t\t<img fetchpriority=\"high\" decoding=\"async\" width=\"300\" height=\"178\" src=\"https:\/\/kulupler.atauni.edu.tr\/muhendislik-kariyer-kulubu\/wp-content\/uploads\/sites\/178\/2025\/11\/logo-LearnHub-300x178.png\" class=\"attachment-medium size-medium wp-image-661\" alt=\"\" srcset=\"https:\/\/kulupler.atauni.edu.tr\/muhendislik-kariyer-kulubu\/wp-content\/uploads\/sites\/178\/2025\/11\/logo-LearnHub-300x178.png 300w, https:\/\/kulupler.atauni.edu.tr\/muhendislik-kariyer-kulubu\/wp-content\/uploads\/sites\/178\/2025\/11\/logo-LearnHub-1024x606.png 1024w, https:\/\/kulupler.atauni.edu.tr\/muhendislik-kariyer-kulubu\/wp-content\/uploads\/sites\/178\/2025\/11\/logo-LearnHub-768x454.png 768w, https:\/\/kulupler.atauni.edu.tr\/muhendislik-kariyer-kulubu\/wp-content\/uploads\/sites\/178\/2025\/11\/logo-LearnHub.png 1215w\" sizes=\"(max-width: 300px) 100vw, 300px\" \/>\t\t\t\t\t\t\t\t\t\t\t\t\t\t\t<\/div>\n\t\t\t\t<\/div>\n\t\t\t\t\t<\/div>\n\t\t<\/div>\n\t\t\t\t\t<\/div>\n\t\t<\/section>\n\t\t\t\t<section class=\"elementor-section elementor-top-section elementor-element elementor-element-b9fa4d0 elementor-section-boxed elementor-section-height-default elementor-section-height-default\" data-id=\"b9fa4d0\" data-element_type=\"section\">\n\t\t\t\t\t\t<div class=\"elementor-container elementor-column-gap-default\">\n\t\t\t\t\t<div class=\"elementor-column elementor-col-100 elementor-top-column elementor-element elementor-element-1feda77\" data-id=\"1feda77\" data-element_type=\"column\">\n\t\t\t<div class=\"elementor-widget-wrap elementor-element-populated\">\n\t\t\t\t\t\t<div class=\"elementor-element elementor-element-c14b7f1 elementor-widget elementor-widget-html\" data-id=\"c14b7f1\" data-element_type=\"widget\" data-widget_type=\"html.default\">\n\t\t\t\t<div class=\"elementor-widget-container\">\n\t\t\t\t\t<div class=\"ka-kesif-wrap\">\r\n  <div class=\"ka-kesif-hero\">\r\n    <div class=\"ka-kesif-badge\">\r\n      <span class=\"ka-dot\"><\/span>\r\n      <span>Kariyer Atlas\u0131 | Ke\u015fif<\/span>\r\n    <\/div>\r\n\r\n    <h2 class=\"ka-kesif-title\">E\u011fitim Mod\u00fclleri<\/h2>\r\n\r\n    <p class=\"ka-kesif-text\">\r\n      <b>Kariyer Atlas\u0131 | Ke\u015fif<\/b> program\u0131 kapsam\u0131nda haz\u0131rlanan e\u011fitim mod\u00fclleri, \u00f6\u011frencilerin ilgi alanlar\u0131n\u0131, yetkinliklerini ve kariyer y\u00f6nelimlerini daha yak\u0131ndan tan\u0131malar\u0131n\u0131; <b>teknik gezi s\u00fcrecine<\/b> bilin\u00e7li ve haz\u0131rl\u0131kl\u0131 \u015fekilde kat\u0131lmalar\u0131n\u0131; kariyer fark\u0131ndal\u0131klar\u0131n\u0131 art\u0131rmalar\u0131n\u0131 ve sekt\u00f6rel geli\u015fimlerine yap\u0131land\u0131r\u0131lm\u0131\u015f i\u00e7eriklerle destek sa\u011flanmas\u0131n\u0131 ama\u00e7lamaktad\u0131r.\r\n    <\/p>\r\n  <\/div>\r\n\r\n  <div class=\"ka-modul-grid\">\r\n\r\n\r\n\r\n\r\n\r\n\r\n    <a href=\"https:\/\/kulupler.atauni.edu.tr\/muhendislik-kariyer-kulubu\/wp-content\/uploads\/sites\/178\/2026\/03\/LINKEDIN_PROFILI_OLUSTURMA.pptx__03-08-02_38.mp4\" class=\"ka-modul-card\" target=\"_blank\" rel=\"noopener\">\r\n      <span class=\"ka-modul-icon\">\u25b6<\/span>\r\n      <span class=\"ka-modul-content\">\r\n        <span class=\"ka-modul-label\">E\u011fitim Mod\u00fcl\u00fc<\/span>\r\n        <span class=\"ka-modul-sub\">LinkedIn Profili Olu\u015fturma videosu<\/span>\r\n      <\/span>\r\n    <\/a>\r\n\r\n   \r\n   \r\n   \r\n   \r\n\r\n   \r\n   \r\n    \r\n<\/div>\t\t\t\t<\/div>\n\t\t\t\t<\/div>\n\t\t\t\t\t<\/div>\n\t\t<\/div>\n\t\t\t\t\t<\/div>\n\t\t<\/section>\n\t\t\t\t<\/div>\n\t\t","protected":false},"excerpt":{"rendered":"<p>Kariyer Atlas\u0131 | Ke\u015fif E\u011fitim Mod\u00fclleri Kariyer Atlas\u0131 | Ke\u015fif program\u0131 kapsam\u0131nda haz\u0131rlanan e\u011fitim mod\u00fclleri, \u00f6\u011frencilerin ilgi alanlar\u0131n\u0131, yetkinliklerini ve kariyer y\u00f6nelimlerini daha yak\u0131ndan tan\u0131malar\u0131n\u0131; teknik gezi s\u00fcrecine bilin\u00e7li ve haz\u0131rl\u0131kl\u0131 \u015fekilde kat\u0131lmalar\u0131n\u0131; kariyer fark\u0131ndal\u0131klar\u0131n\u0131 art\u0131rmalar\u0131n\u0131 ve sekt\u00f6rel geli\u015fimlerine yap\u0131land\u0131r\u0131lm\u0131\u015f i\u00e7eriklerle destek sa\u011flanmas\u0131n\u0131 ama\u00e7lamaktad\u0131r. \u25b6 E\u011fitim Mod\u00fcl\u00fc LinkedIn Profili Olu\u015fturma videosu<\/p>\n","protected":false},"author":3,"featured_media":0,"parent":1963,"menu_order":0,"comment_status":"closed","ping_status":"closed","template":"","meta":{"inline_featured_image":false,"footnotes":""},"class_list":["post-2799","page","type-page","status-publish","hentry"],"_links":{"self":[{"href":"https:\/\/kulupler.atauni.edu.tr\/muhendislik-kariyer-kulubu\/wp-json\/wp\/v2\/pages\/2799","targetHints":{"allow":["GET"]}}],"collection":[{"href":"https:\/\/kulupler.atauni.edu.tr\/muhendislik-kariyer-kulubu\/wp-json\/wp\/v2\/pages"}],"about":[{"href":"https:\/\/kulupler.atauni.edu.tr\/muhendislik-kariyer-kulubu\/wp-json\/wp\/v2\/types\/page"}],"author":[{"embeddable":true,"href":"https:\/\/kulupler.atauni.edu.tr\/muhendislik-kariyer-kulubu\/wp-json\/wp\/v2\/users\/3"}],"replies":[{"embeddable":true,"href":"https:\/\/kulupler.atauni.edu.tr\/muhendislik-kariyer-kulubu\/wp-json\/wp\/v2\/comments?post=2799"}],"version-history":[{"count":103,"href":"https:\/\/kulupler.atauni.edu.tr\/muhendislik-kariyer-kulubu\/wp-json\/wp\/v2\/pages\/2799\/revisions"}],"predecessor-version":[{"id":3085,"href":"https:\/\/kulupler.atauni.edu.tr\/muhendislik-kariyer-kulubu\/wp-json\/wp\/v2\/pages\/2799\/revisions\/3085"}],"up":[{"embeddable":true,"href":"https:\/\/kulupler.atauni.edu.tr\/muhendislik-kariyer-kulubu\/wp-json\/wp\/v2\/pages\/1963"}],"wp:attachment":[{"href":"https:\/\/kulupler.atauni.edu.tr\/muhendislik-kariyer-kulubu\/wp-json\/wp\/v2\/media?parent=2799"}],"curies":[{"name":"wp","href":"https:\/\/api.w.org\/{rel}","templated":true}]}}