{"id":2818,"date":"2026-03-07T01:49:07","date_gmt":"2026-03-06T22:49:07","guid":{"rendered":"https:\/\/kulupler.atauni.edu.tr\/muhendislik-kariyer-kulubu\/?page_id=2818"},"modified":"2026-03-09T12:07:11","modified_gmt":"2026-03-09T09:07:11","slug":"kariyer-atlasi-perspektif","status":"publish","type":"page","link":"https:\/\/kulupler.atauni.edu.tr\/muhendislik-kariyer-kulubu\/kariyer-atlasi\/kariyer-atlasi-perspektif\/","title":{"rendered":"Kariyer Atlas\u0131 | Perspektif"},"content":{"rendered":"\t\t<div data-elementor-type=\"wp-page\" data-elementor-id=\"2818\" class=\"elementor elementor-2818\" data-elementor-post-type=\"page\">\n\t\t\t\t\t\t<section class=\"elementor-section elementor-top-section elementor-element elementor-element-bf96822 elementor-section-boxed elementor-section-height-default elementor-section-height-default\" data-id=\"bf96822\" data-element_type=\"section\">\n\t\t\t\t\t\t<div class=\"elementor-container elementor-column-gap-default\">\n\t\t\t\t\t<div class=\"elementor-column elementor-col-100 elementor-top-column elementor-element elementor-element-f96b232\" data-id=\"f96b232\" data-element_type=\"column\">\n\t\t\t<div class=\"elementor-widget-wrap elementor-element-populated\">\n\t\t\t\t\t\t<div class=\"elementor-element elementor-element-8bbbf7f elementor-widget elementor-widget-image\" data-id=\"8bbbf7f\" data-element_type=\"widget\" data-widget_type=\"image.default\">\n\t\t\t\t<div class=\"elementor-widget-container\">\n\t\t\t\t\t\t\t\t\t\t\t\t\t\t\t<img fetchpriority=\"high\" decoding=\"async\" width=\"300\" height=\"229\" src=\"https:\/\/kulupler.atauni.edu.tr\/muhendislik-kariyer-kulubu\/wp-content\/uploads\/sites\/178\/2025\/11\/Metalhane-Logo-300x229.png\" class=\"attachment-medium size-medium wp-image-658\" alt=\"\" srcset=\"https:\/\/kulupler.atauni.edu.tr\/muhendislik-kariyer-kulubu\/wp-content\/uploads\/sites\/178\/2025\/11\/Metalhane-Logo-300x229.png 300w, https:\/\/kulupler.atauni.edu.tr\/muhendislik-kariyer-kulubu\/wp-content\/uploads\/sites\/178\/2025\/11\/Metalhane-Logo.png 613w\" sizes=\"(max-width: 300px) 100vw, 300px\" \/>\t\t\t\t\t\t\t\t\t\t\t\t\t\t\t<\/div>\n\t\t\t\t<\/div>\n\t\t\t\t\t<\/div>\n\t\t<\/div>\n\t\t\t\t\t<\/div>\n\t\t<\/section>\n\t\t\t\t<section class=\"elementor-section elementor-top-section elementor-element elementor-element-1c74be8 elementor-section-boxed elementor-section-height-default elementor-section-height-default\" data-id=\"1c74be8\" data-element_type=\"section\">\n\t\t\t\t\t\t<div class=\"elementor-container elementor-column-gap-default\">\n\t\t\t\t\t<div class=\"elementor-column elementor-col-100 elementor-top-column elementor-element elementor-element-b0f43ad\" data-id=\"b0f43ad\" data-element_type=\"column\">\n\t\t\t<div class=\"elementor-widget-wrap elementor-element-populated\">\n\t\t\t\t\t\t<div class=\"elementor-element elementor-element-8b72f47 elementor-widget elementor-widget-html\" data-id=\"8b72f47\" data-element_type=\"widget\" data-widget_type=\"html.default\">\n\t\t\t\t<div class=\"elementor-widget-container\">\n\t\t\t\t\t<section class=\"mh-arsiv\">\r\n  \r\n    <div class=\"mh-arsiv__card\">\r\n    <div class=\"mh-arsiv__head\">\r\n      <div class=\"mh-arsiv__meta\">\r\n        <div class=\"mh-arsiv__kicker\">Metalhane Dergisi \u2022 Nostalji Say\u0131lar\u0131 \u2022 Ar\u015fivden<\/div>\r\n        <h3 class=\"mh-arsiv__title\">Say\u0131 2<\/h3>\r\n        <div class=\"mh-arsiv__date\">Yay\u0131n Tarihi: Ocak 2015<\/div>\r\n      <\/div>\r\n\r\n      <a class=\"mh-arsiv__open\" href=\"https:\/\/www.yumpu.com\/tr\/embed\/view\/h9RqpfS4DsmIgOej\" target=\"_blank\" rel=\"noopener\">\r\n        Yeni sekmede a\u00e7\r\n      <\/a>\r\n    <\/div>\r\n<\/div><br>\r\n\r\n  \r\n  \r\n  <div class=\"mh-arsiv__card\">\r\n    <div class=\"mh-arsiv__head\">\r\n      <div class=\"mh-arsiv__meta\">\r\n        <div class=\"mh-arsiv__kicker\">Metalhane Dergisi \u2022 Nostalji Say\u0131lar\u0131 \u2022 Ar\u015fivden<\/div>\r\n        <h3 class=\"mh-arsiv__title\">Say\u0131 1<\/h3>\r\n        <div class=\"mh-arsiv__date\">Yay\u0131n Tarihi: Haziran 2014<\/div>\r\n      <\/div>\r\n\r\n      <a class=\"mh-arsiv__open\" href=\"https:\/\/www.yumpu.com\/tr\/embed\/view\/VW0IZ2PsDRrJ6HUp\" target=\"_blank\" rel=\"noopener\">\r\n        Yeni sekmede a\u00e7\r\n      <\/a>\r\n    <\/div>\r\n  <\/div><br>\r\n  \r\n  \r\n<\/section>\r\n\t\t\t\t<\/div>\n\t\t\t\t<\/div>\n\t\t\t\t\t<\/div>\n\t\t<\/div>\n\t\t\t\t\t<\/div>\n\t\t<\/section>\n\t\t\t\t<\/div>\n\t\t","protected":false},"excerpt":{"rendered":"<p>Metalhane Dergisi \u2022 Nostalji Say\u0131lar\u0131 \u2022 Ar\u015fivden Say\u0131 2 Yay\u0131n Tarihi: Ocak 2015 Yeni sekmede a\u00e7 Metalhane Dergisi \u2022 Nostalji Say\u0131lar\u0131 \u2022 Ar\u015fivden Say\u0131 1 Yay\u0131n Tarihi: Haziran 2014 Yeni sekmede a\u00e7<\/p>\n","protected":false},"author":3,"featured_media":0,"parent":1963,"menu_order":0,"comment_status":"closed","ping_status":"closed","template":"","meta":{"inline_featured_image":false,"footnotes":""},"class_list":["post-2818","page","type-page","status-publish","hentry"],"_links":{"self":[{"href":"https:\/\/kulupler.atauni.edu.tr\/muhendislik-kariyer-kulubu\/wp-json\/wp\/v2\/pages\/2818","targetHints":{"allow":["GET"]}}],"collection":[{"href":"https:\/\/kulupler.atauni.edu.tr\/muhendislik-kariyer-kulubu\/wp-json\/wp\/v2\/pages"}],"about":[{"href":"https:\/\/kulupler.atauni.edu.tr\/muhendislik-kariyer-kulubu\/wp-json\/wp\/v2\/types\/page"}],"author":[{"embeddable":true,"href":"https:\/\/kulupler.atauni.edu.tr\/muhendislik-kariyer-kulubu\/wp-json\/wp\/v2\/users\/3"}],"replies":[{"embeddable":true,"href":"https:\/\/kulupler.atauni.edu.tr\/muhendislik-kariyer-kulubu\/wp-json\/wp\/v2\/comments?post=2818"}],"version-history":[{"count":17,"href":"https:\/\/kulupler.atauni.edu.tr\/muhendislik-kariyer-kulubu\/wp-json\/wp\/v2\/pages\/2818\/revisions"}],"predecessor-version":[{"id":3130,"href":"https:\/\/kulupler.atauni.edu.tr\/muhendislik-kariyer-kulubu\/wp-json\/wp\/v2\/pages\/2818\/revisions\/3130"}],"up":[{"embeddable":true,"href":"https:\/\/kulupler.atauni.edu.tr\/muhendislik-kariyer-kulubu\/wp-json\/wp\/v2\/pages\/1963"}],"wp:attachment":[{"href":"https:\/\/kulupler.atauni.edu.tr\/muhendislik-kariyer-kulubu\/wp-json\/wp\/v2\/media?parent=2818"}],"curies":[{"name":"wp","href":"https:\/\/api.w.org\/{rel}","templated":true}]}}