{"id":495,"date":"2025-11-10T20:47:07","date_gmt":"2025-11-10T17:47:07","guid":{"rendered":"https:\/\/kulupler.atauni.edu.tr\/muhendislik-kariyer-kulubu\/?page_id=495"},"modified":"2026-03-09T09:03:24","modified_gmt":"2026-03-09T06:03:24","slug":"departman-faaliyet","status":"publish","type":"page","link":"https:\/\/kulupler.atauni.edu.tr\/muhendislik-kariyer-kulubu\/departmanlar\/departman-faaliyet\/","title":{"rendered":"Departman | Faaliyet"},"content":{"rendered":"\t\t<div data-elementor-type=\"wp-page\" data-elementor-id=\"495\" class=\"elementor elementor-495\" data-elementor-post-type=\"page\">\n\t\t\t\t\t\t<section class=\"elementor-section elementor-top-section elementor-element elementor-element-87cf101 elementor-section-boxed elementor-section-height-default elementor-section-height-default\" data-id=\"87cf101\" data-element_type=\"section\">\n\t\t\t\t\t\t<div class=\"elementor-container elementor-column-gap-default\">\n\t\t\t\t\t<div class=\"elementor-column elementor-col-100 elementor-top-column elementor-element elementor-element-ec46c83\" data-id=\"ec46c83\" data-element_type=\"column\">\n\t\t\t<div class=\"elementor-widget-wrap elementor-element-populated\">\n\t\t\t\t\t\t<div class=\"elementor-element elementor-element-9d05476 elementor-widget elementor-widget-html\" data-id=\"9d05476\" data-element_type=\"widget\" data-widget_type=\"html.default\">\n\t\t\t\t<div class=\"elementor-widget-container\">\n\t\t\t\t\t<section class=\"act-dept\">\r\n  <div class=\"act-container\">\r\n    <header class=\"act-hero\">\r\n     \r\n      <h2 class=\"act-title\">Faaliyet Departman\u0131\r\n      <\/h2>\r\n      <p class=\"act-lead\">\r\n        Uygulamal\u0131 deneyim ve toplumsal etki odakl\u0131 iki temel yap\u0131<P><strong>RotaK\u00e2\u015fif<\/strong> ve <strong>SosyalRota<\/strong>.<\/P> \r\n      <\/p>\r\n      <p class=\"act-lead\">\r\n        Bu departman, RotaK\u00e2\u015fif ile m\u00fchendislik \u00f6\u011frencilerinin sekt\u00f6r\u00fc yerinde tan\u0131mas\u0131n\u0131 ve SosyalRota ile topluma de\u011fer katan projelerde aktif rol\r\n        almas\u0131n\u0131 sa\u011flayan uygulama odakl\u0131 bir organizasyon yap\u0131s\u0131d\u0131r.\r\n      <\/p>\r\n    <\/header>\r\n\r\n    <div class=\"act-grid\">\r\n      <!-- RotaKe\u015fif -->\r\n      <article class=\"act-card act-card--blue\">\r\n        <div class=\"act-card__head\">\r\n          <div class=\"act-badge\">\r\n            <span class=\"act-badge__icon\" aria-hidden=\"true\">\ud83d\udd35<\/span>\r\n            <span class=\"act-badge__text\">RotaK\u00e2\u015fif<\/span>\r\n          <\/div>\r\n          <p class=\"act-slogan\">Sekt\u00f6r\u00fc yerinde tan\u0131, deneyimle \u00f6\u011fren.<\/p>\r\n          \r\n        <\/div>\r\n\r\n        <div class=\"act-card__body\">\r\n          <p>\r\n            RotaK\u00e2\u015fif, m\u00fchendislik \u00f6\u011frencilerinin \u00fcretim s\u00fcre\u00e7lerini yerinde g\u00f6zlemlemelerini ve sekt\u00f6r\u00fc do\u011frudan\r\n            deneyimlemelerini sa\u011flamak amac\u0131yla teknik gezi ve saha inceleme programlar\u0131n\u0131 planlayan ve y\u00fcr\u00fcten birimdir.\r\n          <\/p>\r\n          <p>\r\n            Bu birim, \u00fcniversite\u2013sanayi etkile\u015fimini g\u00fc\u00e7lendirmeyi ve \u00f6\u011frencilerin mesleki perspektiflerini saha deneyimi\r\n            ile geli\u015ftirmeyi hedefler.\r\n          <\/p>\r\n          \r\n<p class=\"edu-strong\">\r\n            RotaK\u00e2\u015fif, planl\u0131 teknik gezi programlar\u0131 ile \u00f6\u011frencilerin saha deneyimini art\u0131r\u0131r.\r\n          <\/p>\r\n          \r\n          \r\n\r\n          <div class=\"act-section\">\r\n  <h3 class=\"act-h3\">Faaliyet Alanlar\u0131<\/h3>\r\n\r\n  <ul class=\"act-list\">\r\n    <li>\r\n      Kariyer Atlas\u0131 | Sahada Program\u0131 <strong>- 2. A\u015fama<\/strong>\r\n      <ul class=\"act-sublist\">\r\n        <li>Tesis ve fabrika teknik gezileri<\/li>\r\n        <li>Saha inceleme ve yerinde g\u00f6zlem programlar\u0131<\/li>\r\n      <\/ul>\r\n    <\/li>\r\n\r\n   \r\n    <li>\u00dcretim s\u00fcre\u00e7lerinin tan\u0131t\u0131m\u0131<\/li>\r\n    <li>Kurumsal ziyaret planlama ve koordinasyonu<\/li>\r\n  <\/ul>\r\n<\/div>\r\n\r\n          <div class=\"act-split\">\r\n            <div class=\"act-mini\">\r\n              <h3 class=\"act-h3\">\ud83c\udfaf Vizyon<\/h3>\r\n              <p>\r\n                M\u00fchendislik \u00f6\u011frencilerinin sekt\u00f6rle do\u011frudan temas kurmas\u0131n\u0131 sa\u011flayan, \u00fcniversite\u2013sanayi i\u015f birli\u011finde\r\n                \u00f6rnek g\u00f6sterilen s\u00fcrd\u00fcr\u00fclebilir bir saha deneyimi modeli olu\u015fturmak.\r\n              <\/p>\r\n            <\/div>\r\n            <div class=\"act-mini\">\r\n              <h3 class=\"act-h3\">\ud83c\udfaf Misyon<\/h3>\r\n              <p>\r\n                Planl\u0131 ve sistemli teknik gezi programlar\u0131 arac\u0131l\u0131\u011f\u0131yla \u00f6\u011frencilerin teknik fark\u0131ndal\u0131klar\u0131n\u0131 art\u0131rmak,\r\n                mesleki bak\u0131\u015f a\u00e7\u0131lar\u0131n\u0131 geli\u015ftirmek ve uygulamal\u0131 deneyim kazanmalar\u0131n\u0131 desteklemek.\r\n              <\/p>\r\n            <\/div>\r\n          <\/div>\r\n        <\/div>\r\n      <\/article>\r\n\r\n      <!-- SosyalRota -->\r\n      <article class=\"act-card act-card--purple\">\r\n        <div class=\"act-card__head\">\r\n          <div class=\"act-badge\">\r\n            <span class=\"act-badge__icon\" aria-hidden=\"true\">\ud83d\udfe3<\/span>\r\n            <span class=\"act-badge__text\">SosyalRota<\/span>\r\n          <\/div>\r\n          <p class=\"act-slogan\">Topluma de\u011fer katar, etki olu\u015fturur.<\/p>\r\n         \r\n        <\/div>\r\n\r\n        <div class=\"act-card__body\">\r\n          <p>\r\n            SosyalRota, \u00f6\u011frencilerin sosyal sorumluluk bilincini geli\u015ftirmek ve toplumsal fayda \u00fcreten projelerde aktif\r\n            rol almalar\u0131n\u0131 sa\u011flamak amac\u0131yla faaliyet g\u00f6steren birimdir.\r\n          <\/p>\r\n          <p>\r\n            Bu yap\u0131, \u00fcniversite ile toplum aras\u0131nda s\u00fcrd\u00fcr\u00fclebilir bir etkile\u015fim zemini olu\u015fturmay\u0131 ve sosyal etki odakl\u0131\r\n            projeler geli\u015ftirmeyi hedefler.\r\n          <\/p>\r\n          \r\n          \r\n          <p class=\"edu-strong\">\r\n            SosyalRota, sosyal sorumluluk projeleri arac\u0131l\u0131\u011f\u0131yla \u00f6\u011frencilerin toplumsal duyarl\u0131l\u0131\u011f\u0131n\u0131 geli\u015ftirir.\r\n          <\/p>\r\n\r\n          <div class=\"act-section\">\r\n            <h3 class=\"act-h3\">Faaliyet Alanlar\u0131<\/h3>\r\n            <ul class=\"act-list\">\r\n              <li>Sosyal sorumluluk projeleri<\/li>\r\n              <li>Toplumsal fark\u0131ndal\u0131k \u00e7al\u0131\u015fmalar\u0131<\/li>\r\n              <li>G\u00f6n\u00fcll\u00fcl\u00fck programlar\u0131<\/li>\r\n              <li>STK ve payda\u015f i\u015f birlikleri<\/li>\r\n            <\/ul>\r\n          <\/div>\r\n\r\n          <div class=\"act-split\">\r\n            <div class=\"act-mini\">\r\n              <h3 class=\"act-h3\">\ud83c\udfaf Vizyon<\/h3>\r\n              <p>\r\n                \u00dcniversite\u2013toplum i\u015f birli\u011fini g\u00fc\u00e7lendiren ve s\u00fcrd\u00fcr\u00fclebilir sosyal etki projeleri ile \u00f6rnek bir toplumsal\r\n                katk\u0131 modeli olu\u015fturmak.\r\n              <\/p>\r\n            <\/div>\r\n            <div class=\"act-mini\">\r\n              <h3 class=\"act-h3\">\ud83c\udfaf Misyon<\/h3>\r\n              <p>\r\n                Toplumsal fayda sa\u011flayan etkinlikler d\u00fczenleyerek \u00f6\u011frencilerin sosyal duyarl\u0131l\u0131\u011f\u0131n\u0131 art\u0131rmak, sorumluluk\r\n                bilincini geli\u015ftirmek ve kal\u0131c\u0131 sosyal etki \u00fcretmek.\r\n              <\/p>\r\n            <\/div>\r\n          <\/div>\r\n        <\/div>\r\n      <\/article>\r\n    <\/div>\r\n\r\n    <footer class=\"act-footer\">\r\n      <div class=\"act-divider\" aria-hidden=\"true\"><\/div>\r\n      <p class=\"act-note\">\r\n      RotaK\u00e2\u015fif saha ve teknik gezi programlar\u0131n\u0131 y\u00fcr\u00fct\u00fcr; SosyalRota sosyal sorumluluk ve\r\n        toplumsal etki projelerini geli\u015ftirir.\r\n      <\/p>\r\n    <\/footer>\r\n  <\/div>\r\n<\/section>\t\t\t\t<\/div>\n\t\t\t\t<\/div>\n\t\t\t\t\t<\/div>\n\t\t<\/div>\n\t\t\t\t\t<\/div>\n\t\t<\/section>\n\t\t\t\t<section class=\"elementor-section elementor-top-section elementor-element elementor-element-0b4a887 elementor-section-boxed elementor-section-height-default elementor-section-height-default\" data-id=\"0b4a887\" data-element_type=\"section\">\n\t\t\t\t\t\t<div class=\"elementor-container elementor-column-gap-default\">\n\t\t\t\t\t<div class=\"elementor-column elementor-col-100 elementor-top-column elementor-element elementor-element-863106b\" data-id=\"863106b\" data-element_type=\"column\">\n\t\t\t<div class=\"elementor-widget-wrap elementor-element-populated\">\n\t\t\t\t\t\t<div class=\"elementor-element elementor-element-87df310 elementor-widget elementor-widget-html\" data-id=\"87df310\" data-element_type=\"widget\" data-widget_type=\"html.default\">\n\t\t\t\t<div class=\"elementor-widget-container\">\n\t\t\t\t\t<section class=\"ka-sahada-light-card\">\r\n  <div class=\"ka-sahada-light-glow ka-sahada-light-glow-1\"><\/div>\r\n  <div class=\"ka-sahada-light-glow ka-sahada-light-glow-2\"><\/div>\r\n\r\n  <div class=\"ka-sahada-light-inner\">\r\n    <div class=\"ka-sahada-light-badge\">Kariyer Atlas\u0131 | Sahada<\/div>\r\n\r\n    <h2 class=\"ka-sahada-light-title\">Ger\u00e7ek \u00dcretim Ortamlar\u0131nda Saha Deneyimi<\/h2>\r\n\r\n    <p class=\"ka-sahada-light-desc\">\r\n<p><b>Kariyer Atlas\u0131 | Sahada<\/b> Kariyer Atlas\u0131 Program\u0131\u2019n\u0131n 2. a\u015famas\u0131n\u0131 olu\u015fturur.<\/p>\r\n<p>Bu a\u015fama \u00fcyelerimizin sekt\u00f6rle do\u011frudan temas kurdu\u011fu, \u00fcretim s\u00fcre\u00e7lerini ve m\u00fchendislik\r\n      uygulamalar\u0131n\u0131 yerinde g\u00f6zlemledi\u011fi, <b>RotaK\u00e2\u015fif<\/b> taraf\u0131ndan organize edilen saha uygulama a\u015famas\u0131d\u0131r.<\/p>\r\n<p>Kariyer Atlas\u0131 | Ke\u015fif Program\u0131'n\u0131n Kat\u0131l\u0131m Sertifikas\u0131na sahip olan \u00f6\u011frenciler, Kariyer Atlas\u0131 | Sahada program\u0131na kat\u0131lma hakk\u0131 elde ederler.<\/p>\r\n\r\n    <div class=\"ka-sahada-light-grid\">\r\n      <div class=\"ka-sahada-light-box\">\r\n        <span class=\"ka-sahada-light-box-label\">Ama\u00e7<\/span>\r\n        <p>\r\n          \u00d6\u011frencilerin m\u00fchendislik disiplinlerinin end\u00fcstriyel uygulamalar\u0131n\u0131 ger\u00e7ek\r\n          \u00fcretim ortamlar\u0131nda g\u00f6zlemlemelerini sa\u011flamak.\r\n        <\/p>\r\n      <\/div>\r\n\r\n      <div class=\"ka-sahada-light-box\">\r\n        <span class=\"ka-sahada-light-box-label\">Hedef<\/span>\r\n        <p>\r\n          Sanayi kurulu\u015flar\u0131n\u0131n \u00e7al\u0131\u015fma prensiplerini, \u00fcretim s\u00fcre\u00e7lerini ve m\u00fchendislik\r\n          uygulamalar\u0131n\u0131 yerinde deneyimleyen \u00f6\u011frencilerin sekt\u00f6rel fark\u0131ndal\u0131k kazanmalar\u0131.\r\n        <\/p>\r\n      <\/div>\r\n    <\/div>\r\n\r\n    <div class=\"ka-sahada-light-note\">\r\n      <strong>\ud83c\udfaf Teknik Gezilerin Oda\u011f\u0131<\/strong>\r\n      \r\n<p>\r\n<p>Kariyer Atlas\u0131 | Sahada Pogram\u0131 \u00f6\u011frencilerin teorik bilgilerini ger\u00e7ek end\u00fcstri ortamlar\u0131yla ili\u015fkilendirmelerini sa\u011flayan; meslek, sekt\u00f6r ve kariyer yollar\u0131n\u0131 yerinde tan\u0131ma imk\u00e2n\u0131 sunan uygulamal\u0131 bir teknik gezi deneyimidir.<\/p>\r\n<p>\ud83d\udccc Teknik geziler, yaln\u0131zca tan\u0131t\u0131m ama\u00e7l\u0131 de\u011fil; Kariyer Atlas\u0131 Pogram\u0131'n\u0131n \u00fc\u00e7\u00fcnc\u00fc a\u015famas\u0131 i\u00e7in veri toplama odakl\u0131d\u0131r.<\/p>\r\n<p>G\u00f6zlem + not alma + veri toplama \u2192 proje fikrine d\u00f6n\u00fc\u015fen \u00e7\u0131kt\u0131lar<\/p>\r\n    <\/div>\r\n\r\n    <div class=\"ka-sahada-light-footer\">\r\n      <div class=\"ka-sahada-light-slogan\">M\u00fchendislik Sahada \u00d6\u011frenilir.<\/div>\r\n\r\n      <a class=\"ka-sahada-light-btn\" href=\"https:\/\/kulupler.atauni.edu.tr\/muhendislik-kariyer-kulubu\/kariyer-atlasi\/kariyer-atlasi-sahada\/\" target=\"_self\" rel=\"noopener noreferrer\">\r\n        Geleneksel Teknik Gezilerimiz\r\n      <\/a>\r\n    <\/div>\r\n  <\/div>\r\n<\/section>\t\t\t\t<\/div>\n\t\t\t\t<\/div>\n\t\t\t\t\t<\/div>\n\t\t<\/div>\n\t\t\t\t\t<\/div>\n\t\t<\/section>\n\t\t\t\t<section class=\"elementor-section elementor-top-section elementor-element elementor-element-78a22d5 elementor-section-boxed elementor-section-height-default elementor-section-height-default\" data-id=\"78a22d5\" data-element_type=\"section\">\n\t\t\t\t\t\t<div class=\"elementor-container elementor-column-gap-default\">\n\t\t\t\t\t<div class=\"elementor-column elementor-col-100 elementor-top-column elementor-element elementor-element-1580b11\" data-id=\"1580b11\" data-element_type=\"column\">\n\t\t\t<div class=\"elementor-widget-wrap elementor-element-populated\">\n\t\t\t\t\t\t<div class=\"elementor-element elementor-element-bc82002 elementor-widget elementor-widget-html\" data-id=\"bc82002\" data-element_type=\"widget\" data-widget_type=\"html.default\">\n\t\t\t\t<div class=\"elementor-widget-container\">\n\t\t\t\t\t<section class=\"planora-section\">\r\n  <div class=\"planora-inner\">\r\n    \r\n    <div class=\"planora-logo-area\">\r\n      <div class=\"planora-logo-card\">\r\n        <img decoding=\"async\" src=\"https:\/\/kulupler.atauni.edu.tr\/muhendislik-kariyer-kulubu\/wp-content\/uploads\/sites\/178\/2025\/11\/logo_Planora.png\" alt=\"YEBclub | Planora Logo\" class=\"planora-logo\" \/>\r\n      <\/div>\r\n    <\/div>\r\n\r\n    <div class=\"planora-content\">\r\n      <h1 class=\"planora-title\">\r\n        YEBclub | <span>Planora<\/span>\r\n      <\/h1>\r\n      <h2 class=\"planora-subtitle\">\r\n        Teknik Gezi &amp; Sosyal Etki Y\u00f6netim Sistemi\r\n      <\/h2>\r\n      \r\n        <div class=\"planora-meta\">\r\n          <span class=\"planora-pill\">YEBclub Dijital Altyap\u0131<\/span>\r\n          <span class=\"planora-pill\">Teknik Gezi<\/span>\r\n          <span class=\"planora-pill\">Sosyal Proje<\/span>\r\n        <\/div>\r\n      <\/div>\r\n\r\n    <\/div>\r\n  <\/div>\r\n<\/section>\r\n\t\t\t\t<\/div>\n\t\t\t\t<\/div>\n\t\t\t\t\t<\/div>\n\t\t<\/div>\n\t\t\t\t\t<\/div>\n\t\t<\/section>\n\t\t\t\t<section class=\"elementor-section elementor-top-section elementor-element elementor-element-d05168c elementor-section-boxed elementor-section-height-default elementor-section-height-default\" data-id=\"d05168c\" data-element_type=\"section\">\n\t\t\t\t\t\t<div class=\"elementor-container elementor-column-gap-default\">\n\t\t\t\t\t<div class=\"elementor-column elementor-col-100 elementor-top-column elementor-element elementor-element-6683aa9\" data-id=\"6683aa9\" data-element_type=\"column\">\n\t\t\t<div class=\"elementor-widget-wrap elementor-element-populated\">\n\t\t\t\t\t\t<div class=\"elementor-element elementor-element-403db2d elementor-widget elementor-widget-html\" data-id=\"403db2d\" data-element_type=\"widget\" data-widget_type=\"html.default\">\n\t\t\t\t<div class=\"elementor-widget-container\">\n\t\t\t\t\t<!-- Faaliyet Departman\u0131 i\u00e7in ekip tan\u0131t\u0131m blo\u011fu -->\r\n<div class=\"club-team-section club-team--faaliyet\">\r\n  <div class=\"club-team-header\">\r\n    <span class=\"club-team-badge\">Faaliyet Departman\u0131<\/span>\r\n    <h2>Faaliyet Departman\u0131 Ekibimiz<\/h2>\r\n    <p class=\"club-team-subtitle\">\r\n      Kul\u00fcb\u00fcm\u00fcz\u00fcn faaliyet departman\u0131 kapsam\u0131nda aktif g\u00f6rev alan ekibimiz.\r\n    <\/p>\r\n  <\/div>\r\n\r\n  <div class=\"club-team-grid\">\r\n\r\n    <article class=\"club-team-card\">\r\n      <div class=\"club-team-avatar\">\r\n        <img decoding=\"async\" src=\"https:\/\/kulupler.atauni.edu.tr\/muhendislik-kariyer-kulubu\/wp-content\/uploads\/sites\/178\/2025\/11\/Yagiz-Mise.jpg\" alt=\"Ya\u011f\u0131z M\u0130\u015eE - Faaliyet Departman\u0131 Koordinat\u00f6r\u00fc\">\r\n      <\/div>\r\n      <div class=\"club-team-info\">\r\n        <h3 class=\"club-team-name\">Ya\u011f\u0131z M\u0130\u015eE<\/h3>\r\n        <p class=\"club-team-role\">Faaliyet Departman\u0131 Koordinat\u00f6r\u00fc<\/p>\r\n      <\/div>\r\n    <\/article>\r\n  <\/div>\r\n<\/div>\t\t\t\t<\/div>\n\t\t\t\t<\/div>\n\t\t\t\t\t<\/div>\n\t\t<\/div>\n\t\t\t\t\t<\/div>\n\t\t<\/section>\n\t\t\t\t<section class=\"elementor-section elementor-top-section elementor-element elementor-element-ba844c7 elementor-section-boxed elementor-section-height-default elementor-section-height-default\" data-id=\"ba844c7\" data-element_type=\"section\">\n\t\t\t\t\t\t<div class=\"elementor-container elementor-column-gap-default\">\n\t\t\t\t\t<div class=\"elementor-column elementor-col-100 elementor-top-column elementor-element elementor-element-11b9ea6\" data-id=\"11b9ea6\" data-element_type=\"column\">\n\t\t\t<div class=\"elementor-widget-wrap elementor-element-populated\">\n\t\t\t\t\t\t<div class=\"elementor-element elementor-element-c61c4d8 elementor-widget elementor-widget-html\" data-id=\"c61c4d8\" data-element_type=\"widget\" data-widget_type=\"html.default\">\n\t\t\t\t<div class=\"elementor-widget-container\">\n\t\t\t\t\t<div class=\"departmanbuton-container\">\r\n\r\n<a href=\"https:\/\/kulupler.atauni.edu.tr\/muhendislik-kariyer-kulubu\/departmanlar\/departman-egitim\/\" class=\"departmanbuton egitim\">\r\n    E\u011fitim Departman\u0131\r\n  <\/a>\r\n\r\n<a href=\"https:\/\/kulupler.atauni.edu.tr\/muhendislik-kariyer-kulubu\/departmanlar\/departman-faaliyet\/\" class=\"departmanbuton faaliyet\">\r\n    Faaliyet Departman\u0131\r\n  <\/a>\r\n\r\n<a href=\"https:\/\/kulupler.atauni.edu.tr\/muhendislik-kariyer-kulubu\/departmanlar\/departman-malzeme\/\" class=\"departmanbuton malzeme\">\r\n    Malzeme Departman\u0131\r\n  <\/a>\r\n\r\n<\/div>\r\n\t\t\t\t<\/div>\n\t\t\t\t<\/div>\n\t\t\t\t\t<\/div>\n\t\t<\/div>\n\t\t\t\t\t<\/div>\n\t\t<\/section>\n\t\t\t\t<section class=\"elementor-section elementor-top-section elementor-element elementor-element-197bd7d elementor-section-boxed elementor-section-height-default elementor-section-height-default\" data-id=\"197bd7d\" data-element_type=\"section\">\n\t\t\t\t\t\t<div class=\"elementor-container elementor-column-gap-default\">\n\t\t\t\t\t<div class=\"elementor-column elementor-col-100 elementor-top-column elementor-element elementor-element-8e8b508\" data-id=\"8e8b508\" data-element_type=\"column\">\n\t\t\t<div class=\"elementor-widget-wrap elementor-element-populated\">\n\t\t\t\t\t\t\t<\/div>\n\t\t<\/div>\n\t\t\t\t\t<\/div>\n\t\t<\/section>\n\t\t\t\t<\/div>\n\t\t","protected":false},"excerpt":{"rendered":"<p>Faaliyet Departman\u0131 Uygulamal\u0131 deneyim ve toplumsal etki odakl\u0131 iki temel yap\u0131RotaK\u00e2\u015fif ve SosyalRota. Bu departman, RotaK\u00e2\u015fif ile m\u00fchendislik \u00f6\u011frencilerinin sekt\u00f6r\u00fc yerinde tan\u0131mas\u0131n\u0131 ve SosyalRota ile topluma de\u011fer katan projelerde aktif rol almas\u0131n\u0131 sa\u011flayan uygulama odakl\u0131 bir organizasyon yap\u0131s\u0131d\u0131r. \ud83d\udd35 RotaK\u00e2\u015fif Sekt\u00f6r\u00fc yerinde tan\u0131, deneyimle \u00f6\u011fren. RotaK\u00e2\u015fif, m\u00fchendislik \u00f6\u011frencilerinin \u00fcretim s\u00fcre\u00e7lerini yerinde g\u00f6zlemlemelerini ve sekt\u00f6r\u00fc do\u011frudan [&hellip;]<\/p>\n","protected":false},"author":3,"featured_media":0,"parent":534,"menu_order":1,"comment_status":"closed","ping_status":"closed","template":"","meta":{"inline_featured_image":false,"footnotes":""},"class_list":["post-495","page","type-page","status-publish","hentry"],"_links":{"self":[{"href":"https:\/\/kulupler.atauni.edu.tr\/muhendislik-kariyer-kulubu\/wp-json\/wp\/v2\/pages\/495","targetHints":{"allow":["GET"]}}],"collection":[{"href":"https:\/\/kulupler.atauni.edu.tr\/muhendislik-kariyer-kulubu\/wp-json\/wp\/v2\/pages"}],"about":[{"href":"https:\/\/kulupler.atauni.edu.tr\/muhendislik-kariyer-kulubu\/wp-json\/wp\/v2\/types\/page"}],"author":[{"embeddable":true,"href":"https:\/\/kulupler.atauni.edu.tr\/muhendislik-kariyer-kulubu\/wp-json\/wp\/v2\/users\/3"}],"replies":[{"embeddable":true,"href":"https:\/\/kulupler.atauni.edu.tr\/muhendislik-kariyer-kulubu\/wp-json\/wp\/v2\/comments?post=495"}],"version-history":[{"count":246,"href":"https:\/\/kulupler.atauni.edu.tr\/muhendislik-kariyer-kulubu\/wp-json\/wp\/v2\/pages\/495\/revisions"}],"predecessor-version":[{"id":3082,"href":"https:\/\/kulupler.atauni.edu.tr\/muhendislik-kariyer-kulubu\/wp-json\/wp\/v2\/pages\/495\/revisions\/3082"}],"up":[{"embeddable":true,"href":"https:\/\/kulupler.atauni.edu.tr\/muhendislik-kariyer-kulubu\/wp-json\/wp\/v2\/pages\/534"}],"wp:attachment":[{"href":"https:\/\/kulupler.atauni.edu.tr\/muhendislik-kariyer-kulubu\/wp-json\/wp\/v2\/media?parent=495"}],"curies":[{"name":"wp","href":"https:\/\/api.w.org\/{rel}","templated":true}]}}