{"id":503,"date":"2025-11-10T20:53:09","date_gmt":"2025-11-10T17:53:09","guid":{"rendered":"https:\/\/kulupler.atauni.edu.tr\/muhendislik-kariyer-kulubu\/?page_id=503"},"modified":"2026-03-09T13:12:28","modified_gmt":"2026-03-09T10:12:28","slug":"komite-vizyonclub","status":"publish","type":"page","link":"https:\/\/kulupler.atauni.edu.tr\/muhendislik-kariyer-kulubu\/komiteler\/komite-vizyonclub\/","title":{"rendered":"Komite | VizyonClub"},"content":{"rendered":"\t\t<div data-elementor-type=\"wp-page\" data-elementor-id=\"503\" class=\"elementor elementor-503\" data-elementor-post-type=\"page\">\n\t\t\t\t\t\t<section class=\"elementor-section elementor-top-section elementor-element elementor-element-c1d66d9 elementor-section-boxed elementor-section-height-default elementor-section-height-default\" data-id=\"c1d66d9\" data-element_type=\"section\">\n\t\t\t\t\t\t<div class=\"elementor-container elementor-column-gap-default\">\n\t\t\t\t\t<div class=\"elementor-column elementor-col-100 elementor-top-column elementor-element elementor-element-8af5b19\" data-id=\"8af5b19\" data-element_type=\"column\">\n\t\t\t<div class=\"elementor-widget-wrap elementor-element-populated\">\n\t\t\t\t\t\t<div class=\"elementor-element elementor-element-d0c93cb elementor-widget elementor-widget-html\" data-id=\"d0c93cb\" data-element_type=\"widget\" data-widget_type=\"html.default\">\n\t\t\t\t<div class=\"elementor-widget-container\">\n\t\t\t\t\t<div class=\"vizyonclub-section\">\r\n    <div class=\"vizyonclub-inner\">\r\n    <div class=\"vizyonclub-tag\">\r\n      <span class=\"vizyonclub-tag-dot\"><\/span>\r\n      V\u0130ZYONCLUB \u00b7 KUL\u00dcP \u00dcRET\u0130M EKOS\u0130STEM\u0130\r\n    <\/div>\r\n\r\n    <h2 class=\"vizyonclub-title\">\r\n      \ud83c\udf1f VizyonClub\r\n      <span class=\"highlight\">\u00dcreten ve De\u011fer Katan Ak\u0131l<\/span>\r\n    <\/h2>\r\n\r\n    <p class=\"vizyonclub-subtitle\">\r\n      VizyonClub, kul\u00fcb\u00fcn sosyal, bilimsel ve k\u00fclt\u00fcrel \u00fcretim g\u00fcc\u00fcn\u00fc ayn\u0131 \u00e7at\u0131 alt\u0131nda bulu\u015fturan yenilik\u00e7i bir birimdir. \r\n      \u00dcyelerin fikirlerini projeye, bilgisini \u00fcr\u00fcne, eme\u011fini toplumsal de\u011fere d\u00f6n\u00fc\u015ft\u00fcrmesini destekler.\r\n    <\/p>\r\n\r\n    <div class=\"vizyonclub-divider\"><\/div>\r\n\r\n    <p class=\"vizyonclub-lead\">\r\n      Bu yap\u0131; kul\u00fcb\u00fcn akademik birikimini, ara\u015ft\u0131rma k\u00fclt\u00fcr\u00fcn\u00fc ve sosyal sorumluluk bilincini \r\n      <strong>tek ve b\u00fct\u00fcnle\u015fik bir vizyon<\/strong> alt\u0131nda toplar.\r\n    <\/p>\r\n\r\n    <div class=\"vizyonclub-grid\">\r\n        \r\n        \r\n        \r\n\r\n<div class=\"vizyonclub-card\">\r\n<div class=\"vizyonclub-card-label\">Ara\u015ft\u0131rma &amp; Geli\u015ftirme<\/div>\r\n\r\n<div class=\"vizyonclub-card-title\">\r\n    <a href=\"https:\/\/kulupler.atauni.edu.tr\/muhendislik-kariyer-kulubu\/kariyer-atlasi\/kariyer-atlasi-inovasyon\/\" class=\"vizyonclub-link\">\r\n      K-Arge Platformu\r\n    <\/a>\r\n  <\/div>\r\n\r\n<div class=\"vizyonclub-card-text\">\r\n          M\u00fchendislik \u00f6\u011frencilerinin ara\u015ft\u0131rma ve geli\u015ftirme k\u00fclt\u00fcr\u00fcn\u00fc g\u00fc\u00e7lendirir, proje fikrinden \u00fcr\u00fcne giden yolu destekler.\r\n        <\/div>\r\n      <\/div>\r\n\r\n\r\n\r\n\r\n\r\n<div class=\"vizyonclub-card\">\r\n<div class=\"vizyonclub-card-label\">Akademik &amp; D\u00fc\u015f\u00fcnsel Alan<\/div>\r\n\r\n<div class=\"vizyonclub-card-title\">\r\n    <a href=\"https:\/\/kulupler.atauni.edu.tr\/muhendislik-kariyer-kulubu\/kariyer-atlasi\/kariyer-atlasi-akademi\/\" class=\"vizyonclub-link\">\r\n      Metalhane Kul\u00fcp Dergi\r\n    <\/a>\r\n  <\/div>\r\n\r\n<div class=\"vizyonclub-card-text\">\r\n    Kul\u00fcb\u00fcn akademik ve d\u00fc\u015f\u00fcnsel birikimini g\u00f6r\u00fcn\u00fcr k\u0131lar; \u00f6\u011frencilerin yaz\u0131, ara\u015ft\u0131rma ve fikir \u00fcretimini te\u015fvik eder.\r\n  <\/div>\r\n<\/div>\r\n\r\n\r\n\r\n\r\n<div class=\"vizyonclub-card\">\r\n        <div class=\"vizyonclub-card-label\">Sosyal Sorumluluk<\/div>\r\n        <div class=\"vizyonclub-card-title\">\r\n  <a href=\"https:\/\/kulupler.atauni.edu.tr\/muhendislik-kariyer-kulubu\/ogrenci-dayanismasi-ve-kadin-emegi-destek-projesi\/\" class=\"vizyonclub-link\">\r\n    Giy-\u00c7\u0131k Payda\u015f\r\n  <\/a>\r\n<\/div>\r\n\r\n        <div class=\"vizyonclub-card-text\">\r\n          Toplumda sosyal sorumluluk bilincini art\u0131rmay\u0131 ama\u00e7layan bu de\u011ferli sosyal giri\u015fimi destekliyor; fark\u0131ndal\u0131k olu\u015fturan faaliyetlerin yayg\u0131nla\u015fmas\u0131na katk\u0131 sunuyoruz.\r\n        <\/div>\r\n      <\/div>\r\n    <\/div>\r\n\r\n\r\n\r\n\r\n    <p class=\"vizyonclub-description\">\r\n      VizyonClub, <strong>sadece etkinlik d\u00fczenleyen de\u011fil<\/strong>; iz b\u0131rakan, \u00fcreten ve de\u011fer olu\u015fturan bir \r\n      \u00f6\u011frenci toplulu\u011fu k\u00fclt\u00fcr\u00fcn\u00fc temsil eder. Her etkinli\u011fiyle \r\n      <strong>\u201cm\u00fchendislik bilinciyle topluma dokunan gen\u00e7ler\u201d<\/strong> anlay\u0131\u015f\u0131n\u0131 yayg\u0131nla\u015ft\u0131r\u0131r.\r\n    <\/p>\r\n\r\n    <div class=\"vizyonclub-footer\">\r\n      <div class=\"vizyonclub-quote\">\r\n        <span>G\u00fcvenle Geli\u015f, Bilin\u00e7le B\u00fcy\u00fc.<\/span>  \r\n        VizyonClub, \u00fcretirken birlikte b\u00fcy\u00fcyen bir kul\u00fcp k\u00fclt\u00fcr\u00fc in\u015fa eder.\r\n      <\/div>\r\n      <div class=\"vizyonclub-pill\">\r\n        <span class=\"vizyonclub-pill-dot\"><\/span>\r\n        Sosyal \u00b7 Bilimsel \u00b7 K\u00fclt\u00fcrel \u00dcretim\r\n      <\/div>\r\n    <\/div>\r\n  <\/div>\r\n<\/div>\t\t\t\t<\/div>\n\t\t\t\t<\/div>\n\t\t\t\t\t<\/div>\n\t\t<\/div>\n\t\t\t\t\t<\/div>\n\t\t<\/section>\n\t\t\t\t<section class=\"elementor-section elementor-top-section elementor-element elementor-element-e32d7cf elementor-section-boxed elementor-section-height-default elementor-section-height-default\" data-id=\"e32d7cf\" data-element_type=\"section\">\n\t\t\t\t\t\t<div class=\"elementor-container elementor-column-gap-default\">\n\t\t\t\t\t<div class=\"elementor-column elementor-col-100 elementor-top-column elementor-element elementor-element-d0895c7\" data-id=\"d0895c7\" data-element_type=\"column\">\n\t\t\t<div class=\"elementor-widget-wrap elementor-element-populated\">\n\t\t\t\t\t\t<div class=\"elementor-element elementor-element-4572057 elementor-widget elementor-widget-html\" data-id=\"4572057\" data-element_type=\"widget\" data-widget_type=\"html.default\">\n\t\t\t\t<div class=\"elementor-widget-container\">\n\t\t\t\t\t<section class=\"ka-inovasyon-card\">\r\n  <div class=\"ka-inovasyon-glow ka-inovasyon-glow-1\"><\/div>\r\n  <div class=\"ka-inovasyon-glow ka-inovasyon-glow-2\"><\/div>\r\n\r\n  <div class=\"ka-inovasyon-inner\">\r\n    <div class=\"ka-inovasyon-badge\">Kariyer Atlas\u0131 | \u0130novasyon<\/div>\r\n\r\n    <h2 class=\"ka-inovasyon-title\">Fikirden \u00dcretime Giden Yol<\/h2>\r\n\r\n<p>\r\n    <b>Kariyer Atlas\u0131 | \u0130novasyon,<\/b> Kariyer Atlas\u0131 Program\u0131\u2019n\u0131n 4. a\u015famas\u0131n\u0131 olu\u015fturur.<\/p>\r\n\r\n<p class=\"ka-inovasyon-desc\">\r\n      Bu a\u015fama, geli\u015ftirilen proje fikirlerinin <b>K-Arge Platformu<\/b> arac\u0131l\u0131\u011f\u0131yla ara\u015ft\u0131rma, analiz ve uygulama s\u00fcre\u00e7leriyle olgunla\u015ft\u0131r\u0131larak laboratuvar ortam\u0131nda somut ve uygulanabilir \u00e7\u00f6z\u00fcmlere d\u00f6n\u00fc\u015ft\u00fcr\u00fcld\u00fc\u011f\u00fc \u00fcretim a\u015famas\u0131d\u0131r.\r\n    <\/p>\r\n\r\n    <div class=\"ka-inovasyon-grid\">\r\n      <div class=\"ka-inovasyon-box\">\r\n        <span class=\"ka-inovasyon-box-label\">Ama\u00e7<\/span>\r\n        <p>\r\n          \u00d6\u011frencilerin proje fikirlerini uygulamaya d\u00f6n\u00fc\u015ft\u00fcrmelerini ve inovasyon\r\n          yakla\u015f\u0131m\u0131yla somut \u00e7\u0131kt\u0131lar \u00fcretmelerini sa\u011flamak.\r\n        <\/p>\r\n      <\/div>\r\n\r\n      <div class=\"ka-inovasyon-box\">\r\n        <span class=\"ka-inovasyon-box-label\">Hedef<\/span>\r\n        <p>\r\n          Prototip, model, uygulama veya \u00e7\u00f6z\u00fcm \u00f6nerisi gibi \u00fcretim odakl\u0131 \u00e7\u0131kt\u0131lar\r\n          ortaya koyabilen \u00f6\u011frenciler yeti\u015ftirmek.\r\n        <\/p>\r\n      <\/div>\r\n    <\/div>\r\n\r\n    <div class=\"ka-inovasyon-note\">\r\n      <strong>Derinle\u015fme ve \u00dcretime D\u00f6n\u00fc\u015f\u00fcm<\/strong>\r\n<p>\u0130novasyon s\u00fcreci \u00f6\u011frencilerin Ar-Ge k\u00fclt\u00fcr\u00fc ile tan\u0131\u015fmalar\u0131n\u0131 destekleyen\r\n      uygulamalar\u0131 kapsar.<\/p>\r\n\r\n<p>\ud83c\udfaf Proje geli\u015ftirme a\u015famas\u0131nda olgunla\u015fan \u00e7al\u0131\u015fmalar; Ar-Ge perspektifiyle derinle\u015ftirilir ve deneysel, analitik veya tasar\u0131msal \u00e7\u0131kt\u0131lara d\u00f6n\u00fc\u015ft\u00fcr\u00fcl\u00fcr.\r\n<\/p>\r\n\r\n<p>\u00d6\u011frenciler Bu S\u00fcre\u00e7te\r\n<p><\/p>\u2713\r\nAra\u015ft\u0131rma yapmay\u0131 deneyimleyerek \u00f6\u011frenir\r\n<p><\/p>\u2713\r\nVeri \u00fcretmeyi deneyimleyerek \u00f6\u011frenir\r\n<p><\/p>\u2713\r\nTeknik raporlama haz\u0131rlamay\u0131 deneyimleyerek \u00f6\u011frenir<\/p>\r\n    <\/div>\r\n\r\n    <div class=\"ka-inovasyon-footer\">\r\n      <div class=\"ka-inovasyon-slogan\">Fikir \u00dcretime D\u00f6n\u00fc\u015ft\u00fc\u011f\u00fcnde \u0130novasyon Ba\u015flar.<\/div>\r\n\r\n      <a class=\"ka-inovasyon-btn\" href=\"https:\/\/kulupler.atauni.edu.tr\/muhendislik-kariyer-kulubu\/kariyer-atlasi\/kariyer-atlasi-inovasyon\/\" target=\"_self\" rel=\"noopener noreferrer\">\r\n        K-Arge Platformu\r\n      <\/a>\r\n    <\/div>\r\n  <\/div>\r\n<\/section>\t\t\t\t<\/div>\n\t\t\t\t<\/div>\n\t\t\t\t\t<\/div>\n\t\t<\/div>\n\t\t\t\t\t<\/div>\n\t\t<\/section>\n\t\t\t\t<section class=\"elementor-section elementor-top-section elementor-element elementor-element-5650167 elementor-section-boxed elementor-section-height-default elementor-section-height-default\" data-id=\"5650167\" data-element_type=\"section\">\n\t\t\t\t\t\t<div class=\"elementor-container elementor-column-gap-default\">\n\t\t\t\t\t<div class=\"elementor-column elementor-col-100 elementor-top-column elementor-element elementor-element-3e93234\" data-id=\"3e93234\" data-element_type=\"column\">\n\t\t\t<div class=\"elementor-widget-wrap elementor-element-populated\">\n\t\t\t\t\t\t<div class=\"elementor-element elementor-element-1499c2c elementor-widget elementor-widget-html\" data-id=\"1499c2c\" data-element_type=\"widget\" data-widget_type=\"html.default\">\n\t\t\t\t<div class=\"elementor-widget-container\">\n\t\t\t\t\t<section class=\"ka-akademi-card\">\r\n  <div class=\"ka-akademi-glow ka-akademi-glow-1\"><\/div>\r\n  <div class=\"ka-akademi-glow ka-akademi-glow-2\"><\/div>\r\n\r\n  <div class=\"ka-akademi-inner\">\r\n    <div class=\"ka-akademi-badge\">Kariyer Atlas\u0131 | Perspektif<\/div>\r\n\r\n    <h2 class=\"ka-akademi-title\">Bilginin Akademik De\u011fere D\u00f6n\u00fc\u015fmesi<\/h2>\r\n\r\n<p><b>Kariyer Atlas\u0131 | Perspektif,<\/b> Kariyer Atlas\u0131 Program\u0131\u2019n\u0131n 5. a\u015famas\u0131n\u0131 olu\u015fturur.<\/p>\r\n\r\n<p class=\"ka-akademi-desc\">\r\n      Bu a\u015fama, Ar-Ge ve inovasyon s\u00fcre\u00e7lerinde elde edilen sonu\u00e7lar\u0131n akademik geli\u015fim odakl\u0131\r\n      \u00e7al\u0131\u015fmalara ve bilimsel \u00e7\u0131kt\u0131lara d\u00f6n\u00fc\u015ft\u00fcr\u00fcld\u00fc\u011f\u00fc ve sonu\u00e7lar\u0131n <b>Metalhane Kul\u00fcp Dergide<\/b> yay\u0131nland\u0131\u011f\u0131 payla\u015f\u0131m a\u015famas\u0131d\u0131r.\r\n    <\/p>\r\n\r\n    <div class=\"ka-akademi-grid\">\r\n      <div class=\"ka-akademi-box\">\r\n        <span class=\"ka-akademi-box-label\">Ama\u00e7<\/span>\r\n        <p>\r\n          \u00d6\u011frencilerin \u00fcrettikleri bilgi ve deneyimleri akademik \u00e7al\u0131\u015fmalar, raporlar\r\n          ve sunumlar arac\u0131l\u0131\u011f\u0131yla payla\u015fmalar\u0131n\u0131 sa\u011flamak.\r\n        <\/p>\r\n      <\/div>\r\n\r\n      <div class=\"ka-akademi-box\">\r\n        <span class=\"ka-akademi-box-label\">Hedef<\/span>\r\n        <p>\r\n          Bilimsel d\u00fc\u015f\u00fcnme ve akademik \u00fcretim k\u00fclt\u00fcr\u00fc kazanm\u0131\u015f \u00f6\u011frenciler yeti\u015ftirmek.\r\n        <\/p>\r\n      <\/div>\r\n    <\/div>\r\n\r\n    <div class=\"ka-akademi-note\">\r\n      <strong>\u00dcretimden Yay\u0131na<\/strong>\r\n\r\n<p>Elde edilen kazan\u0131mlar Metalhane Kul\u00fcp Dergi ba\u015fta olmak \u00fczere kul\u00fcb\u00fcn kurumsal mecralar\u0131nda g\u00f6r\u00fcn\u00fcr k\u0131l\u0131n\u0131r.<\/p>\r\n<p>\ud83c\udfc1 Program\u0131n \u00e7\u0131kt\u0131s\u0131: somut portf\u00f6y, ispatlanabilir deneyim ve kal\u0131c\u0131 iz.<\/p>\r\n<p>\ud83d\udccc \u00dcretilen bilginin g\u00f6r\u00fcn\u00fcr, payla\u015f\u0131labilir ve referanslanabilir h\u00e2le gelmesi.<\/p>\r\n    <\/div>\r\n\r\n    <div class=\"ka-akademi-footer\">\r\n      <div class=\"ka-akademi-slogan\">Bilgi Payla\u015f\u0131ld\u0131k\u00e7a De\u011fer Kazan\u0131r.<\/div>\r\n\r\n      <a class=\"ka-akademi-btn\" href=\"https:\/\/kulupler.atauni.edu.tr\/muhendislik-kariyer-kulubu\/kariyer-atlasi\/kariyer-atlasi-perspektif\/\" target=\"_self\" rel=\"noopener noreferrer\">\r\n        Metalhane Kul\u00fcp Dergi\r\n      <\/a>\r\n    <\/div>\r\n  <\/div>\r\n<\/section>\t\t\t\t<\/div>\n\t\t\t\t<\/div>\n\t\t\t\t\t<\/div>\n\t\t<\/div>\n\t\t\t\t\t<\/div>\n\t\t<\/section>\n\t\t\t\t<section class=\"elementor-section elementor-top-section elementor-element elementor-element-16b8da1 elementor-section-boxed elementor-section-height-default elementor-section-height-default\" data-id=\"16b8da1\" data-element_type=\"section\">\n\t\t\t\t\t\t<div class=\"elementor-container elementor-column-gap-default\">\n\t\t\t\t\t<div class=\"elementor-column elementor-col-100 elementor-top-column elementor-element elementor-element-6ddcd44\" data-id=\"6ddcd44\" data-element_type=\"column\">\n\t\t\t<div class=\"elementor-widget-wrap elementor-element-populated\">\n\t\t\t\t\t\t<div class=\"elementor-element elementor-element-0bad064 elementor-widget elementor-widget-html\" data-id=\"0bad064\" data-element_type=\"widget\" data-widget_type=\"html.default\">\n\t\t\t\t<div class=\"elementor-widget-container\">\n\t\t\t\t\t<section class=\"logo-vitrin logo-vitrin-apps\">\r\n\r\n  <div class=\"logo-vitrin-row\">\r\n\r\n    \r\n\r\n       <!-- Ar-Ge -->\r\n    <div class=\"logo-link\">\r\n      <img decoding=\"async\" src=\"https:\/\/kulupler.atauni.edu.tr\/muhendislik-kariyer-kulubu\/wp-content\/uploads\/sites\/178\/2025\/11\/Ar-Ge-Logo.png\" alt=\"Ar-Ge\" class=\"logo-img\" \/>\r\n    <\/div>\r\n\r\n    <!-- Metalhane -->\r\n    <div class=\"logo-link\">\r\n      <img decoding=\"async\" src=\"https:\/\/kulupler.atauni.edu.tr\/muhendislik-kariyer-kulubu\/wp-content\/uploads\/sites\/178\/2025\/11\/Metalhane-Logo.png\" class=\"logo-img\" \/>\r\n    <\/div>\r\n\r\n\r\n\r\n    <!-- Giy-\u00c7\u0131k -->\r\n    <div class=\"logo-link\">\r\n      <img decoding=\"async\" src=\"https:\/\/kulupler.atauni.edu.tr\/muhendislik-kariyer-kulubu\/wp-content\/uploads\/sites\/178\/2025\/11\/GiyCik.png\" alt=\"Giy-\u00c7\u0131k\" class=\"logo-img\" \/>\r\n    <\/div>\r\n\r\n  <\/div>\r\n\r\n<\/section>\r\n\t\t\t\t<\/div>\n\t\t\t\t<\/div>\n\t\t\t\t\t<\/div>\n\t\t<\/div>\n\t\t\t\t\t<\/div>\n\t\t<\/section>\n\t\t\t\t<section class=\"elementor-section elementor-top-section elementor-element elementor-element-d41eb6d elementor-section-boxed elementor-section-height-default elementor-section-height-default\" data-id=\"d41eb6d\" data-element_type=\"section\">\n\t\t\t\t\t\t<div class=\"elementor-container elementor-column-gap-default\">\n\t\t\t\t\t<div class=\"elementor-column elementor-col-100 elementor-top-column elementor-element elementor-element-534f25b\" data-id=\"534f25b\" data-element_type=\"column\">\n\t\t\t<div class=\"elementor-widget-wrap elementor-element-populated\">\n\t\t\t\t\t\t<div class=\"elementor-element elementor-element-e42d349 elementor-widget elementor-widget-html\" data-id=\"e42d349\" data-element_type=\"widget\" data-widget_type=\"html.default\">\n\t\t\t\t<div class=\"elementor-widget-container\">\n\t\t\t\t\t<!-- VizyonClub Komitesi i\u00e7in ekip tan\u0131t\u0131m blo\u011fu -->\r\n<div class=\"club-team-section club-team--vizyonclub\">\r\n  <div class=\"club-team-header\">\r\n    <span class=\"club-team-badge\">VizyonClub Komitesi<\/span>\r\n    <h2>VizyonClub Komitesi Ekibimiz<\/h2>\r\n    <p class=\"club-team-subtitle\">\r\n      Kul\u00fcb\u00fcm\u00fcz\u00fcn VizyonClub Komitesi kapsam\u0131nda aktif g\u00f6rev alan ekibimiz.\r\n    <\/p>\r\n  <\/div>\r\n\r\n  <div class=\"club-team-grid\">\r\n\r\n    <article class=\"club-team-card\">\r\n      <div class=\"club-team-avatar\">\r\n        <img decoding=\"async\" src=\"https:\/\/kulupler.atauni.edu.tr\/muhendislik-kariyer-kulubu\/wp-content\/uploads\/sites\/178\/2025\/11\/Alp-Arda-Babacan.png\" alt=\"Necati Alp Arda BABACAN - VizyonClub Komite Koordinat\u00f6r\u00fc\">\r\n      <\/div>\r\n      <div class=\"club-team-info\">\r\n        <h3 class=\"club-team-name\">Necati Alp Arda BABACAN<\/h3>\r\n        <p class=\"club-team-role\"> Koordinat\u00f6r<\/p>\r\n      <\/div>\r\n    <\/article>\r\n    \r\n    \r\n    \r\n    <article class=\"club-team-card\">\r\n      <div class=\"club-team-avatar\">\r\n        <img decoding=\"async\" src=\"https:\/\/kulupler.atauni.edu.tr\/muhendislik-kariyer-kulubu\/wp-content\/uploads\/sites\/178\/2025\/11\/Eren-Safak.png\" alt=\"Eren \u015eAFAK\">\r\n      <\/div>\r\n      <div class=\"club-team-info\">\r\n        <h3 class=\"club-team-name\">Eren \u015eAFAK<\/h3>\r\n        <p class=\"club-team-role\">K-Arge Platformu<\/p>\r\n      <\/div>\r\n    <\/article>\r\n    \r\n    \r\n    <article class=\"club-team-card\">\r\n      <div class=\"club-team-avatar\">\r\n        <img decoding=\"async\" src=\"https:\/\/kulupler.atauni.edu.tr\/muhendislik-kariyer-kulubu\/wp-content\/uploads\/sites\/178\/2025\/11\/Pinar-Bicakci.jpg\" alt=\"P\u0131nar B\u0130\u00c7AKCI\">\r\n      <\/div>\r\n      <div class=\"club-team-info\">\r\n        <h3 class=\"club-team-name\">P\u0131nar B\u0130\u00c7AKCI<\/h3>\r\n        <p class=\"club-team-role\">Metalhane Kul\u00fcp Dergi<\/p>\r\n      <\/div>\r\n    <\/article>\r\n    \r\n    \r\n    <article class=\"club-team-card\">\r\n      <div class=\"club-team-avatar\">\r\n        <img decoding=\"async\" src=\"https:\/\/kulupler.atauni.edu.tr\/muhendislik-kariyer-kulubu\/wp-content\/uploads\/sites\/178\/2025\/11\/Sila-Guguk.png\" alt=\"S\u0131la GUGUK\">\r\n      <\/div>\r\n      <div class=\"club-team-info\">\r\n        <h3 class=\"club-team-name\">S\u0131la GUGUK<\/h3>\r\n        <p class=\"club-team-role\">Giy-\u00c7\u0131k Payda\u015f<\/p>\r\n      <\/div>\r\n    <\/article>\r\n  <\/div>\r\n<\/div>\t\t\t\t<\/div>\n\t\t\t\t<\/div>\n\t\t\t\t\t<\/div>\n\t\t<\/div>\n\t\t\t\t\t<\/div>\n\t\t<\/section>\n\t\t\t\t<\/div>\n\t\t","protected":false},"excerpt":{"rendered":"<p>V\u0130ZYONCLUB \u00b7 KUL\u00dcP \u00dcRET\u0130M EKOS\u0130STEM\u0130 \ud83c\udf1f VizyonClub \u00dcreten ve De\u011fer Katan Ak\u0131l VizyonClub, kul\u00fcb\u00fcn sosyal, bilimsel ve k\u00fclt\u00fcrel \u00fcretim g\u00fcc\u00fcn\u00fc ayn\u0131 \u00e7at\u0131 alt\u0131nda bulu\u015fturan yenilik\u00e7i bir birimdir. \u00dcyelerin fikirlerini projeye, bilgisini \u00fcr\u00fcne, eme\u011fini toplumsal de\u011fere d\u00f6n\u00fc\u015ft\u00fcrmesini destekler. Bu yap\u0131; kul\u00fcb\u00fcn akademik birikimini, ara\u015ft\u0131rma k\u00fclt\u00fcr\u00fcn\u00fc ve sosyal sorumluluk bilincini tek ve b\u00fct\u00fcnle\u015fik bir vizyon alt\u0131nda toplar. [&hellip;]<\/p>\n","protected":false},"author":3,"featured_media":0,"parent":536,"menu_order":0,"comment_status":"closed","ping_status":"closed","template":"","meta":{"inline_featured_image":false,"footnotes":""},"class_list":["post-503","page","type-page","status-publish","hentry"],"_links":{"self":[{"href":"https:\/\/kulupler.atauni.edu.tr\/muhendislik-kariyer-kulubu\/wp-json\/wp\/v2\/pages\/503","targetHints":{"allow":["GET"]}}],"collection":[{"href":"https:\/\/kulupler.atauni.edu.tr\/muhendislik-kariyer-kulubu\/wp-json\/wp\/v2\/pages"}],"about":[{"href":"https:\/\/kulupler.atauni.edu.tr\/muhendislik-kariyer-kulubu\/wp-json\/wp\/v2\/types\/page"}],"author":[{"embeddable":true,"href":"https:\/\/kulupler.atauni.edu.tr\/muhendislik-kariyer-kulubu\/wp-json\/wp\/v2\/users\/3"}],"replies":[{"embeddable":true,"href":"https:\/\/kulupler.atauni.edu.tr\/muhendislik-kariyer-kulubu\/wp-json\/wp\/v2\/comments?post=503"}],"version-history":[{"count":244,"href":"https:\/\/kulupler.atauni.edu.tr\/muhendislik-kariyer-kulubu\/wp-json\/wp\/v2\/pages\/503\/revisions"}],"predecessor-version":[{"id":3155,"href":"https:\/\/kulupler.atauni.edu.tr\/muhendislik-kariyer-kulubu\/wp-json\/wp\/v2\/pages\/503\/revisions\/3155"}],"up":[{"embeddable":true,"href":"https:\/\/kulupler.atauni.edu.tr\/muhendislik-kariyer-kulubu\/wp-json\/wp\/v2\/pages\/536"}],"wp:attachment":[{"href":"https:\/\/kulupler.atauni.edu.tr\/muhendislik-kariyer-kulubu\/wp-json\/wp\/v2\/media?parent=503"}],"curies":[{"name":"wp","href":"https:\/\/api.w.org\/{rel}","templated":true}]}}