{"id":534,"date":"2025-11-10T21:38:36","date_gmt":"2025-11-10T18:38:36","guid":{"rendered":"https:\/\/kulupler.atauni.edu.tr\/muhendislik-kariyer-kulubu\/?page_id=534"},"modified":"2026-03-07T10:01:05","modified_gmt":"2026-03-07T07:01:05","slug":"departmanlar","status":"publish","type":"page","link":"https:\/\/kulupler.atauni.edu.tr\/muhendislik-kariyer-kulubu\/departmanlar\/","title":{"rendered":"Departmanlar"},"content":{"rendered":"\t\t<div data-elementor-type=\"wp-page\" data-elementor-id=\"534\" class=\"elementor elementor-534\" data-elementor-post-type=\"page\">\n\t\t\t\t\t\t<section class=\"elementor-section elementor-top-section elementor-element elementor-element-6f9aef7 elementor-section-boxed elementor-section-height-default elementor-section-height-default\" data-id=\"6f9aef7\" data-element_type=\"section\">\n\t\t\t\t\t\t<div class=\"elementor-container elementor-column-gap-default\">\n\t\t\t\t\t<div class=\"elementor-column elementor-col-100 elementor-top-column elementor-element elementor-element-9d41e76\" data-id=\"9d41e76\" data-element_type=\"column\">\n\t\t\t<div class=\"elementor-widget-wrap elementor-element-populated\">\n\t\t\t\t\t\t<div class=\"elementor-element elementor-element-63ceeb0 elementor-widget elementor-widget-html\" data-id=\"63ceeb0\" data-element_type=\"widget\" data-widget_type=\"html.default\">\n\t\t\t\t<div class=\"elementor-widget-container\">\n\t\t\t\t\t<div class=\"kulup-departmanlar\">\r\n\r\n  <div class=\"kulup-departmanlar-header\">\r\n    <h2>M\u00fchendislik Kariyer Kul\u00fcb\u00fc Departmanlar\u0131<\/h2>\r\n    <p>Kul\u00fcb\u00fcn etkinlik, e\u011fitim ve malzeme s\u00fcre\u00e7lerini y\u00f6neten \u00e7ekirdek yap\u0131lanma.<\/p>\r\n  <\/div>\r\n\r\n  <div class=\"kulup-departmanlar-grid\">\r\n\r\n<!-- E\u011fitim Departman\u0131 -->\r\n    <a href=\"https:\/\/kulupler.atauni.edu.tr\/muhendislik-kariyer-kulubu\/departmanlar\/departman-egitim\/\" class=\"departman-card\">\r\n      <div class=\"departman-card-inner\">\r\n        <div class=\"departman-tag\">E\u011fitim Departman\u0131<\/div>\r\n        <h3 class=\"departman-title\">E\u011fitim Departman\u0131<\/h3>\r\n        <p class=\"departman-text\">\r\n          Kul\u00fcp \u00fcyelerinin akademik ve mesleki geli\u015fimini desteklemek amac\u0131yla\r\n          teknik ve kariyer odakl\u0131 seminer ve e\u011fitim programlar\u0131n\u0131 d\u00fczenler.\r\n        <\/p>\r\n      <\/div>\r\n    <\/a>   \r\n\r\n<!-- Faaliyet Departman\u0131 -->\r\n    <a href=\"https:\/\/kulupler.atauni.edu.tr\/muhendislik-kariyer-kulubu\/departmanlar\/departman-faaliyet\/\" class=\"departman-card\">\r\n      <div class=\"departman-card-inner\">\r\n        <div class=\"departman-tag\">Faaliyet Departman\u0131<\/div>\r\n        <h3 class=\"departman-title\">Faaliyet Departman\u0131<\/h3>\r\n        <p class=\"departman-text\">\r\n          Kul\u00fcp \u00fcyelerinin kariyer, teknik, k\u00fclt\u00fcrel ve sosyal sorumluluk odakl\u0131\r\n          gezilerini planlar, y\u00fcr\u00fct\u00fcr ve de\u011ferlendirir.\r\n        <\/p>\r\n      <\/div>\r\n    <\/a>\r\n\r\n<!-- Malzeme Departman\u0131 -->\r\n    <a href=\"https:\/\/kulupler.atauni.edu.tr\/muhendislik-kariyer-kulubu\/departmanlar\/departman-malzeme\/\" class=\"departman-card\">\r\n      <div class=\"departman-card-inner\">\r\n        <div class=\"departman-tag\">Malzeme Departman\u0131<\/div>\r\n        <h3 class=\"departman-title\">Malzeme Departman\u0131<\/h3>\r\n        <p class=\"departman-text\">\r\n          Kul\u00fcb\u00fcn elinde bulunan t\u00fcm fiziksel malzemeyi kay\u0131t alt\u0131na al\u0131r; etkinlik,\r\n          gezi, e\u011fitim ve stantlar i\u00e7in gerekli malzeme taleplerini toplar ve takip eder.\r\n        <\/p>\r\n      <\/div>\r\n    <\/a>\r\n\r\n  <\/div>\r\n<\/div>\r\n\t\t\t\t<\/div>\n\t\t\t\t<\/div>\n\t\t\t\t\t<\/div>\n\t\t<\/div>\n\t\t\t\t\t<\/div>\n\t\t<\/section>\n\t\t\t\t<\/div>\n\t\t","protected":false},"excerpt":{"rendered":"<p>M\u00fchendislik Kariyer Kul\u00fcb\u00fc Departmanlar\u0131 Kul\u00fcb\u00fcn etkinlik, e\u011fitim ve malzeme s\u00fcre\u00e7lerini y\u00f6neten \u00e7ekirdek yap\u0131lanma. E\u011fitim Departman\u0131 E\u011fitim Departman\u0131 Kul\u00fcp \u00fcyelerinin akademik ve mesleki geli\u015fimini desteklemek amac\u0131yla teknik ve kariyer odakl\u0131 seminer ve e\u011fitim programlar\u0131n\u0131 d\u00fczenler. Faaliyet Departman\u0131 Faaliyet Departman\u0131 Kul\u00fcp \u00fcyelerinin kariyer, teknik, k\u00fclt\u00fcrel ve sosyal sorumluluk odakl\u0131 gezilerini planlar, y\u00fcr\u00fct\u00fcr ve de\u011ferlendirir. Malzeme Departman\u0131 Malzeme [&hellip;]<\/p>\n","protected":false},"author":3,"featured_media":0,"parent":0,"menu_order":0,"comment_status":"closed","ping_status":"closed","template":"","meta":{"inline_featured_image":false,"footnotes":""},"class_list":["post-534","page","type-page","status-publish","hentry"],"_links":{"self":[{"href":"https:\/\/kulupler.atauni.edu.tr\/muhendislik-kariyer-kulubu\/wp-json\/wp\/v2\/pages\/534","targetHints":{"allow":["GET"]}}],"collection":[{"href":"https:\/\/kulupler.atauni.edu.tr\/muhendislik-kariyer-kulubu\/wp-json\/wp\/v2\/pages"}],"about":[{"href":"https:\/\/kulupler.atauni.edu.tr\/muhendislik-kariyer-kulubu\/wp-json\/wp\/v2\/types\/page"}],"author":[{"embeddable":true,"href":"https:\/\/kulupler.atauni.edu.tr\/muhendislik-kariyer-kulubu\/wp-json\/wp\/v2\/users\/3"}],"replies":[{"embeddable":true,"href":"https:\/\/kulupler.atauni.edu.tr\/muhendislik-kariyer-kulubu\/wp-json\/wp\/v2\/comments?post=534"}],"version-history":[{"count":166,"href":"https:\/\/kulupler.atauni.edu.tr\/muhendislik-kariyer-kulubu\/wp-json\/wp\/v2\/pages\/534\/revisions"}],"predecessor-version":[{"id":2884,"href":"https:\/\/kulupler.atauni.edu.tr\/muhendislik-kariyer-kulubu\/wp-json\/wp\/v2\/pages\/534\/revisions\/2884"}],"wp:attachment":[{"href":"https:\/\/kulupler.atauni.edu.tr\/muhendislik-kariyer-kulubu\/wp-json\/wp\/v2\/media?parent=534"}],"curies":[{"name":"wp","href":"https:\/\/api.w.org\/{rel}","templated":true}]}}