{"id":536,"date":"2025-11-10T21:38:47","date_gmt":"2025-11-10T18:38:47","guid":{"rendered":"https:\/\/kulupler.atauni.edu.tr\/muhendislik-kariyer-kulubu\/?page_id=536"},"modified":"2026-03-07T11:37:32","modified_gmt":"2026-03-07T08:37:32","slug":"komiteler","status":"publish","type":"page","link":"https:\/\/kulupler.atauni.edu.tr\/muhendislik-kariyer-kulubu\/komiteler\/","title":{"rendered":"Komiteler"},"content":{"rendered":"\t\t<div data-elementor-type=\"wp-page\" data-elementor-id=\"536\" class=\"elementor elementor-536\" data-elementor-post-type=\"page\">\n\t\t\t\t\t\t<section class=\"elementor-section elementor-top-section elementor-element elementor-element-ef1dfdc elementor-section-boxed elementor-section-height-default elementor-section-height-default\" data-id=\"ef1dfdc\" data-element_type=\"section\">\n\t\t\t\t\t\t<div class=\"elementor-container elementor-column-gap-default\">\n\t\t\t\t\t<div class=\"elementor-column elementor-col-100 elementor-top-column elementor-element elementor-element-662d3ac\" data-id=\"662d3ac\" data-element_type=\"column\">\n\t\t\t<div class=\"elementor-widget-wrap elementor-element-populated\">\n\t\t\t\t\t\t<div class=\"elementor-element elementor-element-c9a006f elementor-widget elementor-widget-html\" data-id=\"c9a006f\" data-element_type=\"widget\" data-widget_type=\"html.default\">\n\t\t\t\t<div class=\"elementor-widget-container\">\n\t\t\t\t\t<div class=\"kulup-departmanlar\">\r\n\r\n  <div class=\"kulup-departmanlar-header\">\r\n    <h2>M\u00fchendislik Kariyer Kul\u00fcb\u00fc Komiteleri<\/h2>\r\n    <p>Kul\u00fcb\u00fcn Misyon ve Vizyonunu  y\u00f6neten yap\u0131lanma.<\/p>\r\n  <\/div>\r\n\r\n  <div class=\"kulup-departmanlar-grid\">\r\n\r\n<!-- EtkiClub Komitesi -->\r\n    <a href=\"https:\/\/kulupler.atauni.edu.tr\/muhendislik-kariyer-kulubu\/komiteler\/komite-etkiclub\/\" class=\"departman-card\">\r\n      <div class=\"departman-card-inner\">\r\n        <div class=\"departman-tag\">EtkiClub Komitesi<\/div>\r\n        <h3 class=\"departman-title\">EtkiClub Komitesi<\/h3>\r\n        <p class=\"departman-text\">\r\n          EtkiClub, kul\u00fcb\u00fcn insan kayna\u011f\u0131n\u0131 y\u00f6neten, \u00fcyelik s\u00fcre\u00e7lerini d\u00fczenleyen ve kurumsal kimli\u011fini temsil eden merkezdir. \u00dcye al\u0131mlar\u0131n\u0131, kul\u00fcp tan\u0131t\u0131m faaliyetlerini, sosyal medya ileti\u015fimini ve kul\u00fcp i\u00e7i geri bildirim anketlerini organize eder.\r\n        <\/p>\r\n      <\/div>\r\n    <\/a>\r\n\r\n<!-- VizyonClub Komitesi -->\r\n    <a href=\"https:\/\/kulupler.atauni.edu.tr\/muhendislik-kariyer-kulubu\/komiteler\/komite-vizyonclub\/\" class=\"departman-card\">\r\n      <div class=\"departman-card-inner\">\r\n        <div class=\"departman-tag\">VizyonClub Komitesi<\/div>\r\n        <h3 class=\"departman-title\">VizyonClub Komitesi<\/h3>\r\n        <p class=\"departman-text\"> Kul\u00fcb\u00fcn sosyal, bilimsel ve k\u00fclt\u00fcrel \u00fcretim g\u00fcc\u00fcn\u00fc ayn\u0131 \u00e7at\u0131 alt\u0131nda bulu\u015fturan yenilik\u00e7i bir birimdir. \u00dcyelerin fikirlerini projeye, bilgisini \u00fcr\u00fcne, eme\u011fini toplumsal de\u011fere d\u00f6n\u00fc\u015ft\u00fcrmesini destekler.\r\n        <\/p>\r\n      <\/div>\r\n    <\/a>\r\n\r\n    \r\n\r\n  \r\n      <\/div>\r\n    <\/a>\r\n\r\n  <\/div>\r\n<\/div>\r\n\t\t\t\t<\/div>\n\t\t\t\t<\/div>\n\t\t\t\t\t<\/div>\n\t\t<\/div>\n\t\t\t\t\t<\/div>\n\t\t<\/section>\n\t\t\t\t<\/div>\n\t\t","protected":false},"excerpt":{"rendered":"<p>M\u00fchendislik Kariyer Kul\u00fcb\u00fc Komiteleri Kul\u00fcb\u00fcn Misyon ve Vizyonunu y\u00f6neten yap\u0131lanma. EtkiClub Komitesi EtkiClub Komitesi EtkiClub, kul\u00fcb\u00fcn insan kayna\u011f\u0131n\u0131 y\u00f6neten, \u00fcyelik s\u00fcre\u00e7lerini d\u00fczenleyen ve kurumsal kimli\u011fini temsil eden merkezdir. \u00dcye al\u0131mlar\u0131n\u0131, kul\u00fcp tan\u0131t\u0131m faaliyetlerini, sosyal medya ileti\u015fimini ve kul\u00fcp i\u00e7i geri bildirim anketlerini organize eder. VizyonClub Komitesi VizyonClub Komitesi Kul\u00fcb\u00fcn sosyal, bilimsel ve k\u00fclt\u00fcrel \u00fcretim g\u00fcc\u00fcn\u00fc [&hellip;]<\/p>\n","protected":false},"author":3,"featured_media":0,"parent":0,"menu_order":0,"comment_status":"closed","ping_status":"closed","template":"","meta":{"inline_featured_image":false,"footnotes":""},"class_list":["post-536","page","type-page","status-publish","hentry"],"_links":{"self":[{"href":"https:\/\/kulupler.atauni.edu.tr\/muhendislik-kariyer-kulubu\/wp-json\/wp\/v2\/pages\/536","targetHints":{"allow":["GET"]}}],"collection":[{"href":"https:\/\/kulupler.atauni.edu.tr\/muhendislik-kariyer-kulubu\/wp-json\/wp\/v2\/pages"}],"about":[{"href":"https:\/\/kulupler.atauni.edu.tr\/muhendislik-kariyer-kulubu\/wp-json\/wp\/v2\/types\/page"}],"author":[{"embeddable":true,"href":"https:\/\/kulupler.atauni.edu.tr\/muhendislik-kariyer-kulubu\/wp-json\/wp\/v2\/users\/3"}],"replies":[{"embeddable":true,"href":"https:\/\/kulupler.atauni.edu.tr\/muhendislik-kariyer-kulubu\/wp-json\/wp\/v2\/comments?post=536"}],"version-history":[{"count":19,"href":"https:\/\/kulupler.atauni.edu.tr\/muhendislik-kariyer-kulubu\/wp-json\/wp\/v2\/pages\/536\/revisions"}],"predecessor-version":[{"id":2946,"href":"https:\/\/kulupler.atauni.edu.tr\/muhendislik-kariyer-kulubu\/wp-json\/wp\/v2\/pages\/536\/revisions\/2946"}],"wp:attachment":[{"href":"https:\/\/kulupler.atauni.edu.tr\/muhendislik-kariyer-kulubu\/wp-json\/wp\/v2\/media?parent=536"}],"curies":[{"name":"wp","href":"https:\/\/api.w.org\/{rel}","templated":true}]}}