{"id":635,"date":"2025-11-11T09:05:50","date_gmt":"2025-11-11T06:05:50","guid":{"rendered":"https:\/\/kulupler.atauni.edu.tr\/muhendislik-kariyer-kulubu\/?page_id=635"},"modified":"2026-03-10T00:50:01","modified_gmt":"2026-03-09T21:50:01","slug":"komite-etkiclub","status":"publish","type":"page","link":"https:\/\/kulupler.atauni.edu.tr\/muhendislik-kariyer-kulubu\/komiteler\/komite-etkiclub\/","title":{"rendered":"Komite | EtkiClub"},"content":{"rendered":"\t\t<div data-elementor-type=\"wp-page\" data-elementor-id=\"635\" class=\"elementor elementor-635\" data-elementor-post-type=\"page\">\n\t\t\t\t\t\t<section class=\"elementor-section elementor-top-section elementor-element elementor-element-9cd3c83 elementor-section-boxed elementor-section-height-default elementor-section-height-default\" data-id=\"9cd3c83\" data-element_type=\"section\">\n\t\t\t\t\t\t<div class=\"elementor-container elementor-column-gap-default\">\n\t\t\t\t\t<div class=\"elementor-column elementor-col-100 elementor-top-column elementor-element elementor-element-a4fa06c\" data-id=\"a4fa06c\" data-element_type=\"column\">\n\t\t\t<div class=\"elementor-widget-wrap elementor-element-populated\">\n\t\t\t\t\t\t<div class=\"elementor-element elementor-element-c6aeaac elementor-widget elementor-widget-html\" data-id=\"c6aeaac\" data-element_type=\"widget\" data-widget_type=\"html.default\">\n\t\t\t\t<div class=\"elementor-widget-container\">\n\t\t\t\t\t<div class=\"ekticlub-section\">\n    <div class=\"ekticlub-inner\">\n    <div class=\"ekticlub-tag\">\n      <span class=\"ekticlub-tag-dot\"><\/span>\n      ETKICLUB \u00b7 \u0130NSAN KAYNA\u011eI &amp; KURUMSAL K\u0130ML\u0130K\n    <\/div>\n\n    <h2 class=\"ekticlub-title\">\n      \ud83c\udf1f EtkiClub\n      <span class=\"highlight\">\u0130nsan Kayna\u011f\u0131n\u0131n G\u00fc\u00e7 Merkezi<\/span>\n    <\/h2>\n\n    <p class=\"ekticlub-subtitle\">\n      EtkiClub, kul\u00fcb\u00fcn insan kayna\u011f\u0131n\u0131 y\u00f6neten, \u00fcyelik s\u00fcre\u00e7lerini d\u00fczenleyen ve kurumsal kimli\u011fini temsil eden merkezdir.\n      \u00dcye al\u0131mlar\u0131n\u0131, kul\u00fcp tan\u0131t\u0131m faaliyetlerini, sosyal medya ileti\u015fimini ve kul\u00fcp i\u00e7i geri bildirim anketlerini organize eder.\n    <\/p>\n\n    <div class=\"ekticlub-divider\"><\/div>\n\n    <p class=\"ekticlub-lead\">\n      Ayn\u0131 zamanda <strong>\u0130\u015f Sa\u011fl\u0131\u011f\u0131 ve G\u00fcvenli\u011fi k\u00fclt\u00fcr\u00fcn\u00fc<\/strong> geli\u015ftirir; staj s\u00fcre\u00e7lerinin planlanmas\u0131n\u0131 ve takibini koordine eder. Projetabanl\u0131 bir yap\u0131 sunar. \n      Bu yap\u0131, kul\u00fcb\u00fcn hem insani hem de kurumsal geli\u015fim vizyonunu ta\u015f\u0131r.\n    <\/p>\n     \u00dcyelerin kariyer yolculu\u011funu desteklemek i\u00e7in resm\u00ee kariyer ekosistemindeki f\u0131rsatlar\u0131 (i\u015f\/staj ilanlar\u0131, etkinlikler, fuarlar, dan\u0131\u015fmanl\u0131k hizmetleri vb.) derler, tan\u0131t\u0131r ve do\u011fru platformlara y\u00f6nlendirir.\n\n    \n    \n    \n<a href=\"#\" class=\"ekticlub-card-link\">\n    <div class=\"ekticlub-grid\">\n      <div class=\"ekticlub-card\">\n        <div class=\"ekticlub-card-label\">G\u00fcvenli \u00c7al\u0131\u015fma K\u00fclt\u00fcr\u00fc<\/div>\n        <div class=\"ekticlub-card-title\">\u0130\u015f Sa\u011fl\u0131\u011f\u0131 ve G\u00fcvenli\u011fi<\/div>\n        <div class=\"ekticlub-card-text\">\n          Kul\u00fcp etkinliklerinin g\u00fcvenli, bilin\u00e7li ve sorumluluk bilinciyle y\u00fcr\u00fct\u00fclmesini sa\u011flar. Amac\u0131; g\u00fcvenli \u00e7al\u0131\u015fma k\u00fclt\u00fcr\u00fcn\u00fc kul\u00fcp i\u00e7inde yerle\u015ftirmek ve s\u00fcrd\u00fcr\u00fclebilir hale getirmektir.\n        <\/div>\n      <\/div>\n<\/a>\n\n\n\n\n<a href=\"https:\/\/kulupler.atauni.edu.tr\/muhendislik-kariyer-kulubu\/?page_id=2107\" class=\"ekticlub-card-link\">\n\n      <div class=\"ekticlub-card\">\n        <div class=\"ekticlub-card-label\">Kariyer S\u00fcre\u00e7leri<\/div>\n        <div class=\"ekticlub-card-title\">Staj ve \u0130ME<\/div>\n        <div class=\"ekticlub-card-text\">\n         Staj s\u00fcre\u00e7lerinin planlanmas\u0131n\u0131, takibini ve \u00f6\u011frencilerin g\u00fcvenli geli\u015fimini koordine eder.\n      Staj s\u00fcrecinde \u00f6\u011frencilerin rehberlik ve payla\u015f\u0131m ihtiya\u00e7lar\u0131n\u0131 kar\u015f\u0131layarak kariyer geli\u015fimine katk\u0131 sa\u011flar.\n        <\/div>\n      <\/div>\n<\/a>\n\n\n\n<a href=\"https:\/\/kulupler.atauni.edu.tr\/muhendislik-kariyer-kulubu\/kariyer-atlasi\/kariyer-atlasi-konsept\" class=\"ekticlub-card-link\">\n\n  <div class=\"ekticlub-card\">\n    <div class=\"ekticlub-card-label\">Proje Zaman\u0131<\/div>\n\n    <div class=\"ekticlub-card-title\">\n      Proje Geli\u015ftirme\n    <\/div>\n\n    <div class=\"ekticlub-card-text\">\n      Kul\u00fcb\u00fcn t\u00fcm \u00e7al\u0131\u015fma alanlar\u0131na destek olacak projeleri \u00fcretmek, planlamak ve y\u00fcr\u00fctmek amac\u0131yla olu\u015fturulmu\u015f bir birimdir. Bilimsel, sosyal ve teknik projelerin haz\u0131rlanmas\u0131n\u0131 koordine eder ve uygulama s\u00fcrecini y\u00f6netir.\n    <\/div>\n  <\/div>\n\n<\/a>\n    \n        \n<a href=\"https:\/\/kulupler.atauni.edu.tr\/muhendislik-kariyer-kulubu\/dijital-hizmet-noktasi\/\" class=\"ekticlub-card-link\">\n    \n<div class=\"ekticlub-card\">\n        <div class=\"ekticlub-card-label\">T\u00dcRK\u0130YE CUMHUR\u0130YET\u0130 CUMHURBA\u015eKANLI\u011eI<\/div>\n        <div class=\"ekticlub-card-title\">Kariyer Kap\u0131s\u0131 - Yetenek Kap\u0131s\u0131 - Dabis<\/div>\n        \n      <\/div>\n    <\/div>\n<\/a>\n<p><\/p>\n    <p class=\"ekticlub-description\">\n      EtkiClub, kul\u00fcb\u00fcn <strong>\u201cgelece\u011fe y\u00f6n veren\u201d y\u00fcz\u00fcd\u00fcr<\/strong> \u2014 d\u00fczen, ileti\u015fim, g\u00fcven ve geri bildirim mekanizmalar\u0131n\u0131n bulu\u015ftu\u011fu merkezdir. \u00dcyelerin g\u00fcvenli, planl\u0131 ve bilin\u00e7li bir \u015fekilde kariyer yolculuklar\u0131n\u0131 s\u00fcrd\u00fcrmesini destekler.\n    <\/p>\n\n    <div class=\"ekticlub-footer\">\n      <div class=\"ekticlub-quote\">\n        <span>\u00dcret, Payla\u015f, Etki Olu\u015ftur.<\/span>  \n        EtkiClub, her \u00fcyenin katk\u0131s\u0131n\u0131 g\u00f6r\u00fcn\u00fcr k\u0131lan s\u00fcrd\u00fcr\u00fclebilir bir etki k\u00fclt\u00fcr\u00fc kurar.\n      <\/div>\n      <div class=\"ekticlub-pill\">\n        <span class=\"ekticlub-pill-dot\"><\/span>\n        \u00dcyelik \u00b7 \u0130leti\u015fim \u00b7 G\u00fcven\n      <\/div>\n    <\/div>\n  <\/div>\n<\/div>\t\t\t\t<\/div>\n\t\t\t\t<\/div>\n\t\t\t\t\t<\/div>\n\t\t<\/div>\n\t\t\t\t\t<\/div>\n\t\t<\/section>\n\t\t\t\t<section class=\"elementor-section elementor-top-section elementor-element elementor-element-4f4016e elementor-section-boxed elementor-section-height-default elementor-section-height-default\" data-id=\"4f4016e\" data-element_type=\"section\">\n\t\t\t\t\t\t<div class=\"elementor-container elementor-column-gap-default\">\n\t\t\t\t\t<div class=\"elementor-column elementor-col-100 elementor-top-column elementor-element elementor-element-6695ecc\" data-id=\"6695ecc\" data-element_type=\"column\">\n\t\t\t<div class=\"elementor-widget-wrap elementor-element-populated\">\n\t\t\t\t\t\t<div class=\"elementor-element elementor-element-82a3039 elementor-widget elementor-widget-html\" data-id=\"82a3039\" data-element_type=\"widget\" data-widget_type=\"html.default\">\n\t\t\t\t<div class=\"elementor-widget-container\">\n\t\t\t\t\t<section class=\"ka-fikir-card\">\r\n  <div class=\"ka-fikir-glow ka-fikir-glow-1\"><\/div>\r\n  <div class=\"ka-fikir-glow ka-fikir-glow-2\"><\/div>\r\n\r\n  <div class=\"ka-fikir-inner\">\r\n    <div class=\"ka-fikir-badge\">Kariyer Atlas\u0131 | Konsept<\/div>\r\n\r\n    <h2 class=\"ka-fikir-title\">G\u00f6zlemden Proje Fikrinin Do\u011fu\u015fu<\/h2>\r\n\r\n<p><b>Kariyer Atlas\u0131 | Konsept<\/b> Kariyer Atlas\u0131 Program\u0131\u2019n\u0131n 3. a\u015famas\u0131n\u0131 olu\u015fturur.<\/p>\r\n\r\n<p class=\"ka-fikir-desc\">\r\n       Bu a\u015fama, teknik geziler s\u0131ras\u0131nda elde edilen g\u00f6zlemler do\u011frultusunda kar\u015f\u0131la\u015f\u0131lan problemlerin analiz edildi\u011fi ve \u00e7\u00f6z\u00fcm odakl\u0131 proje fikirlerinin <b>Proje Geli\u015ftirme <\/b> taraf\u0131ndan sa\u011flanan ment\u00f6rl\u00fck deste\u011fi ile geli\u015ftirildi\u011fi proje geli\u015ftirme a\u015famas\u0131d\u0131r.\r\n    <\/p>\r\n\r\n    <div class=\"ka-fikir-grid\">\r\n      <div class=\"ka-fikir-box\">\r\n        <span class=\"ka-fikir-box-label\">Ama\u00e7<\/span>\r\n        <p>\r\n          \u00d6\u011frencilerin saha g\u00f6zlemlerini analiz ederek sorunlar\u0131 tan\u0131mlama ve \u00e7\u00f6z\u00fcm\r\n          odakl\u0131 proje fikirleri geli\u015ftirme becerilerini g\u00fc\u00e7lendirmek.\r\n        <\/p>\r\n      <\/div>\r\n\r\n      <div class=\"ka-fikir-box\">\r\n        <span class=\"ka-fikir-box-label\">Hedef<\/span>\r\n        <p>\r\n          Ger\u00e7ek sekt\u00f6r problemlerinden hareketle \u00f6\u011frencilerin yenilik\u00e7i proje fikirleri\r\n          olu\u015fturabilmelerini sa\u011flamak.\r\n        <\/p>\r\n      <\/div>\r\n    <\/div>\r\n\r\n    <div class=\"ka-fikir-note\">\r\n      <strong>\u00dcretimin Ba\u015flad\u0131\u011f\u0131 \u0130lk Somut Basamak<\/strong>\r\n<p>\r\n<p>Bu a\u015fama yaln\u0131zca teknik gezi ile ba\u015flayan bir s\u00fcre\u00e7 de\u011fildir. Teknik gezi \u00f6ncesinde gerekli ara\u015ft\u0131rmalarla ba\u015flar ve teknik gezi sonras\u0131nda proje dosyas\u0131 olu\u015fum a\u015famas\u0131na kadar devam eden dinamik bir s\u00fcre\u00e7tir.<\/p>\r\n<p>\ud83d\udccc Bu a\u015famada geli\u015ftirilen proje fikirleri, d\u00f6rd\u00fcnc\u00fc a\u015fama olan inovasyon s\u00fcrecinin temelini olu\u015fturur.<\/p>\r\n<p>\u00d6n Ara\u015ft\u0131rma\r\n\u2192\r\nTeknik Gezi\r\n\u2192\r\nProje Dosyas\u0131<\/p>\r\n    <\/div>\r\n\r\n    <div class=\"ka-fikir-footer\">\r\n      <div class=\"ka-fikir-slogan\">Her B\u00fcy\u00fck Proje Bir Fikirle Ba\u015flar.<\/div>\r\n\r\n      <a class=\"ka-fikir-btn\" href=\"https:\/\/kulupler.atauni.edu.tr\/muhendislik-kariyer-kulubu\/kariyer-atlasi\/kariyer-atlasi-konsept\/\" target=\"_self\" rel=\"noopener noreferrer\">\r\n        Pojelerimiz\r\n      <\/a>\r\n    <\/div>\r\n  <\/div>\r\n<\/section>\t\t\t\t<\/div>\n\t\t\t\t<\/div>\n\t\t\t\t\t<\/div>\n\t\t<\/div>\n\t\t\t\t\t<\/div>\n\t\t<\/section>\n\t\t\t\t<section class=\"elementor-section elementor-top-section elementor-element elementor-element-044c162 elementor-section-boxed elementor-section-height-default elementor-section-height-default\" data-id=\"044c162\" data-element_type=\"section\">\n\t\t\t\t\t\t<div class=\"elementor-container elementor-column-gap-default\">\n\t\t\t\t\t<div class=\"elementor-column elementor-col-100 elementor-top-column elementor-element elementor-element-60bebcb\" data-id=\"60bebcb\" data-element_type=\"column\">\n\t\t\t<div class=\"elementor-widget-wrap elementor-element-populated\">\n\t\t\t\t\t\t<div class=\"elementor-element elementor-element-ac1e099 elementor-widget elementor-widget-html\" data-id=\"ac1e099\" data-element_type=\"widget\" data-widget_type=\"html.default\">\n\t\t\t\t<div class=\"elementor-widget-container\">\n\t\t\t\t\t<section class=\"logo-vitrin logo-vitrin-apps\">\r\n\r\n  <div class=\"logo-vitrin-row\">\r\n\r\n    <div class=\"logo-link\">\r\n      <img decoding=\"async\" src=\"https:\/\/kulupler.atauni.edu.tr\/muhendislik-kariyer-kulubu\/wp-content\/uploads\/sites\/178\/2025\/11\/logoAnketify.png\" alt=\"Anketify\" class=\"logo-img\" \/>\r\n    <\/div>\r\n    \r\n        <div class=\"logo-link\">\r\n      <img decoding=\"async\" src=\"https:\/\/kulupler.atauni.edu.tr\/muhendislik-kariyer-kulubu\/wp-content\/uploads\/sites\/178\/2025\/12\/peoplember.png\" alt=\"Peoplember\" class=\"logo-img\" \/>\r\n    <\/div>\r\n    \r\n    <div class=\"logo-link\">\r\n      <img decoding=\"async\" src=\"https:\/\/kulupler.atauni.edu.tr\/muhendislik-kariyer-kulubu\/wp-content\/uploads\/sites\/178\/2026\/03\/IdeaForge.png\" alt=\"Peoplember\" class=\"logo-img\" \/>\r\n    <\/div>\r\n\r\n\r\n\r\n  <\/div>\r\n\r\n<\/section>\t\t\t\t<\/div>\n\t\t\t\t<\/div>\n\t\t\t\t\t<\/div>\n\t\t<\/div>\n\t\t\t\t\t<\/div>\n\t\t<\/section>\n\t\t\t\t<section class=\"elementor-section elementor-top-section elementor-element elementor-element-e067d29 elementor-section-boxed elementor-section-height-default elementor-section-height-default\" data-id=\"e067d29\" data-element_type=\"section\">\n\t\t\t\t\t\t<div class=\"elementor-container elementor-column-gap-default\">\n\t\t\t\t\t<div class=\"elementor-column elementor-col-100 elementor-top-column elementor-element elementor-element-8cc80f4\" data-id=\"8cc80f4\" data-element_type=\"column\">\n\t\t\t<div class=\"elementor-widget-wrap elementor-element-populated\">\n\t\t\t\t\t\t<div class=\"elementor-element elementor-element-5d6ec03 elementor-widget elementor-widget-html\" data-id=\"5d6ec03\" data-element_type=\"widget\" data-widget_type=\"html.default\">\n\t\t\t\t<div class=\"elementor-widget-container\">\n\t\t\t\t\t<!-- EtkiClub Komitesi i\u00e7in ekip tan\u0131t\u0131m blo\u011fu -->\r\n<div class=\"club-team-section club-team--vizyonclub\">\r\n  <div class=\"club-team-header\">\r\n    <span class=\"club-team-badge\">EtkiClub Komitesi<\/span>\r\n    <h2>EtkiClub Komitesi Ekibimiz<\/h2>\r\n    <p class=\"club-team-subtitle\">\r\n      Kul\u00fcb\u00fcm\u00fcz\u00fcn EtkiClub Komitesi kapsam\u0131nda aktif g\u00f6rev alan ekibimiz.\r\n    <\/p>\r\n  <\/div>\r\n\r\n  <div class=\"club-team-grid\">\r\n\r\n    <article class=\"club-team-card\">\r\n      <div class=\"club-team-avatar\">\r\n        <img decoding=\"async\" src=\"https:\/\/kulupler.atauni.edu.tr\/muhendislik-kariyer-kulubu\/wp-content\/uploads\/sites\/178\/2025\/11\/Ayfer-Begum-Keles.jpg\" alt=\"Ayfer Beg\u00fcm Kele\u015f - EtkiClub Komite Koordinat\u00f6r\u00fc\">\r\n      <\/div>\r\n      <div class=\"club-team-info\">\r\n        <h3 class=\"club-team-name\">Ayfer Beg\u00fcm Kele\u015f<\/h3>\r\n        <p class=\"club-team-role\"> Koordinat\u00f6r<\/p>\r\n      <\/div>\r\n    <\/article>\r\n    <article class=\"club-team-card\">\r\n      <div class=\"club-team-avatar\">\r\n        <img decoding=\"async\" src=\"https:\/\/kulupler.atauni.edu.tr\/muhendislik-kariyer-kulubu\/wp-content\/uploads\/sites\/178\/2025\/11\/Nisanur-Nisgavlioglu.jpg\" alt=\"Nisanur Nisgavlio\u011flu\">\r\n      <\/div>\r\n      <div class=\"club-team-info\">\r\n        <h3 class=\"club-team-name\">Nisanur Nisgavlio\u011flu<\/h3>\r\n        <p class=\"club-team-role\">\u0130\u015f Sa\u011fl\u0131\u011f\u0131 ve G\u00fcvenli\u011fi<\/p>\r\n      <\/div>\r\n    <\/article>\r\n    <article class=\"club-team-card\">\r\n      <div class=\"club-team-avatar\">\r\n        <img decoding=\"async\" src=\"https:\/\/kulupler.atauni.edu.tr\/muhendislik-kariyer-kulubu\/wp-content\/uploads\/sites\/178\/2025\/11\/Aynur-Kaciroglu.png\" alt=\"Aynur Kaciro\u011flu - Staj ve \u0130ME\">\r\n      <\/div>\r\n      <div class=\"club-team-info\">\r\n        <h3 class=\"club-team-name\">Aynur Kaciro\u011flu<\/h3>\r\n        <p class=\"club-team-role\">Staj ve \u0130ME<\/p>\r\n      <\/div>\r\n    <\/article>\r\n    <article class=\"club-team-card\">\r\n      <div class=\"club-team-avatar\">\r\n        <img decoding=\"async\" src=\"\" alt=\"Nuri Efe \u00c7\u0131nar\">\r\n      <\/div>\r\n      <div class=\"club-team-info\">\r\n        <h3 class=\"club-team-name\">Nuri Efe \u00c7\u0131nar<\/h3>\r\n        <p class=\"club-team-role\">Proje Geli\u015ftirme<\/p>\r\n      <\/div>\r\n    <\/article>\r\n  <\/div>\r\n<\/div>\t\t\t\t<\/div>\n\t\t\t\t<\/div>\n\t\t\t\t\t<\/div>\n\t\t<\/div>\n\t\t\t\t\t<\/div>\n\t\t<\/section>\n\t\t\t\t<\/div>\n\t\t","protected":false},"excerpt":{"rendered":"<p>ETKICLUB \u00b7 \u0130NSAN KAYNA\u011eI &amp; KURUMSAL K\u0130ML\u0130K \ud83c\udf1f EtkiClub \u0130nsan Kayna\u011f\u0131n\u0131n G\u00fc\u00e7 Merkezi EtkiClub, kul\u00fcb\u00fcn insan kayna\u011f\u0131n\u0131 y\u00f6neten, \u00fcyelik s\u00fcre\u00e7lerini d\u00fczenleyen ve kurumsal kimli\u011fini temsil eden merkezdir. \u00dcye al\u0131mlar\u0131n\u0131, kul\u00fcp tan\u0131t\u0131m faaliyetlerini, sosyal medya ileti\u015fimini ve kul\u00fcp i\u00e7i geri bildirim anketlerini organize eder. Ayn\u0131 zamanda \u0130\u015f Sa\u011fl\u0131\u011f\u0131 ve G\u00fcvenli\u011fi k\u00fclt\u00fcr\u00fcn\u00fc geli\u015ftirir; staj s\u00fcre\u00e7lerinin planlanmas\u0131n\u0131 ve [&hellip;]<\/p>\n","protected":false},"author":3,"featured_media":0,"parent":536,"menu_order":0,"comment_status":"closed","ping_status":"closed","template":"","meta":{"inline_featured_image":false,"footnotes":""},"class_list":["post-635","page","type-page","status-publish","hentry"],"_links":{"self":[{"href":"https:\/\/kulupler.atauni.edu.tr\/muhendislik-kariyer-kulubu\/wp-json\/wp\/v2\/pages\/635","targetHints":{"allow":["GET"]}}],"collection":[{"href":"https:\/\/kulupler.atauni.edu.tr\/muhendislik-kariyer-kulubu\/wp-json\/wp\/v2\/pages"}],"about":[{"href":"https:\/\/kulupler.atauni.edu.tr\/muhendislik-kariyer-kulubu\/wp-json\/wp\/v2\/types\/page"}],"author":[{"embeddable":true,"href":"https:\/\/kulupler.atauni.edu.tr\/muhendislik-kariyer-kulubu\/wp-json\/wp\/v2\/users\/3"}],"replies":[{"embeddable":true,"href":"https:\/\/kulupler.atauni.edu.tr\/muhendislik-kariyer-kulubu\/wp-json\/wp\/v2\/comments?post=635"}],"version-history":[{"count":174,"href":"https:\/\/kulupler.atauni.edu.tr\/muhendislik-kariyer-kulubu\/wp-json\/wp\/v2\/pages\/635\/revisions"}],"predecessor-version":[{"id":3164,"href":"https:\/\/kulupler.atauni.edu.tr\/muhendislik-kariyer-kulubu\/wp-json\/wp\/v2\/pages\/635\/revisions\/3164"}],"up":[{"embeddable":true,"href":"https:\/\/kulupler.atauni.edu.tr\/muhendislik-kariyer-kulubu\/wp-json\/wp\/v2\/pages\/536"}],"wp:attachment":[{"href":"https:\/\/kulupler.atauni.edu.tr\/muhendislik-kariyer-kulubu\/wp-json\/wp\/v2\/media?parent=635"}],"curies":[{"name":"wp","href":"https:\/\/api.w.org\/{rel}","templated":true}]}}