{"id":141,"date":"2025-07-24T13:30:09","date_gmt":"2025-07-24T10:30:09","guid":{"rendered":"https:\/\/kulupler.atauni.edu.tr\/sektor-ogrenci-isbirligi-kulubu\/?page_id=141"},"modified":"2025-07-31T08:40:53","modified_gmt":"2025-07-31T05:40:53","slug":"hakkmizda","status":"publish","type":"page","link":"https:\/\/kulupler.atauni.edu.tr\/sektor-ogrenci-isbirligi-kulubu\/hakkmizda\/","title":{"rendered":"Hakkm\u0131zda"},"content":{"rendered":"\t\t<div data-elementor-type=\"wp-page\" data-elementor-id=\"141\" class=\"elementor elementor-141\" data-elementor-post-type=\"page\">\n\t\t\t\t\t\t<section class=\"elementor-section elementor-top-section elementor-element elementor-element-85401ee elementor-section-boxed elementor-section-height-default elementor-section-height-default\" data-id=\"85401ee\" data-element_type=\"section\">\n\t\t\t\t\t\t<div class=\"elementor-container elementor-column-gap-default\">\n\t\t\t\t\t<div class=\"elementor-column elementor-col-100 elementor-top-column elementor-element elementor-element-52e797f\" data-id=\"52e797f\" data-element_type=\"column\">\n\t\t\t<div class=\"elementor-widget-wrap elementor-element-populated\">\n\t\t\t\t\t\t<div class=\"elementor-element elementor-element-67e2ba1 elementor-widget elementor-widget-shortcode\" data-id=\"67e2ba1\" data-element_type=\"widget\" data-widget_type=\"shortcode.default\">\n\t\t\t\t<div class=\"elementor-widget-container\">\n\t\t\t\t\t\t\t<div class=\"elementor-shortcode\">    <div class=\"kulup-yonetimi\">\n        <h3>Kul\u00fcp Y\u00f6netimi<\/h3>\n        <ul style=\"list-style: none; padding-left: 0;\">\n                            <li><strong>Ba\u015fkan:<\/strong> \u015e\u00fckriye Yeliz CAN\u00d6ZER<\/li>\n                                        <li><strong>Ba\u015fkan Yard\u0131mc\u0131s\u0131:<\/strong> Selma OKUMU\u015e<\/li>\n                                        <li><strong>Dan\u0131\u015fman:<\/strong> Do\u00e7.Dr. F\u0131rat ALTINKAYNAK<\/li>\n                    <\/ul>\n    <\/div>\n    <BR><strong>Fak\u00fclte:<\/strong>   Oltu Be\u015feri ve Sosyal Bilimler Fak\u00fcltesi<br>\n<strong>Program:  <\/strong>Finans ve Bankac\u0131l\u0131k Program\u0131 \n<br>\n<strong>Amac\u0131:<\/strong><br> \nYeni nesil \u00fcniversite kapsam\u0131nda, \u00f6\u011frencilerin sekt\u00f6rle beraber \u00e7al\u0131\u015ftaylar, paneller ve \u00f6\u011frenci-sekt\u00f6r zirveleri d\u00fczenleyerek, \u00fcniversite sekt\u00f6r i\u015fbirli\u011fini etkin ve aktif k\u0131lmakt\u0131r. \n<\/div>\n\t\t\t\t\t\t<\/div>\n\t\t\t\t<\/div>\n\t\t\t\t\t<\/div>\n\t\t<\/div>\n\t\t\t\t\t<\/div>\n\t\t<\/section>\n\t\t\t\t<section class=\"elementor-section elementor-top-section elementor-element elementor-element-cec6e68 elementor-section-boxed elementor-section-height-default elementor-section-height-default\" data-id=\"cec6e68\" data-element_type=\"section\">\n\t\t\t\t\t\t<div class=\"elementor-container elementor-column-gap-default\">\n\t\t\t\t\t<div class=\"elementor-column elementor-col-100 elementor-top-column elementor-element elementor-element-77c721f\" data-id=\"77c721f\" data-element_type=\"column\">\n\t\t\t<div class=\"elementor-widget-wrap elementor-element-populated\">\n\t\t\t\t\t\t<div class=\"elementor-element elementor-element-2c0ef79 elementor-widget elementor-widget-spacer\" data-id=\"2c0ef79\" data-element_type=\"widget\" data-widget_type=\"spacer.default\">\n\t\t\t\t<div class=\"elementor-widget-container\">\n\t\t\t\t\t\t\t<div class=\"elementor-spacer\">\n\t\t\t<div class=\"elementor-spacer-inner\"><\/div>\n\t\t<\/div>\n\t\t\t\t\t\t<\/div>\n\t\t\t\t<\/div>\n\t\t\t\t\t<\/div>\n\t\t<\/div>\n\t\t\t\t\t<\/div>\n\t\t<\/section>\n\t\t\t\t<\/div>\n\t\t","protected":false},"excerpt":{"rendered":"<p>Fak\u00fclte: Program: Amac\u0131:<\/p>\n","protected":false},"author":1,"featured_media":0,"parent":0,"menu_order":0,"comment_status":"closed","ping_status":"closed","template":"elementor_header_footer","meta":{"inline_featured_image":false,"footnotes":""},"class_list":["post-141","page","type-page","status-publish","hentry"],"_links":{"self":[{"href":"https:\/\/kulupler.atauni.edu.tr\/sektor-ogrenci-isbirligi-kulubu\/wp-json\/wp\/v2\/pages\/141","targetHints":{"allow":["GET"]}}],"collection":[{"href":"https:\/\/kulupler.atauni.edu.tr\/sektor-ogrenci-isbirligi-kulubu\/wp-json\/wp\/v2\/pages"}],"about":[{"href":"https:\/\/kulupler.atauni.edu.tr\/sektor-ogrenci-isbirligi-kulubu\/wp-json\/wp\/v2\/types\/page"}],"author":[{"embeddable":true,"href":"https:\/\/kulupler.atauni.edu.tr\/sektor-ogrenci-isbirligi-kulubu\/wp-json\/wp\/v2\/users\/1"}],"replies":[{"embeddable":true,"href":"https:\/\/kulupler.atauni.edu.tr\/sektor-ogrenci-isbirligi-kulubu\/wp-json\/wp\/v2\/comments?post=141"}],"version-history":[{"count":13,"href":"https:\/\/kulupler.atauni.edu.tr\/sektor-ogrenci-isbirligi-kulubu\/wp-json\/wp\/v2\/pages\/141\/revisions"}],"predecessor-version":[{"id":310,"href":"https:\/\/kulupler.atauni.edu.tr\/sektor-ogrenci-isbirligi-kulubu\/wp-json\/wp\/v2\/pages\/141\/revisions\/310"}],"wp:attachment":[{"href":"https:\/\/kulupler.atauni.edu.tr\/sektor-ogrenci-isbirligi-kulubu\/wp-json\/wp\/v2\/media?parent=141"}],"curies":[{"name":"wp","href":"https:\/\/api.w.org\/{rel}","templated":true}]}}