{"id":145,"date":"2025-07-24T13:30:58","date_gmt":"2025-07-24T10:30:58","guid":{"rendered":"https:\/\/kulupler.atauni.edu.tr\/sektor-ogrenci-isbirligi-kulubu\/?page_id=145"},"modified":"2025-07-24T14:59:38","modified_gmt":"2025-07-24T11:59:38","slug":"genel-bilgi","status":"publish","type":"page","link":"https:\/\/kulupler.atauni.edu.tr\/sektor-ogrenci-isbirligi-kulubu\/genel-bilgi\/","title":{"rendered":"Genel Bilgi"},"content":{"rendered":"\t\t<div data-elementor-type=\"wp-page\" data-elementor-id=\"145\" class=\"elementor elementor-145\" data-elementor-post-type=\"page\">\n\t\t\t\t\t\t<section class=\"elementor-section elementor-top-section elementor-element elementor-element-540b4f0 elementor-section-boxed elementor-section-height-default elementor-section-height-default\" data-id=\"540b4f0\" data-element_type=\"section\">\n\t\t\t\t\t\t<div class=\"elementor-container elementor-column-gap-default\">\n\t\t\t\t\t<div class=\"elementor-column elementor-col-100 elementor-top-column elementor-element elementor-element-81b3595\" data-id=\"81b3595\" data-element_type=\"column\">\n\t\t\t<div class=\"elementor-widget-wrap elementor-element-populated\">\n\t\t\t\t\t\t<div class=\"elementor-element elementor-element-806026a elementor-widget elementor-widget-heading\" data-id=\"806026a\" data-element_type=\"widget\" data-widget_type=\"heading.default\">\n\t\t\t\t<div class=\"elementor-widget-container\">\n\t\t\t\t\t<h2 class=\"elementor-heading-title elementor-size-default\">\u00dcye Olma<\/h2>\t\t\t\t<\/div>\n\t\t\t\t<\/div>\n\t\t\t\t<div class=\"elementor-element elementor-element-801064a elementor-widget elementor-widget-text-editor\" data-id=\"801064a\" data-element_type=\"widget\" data-widget_type=\"text-editor.default\">\n\t\t\t\t<div class=\"elementor-widget-container\">\n\t\t\t\t\t\t\t\t\t<p>Kul\u00fcplere sadece Atat\u00fcrk \u00dcniversitesi \u00f6\u011frencileri \u00fcye olabilir.<br \/>\u00dcyelik ba\u015fvurusu \u00d6\u011frenci Bilgi Sistemi (OBS) \u00fczerinden yap\u0131l\u0131r ve kul\u00fcp \u00fcyelik taahh\u00fctnamesi onaylanarak \u00fcyeli\u011fe ba\u015fvurulur. Bir \u00f6\u011frenci birden fazla kul\u00fcbe \u00fcye olabilir ancak kendi Fak\u00fcltesi\/Y\u00fcksekokulu b\u00fcnyesindeki bir kul\u00fcb\u00fcn y\u00f6netiminde yer alabilir.<br \/>A\u00e7\u0131k \u00f6\u011fretim ve uzaktan \u00f6\u011fretim \u00f6\u011frencileri, \u00fcye olamaz. Y\u00fcksek lisans, doktora, \u00f6\u011frencileri \u00fcye olabilir ancak, kul\u00fcp kuramaz, kul\u00fcp y\u00f6netiminde yer alamaz.<\/p>\t\t\t\t\t\t\t\t<\/div>\n\t\t\t\t<\/div>\n\t\t\t\t\t<\/div>\n\t\t<\/div>\n\t\t\t\t\t<\/div>\n\t\t<\/section>\n\t\t\t\t<section class=\"elementor-section elementor-top-section elementor-element elementor-element-2ae3f48 elementor-section-boxed elementor-section-height-default elementor-section-height-default\" data-id=\"2ae3f48\" data-element_type=\"section\">\n\t\t\t\t\t\t<div class=\"elementor-container elementor-column-gap-default\">\n\t\t\t\t\t<div class=\"elementor-column elementor-col-100 elementor-top-column elementor-element elementor-element-ad9accf\" data-id=\"ad9accf\" data-element_type=\"column\">\n\t\t\t<div class=\"elementor-widget-wrap elementor-element-populated\">\n\t\t\t\t\t\t<div class=\"elementor-element elementor-element-f5716ce elementor-widget elementor-widget-heading\" data-id=\"f5716ce\" data-element_type=\"widget\" data-widget_type=\"heading.default\">\n\t\t\t\t<div class=\"elementor-widget-container\">\n\t\t\t\t\t<h2 class=\"elementor-heading-title elementor-size-default\">\u00dcyelikten \u00c7\u0131kma<\/h2>\t\t\t\t<\/div>\n\t\t\t\t<\/div>\n\t\t\t\t<div class=\"elementor-element elementor-element-632d607 elementor-widget elementor-widget-text-editor\" data-id=\"632d607\" data-element_type=\"widget\" data-widget_type=\"text-editor.default\">\n\t\t\t\t<div class=\"elementor-widget-container\">\n\t\t\t\t\t\t\t\t\t<p>\u00d6\u011frencinin talebi veya kay\u0131tl\u0131 oldu\u011fu programdan mezun olmas\u0131 ya da herhangi bir nedenle ayr\u0131lmas\u0131 durumlar\u0131nda \u00f6\u011frenci \u00fcyesi oldu\u011fu kul\u00fcpten \u00e7\u0131km\u0131\u015f say\u0131l\u0131r.<\/p>\t\t\t\t\t\t\t\t<\/div>\n\t\t\t\t<\/div>\n\t\t\t\t\t<\/div>\n\t\t<\/div>\n\t\t\t\t\t<\/div>\n\t\t<\/section>\n\t\t\t\t<section class=\"elementor-section elementor-top-section elementor-element elementor-element-089b6a2 elementor-section-boxed elementor-section-height-default elementor-section-height-default\" data-id=\"089b6a2\" data-element_type=\"section\">\n\t\t\t\t\t\t<div class=\"elementor-container elementor-column-gap-default\">\n\t\t\t\t\t<div class=\"elementor-column elementor-col-100 elementor-top-column elementor-element elementor-element-76add80\" data-id=\"76add80\" data-element_type=\"column\">\n\t\t\t<div class=\"elementor-widget-wrap elementor-element-populated\">\n\t\t\t\t\t\t<div class=\"elementor-element elementor-element-0a6930e elementor-widget elementor-widget-heading\" data-id=\"0a6930e\" data-element_type=\"widget\" data-widget_type=\"heading.default\">\n\t\t\t\t<div class=\"elementor-widget-container\">\n\t\t\t\t\t<h2 class=\"elementor-heading-title elementor-size-default\">\u00dcyelikten \u00c7\u0131kar\u0131lma<\/h2>\t\t\t\t<\/div>\n\t\t\t\t<\/div>\n\t\t\t\t<div class=\"elementor-element elementor-element-8a805fe elementor-widget elementor-widget-text-editor\" data-id=\"8a805fe\" data-element_type=\"widget\" data-widget_type=\"text-editor.default\">\n\t\t\t\t<div class=\"elementor-widget-container\">\n\t\t\t\t\t\t\t\t\t<p>Y\u00f6netim kurulunun \u00f6nerisi, kul\u00fcp dan\u0131\u015fman\u0131n onay\u0131 veya genel kurul toplant\u0131s\u0131na \u00fcst \u00fcste iki kere kat\u0131lmama ya da Kul\u00fcp Koordinasyon Kurulunun gerekli g\u00f6rd\u00fc\u011f\u00fc di\u011fer durumlarda alaca\u011f\u0131 karara ba\u011fl\u0131 olarak \u00f6\u011frenci \u00fcyesi oldu\u011fu \u00f6\u011frenci kul\u00fcb\u00fcnden \u00e7\u0131kart\u0131lm\u0131\u015f say\u0131l\u0131r.<\/p>\t\t\t\t\t\t\t\t<\/div>\n\t\t\t\t<\/div>\n\t\t\t\t\t<\/div>\n\t\t<\/div>\n\t\t\t\t\t<\/div>\n\t\t<\/section>\n\t\t\t\t<section class=\"elementor-section elementor-top-section elementor-element elementor-element-43206c1 elementor-section-boxed elementor-section-height-default elementor-section-height-default\" data-id=\"43206c1\" data-element_type=\"section\">\n\t\t\t\t\t\t<div class=\"elementor-container elementor-column-gap-default\">\n\t\t\t\t\t<div class=\"elementor-column elementor-col-100 elementor-top-column elementor-element elementor-element-d01756a\" data-id=\"d01756a\" data-element_type=\"column\">\n\t\t\t<div class=\"elementor-widget-wrap elementor-element-populated\">\n\t\t\t\t\t\t<div class=\"elementor-element elementor-element-fb3172d elementor-widget elementor-widget-heading\" data-id=\"fb3172d\" data-element_type=\"widget\" data-widget_type=\"heading.default\">\n\t\t\t\t<div class=\"elementor-widget-container\">\n\t\t\t\t\t<h2 class=\"elementor-heading-title elementor-size-default\">Kul\u00fcp Organlar\u0131<\/h2>\t\t\t\t<\/div>\n\t\t\t\t<\/div>\n\t\t\t\t<div class=\"elementor-element elementor-element-a26b171 elementor-widget elementor-widget-text-editor\" data-id=\"a26b171\" data-element_type=\"widget\" data-widget_type=\"text-editor.default\">\n\t\t\t\t<div class=\"elementor-widget-container\">\n\t\t\t\t\t\t\t\t\t<p>Genel Kurul<br \/>Y\u00f6netim Kurulu<br \/>Denetim Kurulu<\/p>\t\t\t\t\t\t\t\t<\/div>\n\t\t\t\t<\/div>\n\t\t\t\t\t<\/div>\n\t\t<\/div>\n\t\t\t\t\t<\/div>\n\t\t<\/section>\n\t\t\t\t<section class=\"elementor-section elementor-top-section elementor-element elementor-element-9beca1a elementor-section-boxed elementor-section-height-default elementor-section-height-default\" data-id=\"9beca1a\" data-element_type=\"section\">\n\t\t\t\t\t\t<div class=\"elementor-container elementor-column-gap-default\">\n\t\t\t\t\t<div class=\"elementor-column elementor-col-100 elementor-top-column elementor-element elementor-element-b9b0679\" data-id=\"b9b0679\" data-element_type=\"column\">\n\t\t\t<div class=\"elementor-widget-wrap elementor-element-populated\">\n\t\t\t\t\t\t<div class=\"elementor-element elementor-element-1d223a7 elementor-widget elementor-widget-heading\" data-id=\"1d223a7\" data-element_type=\"widget\" data-widget_type=\"heading.default\">\n\t\t\t\t<div class=\"elementor-widget-container\">\n\t\t\t\t\t<h2 class=\"elementor-heading-title elementor-size-default\">Genel Kurul<\/h2>\t\t\t\t<\/div>\n\t\t\t\t<\/div>\n\t\t\t\t<div class=\"elementor-element elementor-element-b66b6e2 elementor-widget elementor-widget-text-editor\" data-id=\"b66b6e2\" data-element_type=\"widget\" data-widget_type=\"text-editor.default\">\n\t\t\t\t<div class=\"elementor-widget-container\">\n\t\t\t\t\t\t\t\t\t<p>Genel kurul kul\u00fcb\u00fcn genel karar organ\u0131d\u0131r.<br \/>Genel kurulu kul\u00fcbe kay\u0131tl\u0131 \u00fcyelerden olu\u015fur.<br \/>Genel kurul, her y\u0131l Ekim ay\u0131 sonuna kadar yap\u0131l\u0131r.<br \/>Genel kurulun ola\u011fan toplant\u0131 tarihi, y\u00f6netim kurulu taraf\u0131ndan, toplant\u0131 tarihinden 15 g\u00fcn \u00f6nce \u00fcyelere bildirilir.<br \/>Ola\u011fan\u00fcst\u00fc genel kurul toplant\u0131s\u0131 kul\u00fcp \u00fcyelerinin 1\/3 n\u00fcn yaz\u0131l\u0131 iste\u011fi ile yap\u0131l\u0131r ve toplant\u0131 bir hafta (7 g\u00fcn) \u00f6nceden \u00fcyelere bildirilir.<br \/>Genel kurulun toplant\u0131 yeter say\u0131s\u0131 mevcut \u00fcyelerin yar\u0131dan bir fazlas\u0131d\u0131r.<br \/>Genel Kurul karar yeter say\u0131s\u0131 toplant\u0131ya kat\u0131lan \u00fcyelerin salt \u00e7o\u011funlu\u011fudur. Ancak kul\u00fcb\u00fcn feshi ile \u00fcyelikten \u00e7\u0131karma kararlar\u0131nda karar yeter say\u0131s\u0131 genel kurul toplant\u0131s\u0131na kat\u0131lanlar\u0131n 2\/3\u2019d\u00fcr.<br \/>Se\u00e7imler, gizli oy a\u00e7\u0131k say\u0131m esas\u0131na g\u00f6re yap\u0131l\u0131r.<br \/>Genel Kurulun G\u00f6rev ve Yetkileri<br \/>a) Ba\u015fkan ve sekreter se\u00e7ilir ve ba\u015fkan\u0131n y\u00f6netiminde toplant\u0131 s\u00fcrd\u00fcr\u00fcl\u00fcr.<br \/>b) Kul\u00fcp t\u00fcz\u00fc\u011f\u00fcn\u00fc, Atat\u00fcrk \u00dcniversitesi \u00d6\u011frenci Kul\u00fcp Y\u00f6nergesi ile y\u00fcr\u00fcrl\u00fckteki konu ile ilgili di\u011fer mevzuat h\u00fck\u00fcmlerine ve kul\u00fcp ama\u00e7lar\u0131na uygunlu\u011fu a\u00e7\u0131s\u0131ndan inceleyerek karara ba\u011flar.<br \/>c) Y\u00f6netim ve Denetim Kurulu \u00fcyelerini se\u00e7er.<br \/>d) \u00dcyelikten \u00e7\u0131karma \u00f6nerilerini karara ba\u011flar.<br \/>e) Y\u00f6netim ve denetim kurullar\u0131 taraf\u0131ndan sunulan faaliyet ve denetleme raporlar\u0131n\u0131 inceleyerek karara ba\u011flar.<\/p>\t\t\t\t\t\t\t\t<\/div>\n\t\t\t\t<\/div>\n\t\t\t\t\t<\/div>\n\t\t<\/div>\n\t\t\t\t\t<\/div>\n\t\t<\/section>\n\t\t\t\t<section class=\"elementor-section elementor-top-section elementor-element elementor-element-23289a2 elementor-section-boxed elementor-section-height-default elementor-section-height-default\" data-id=\"23289a2\" data-element_type=\"section\">\n\t\t\t\t\t\t<div class=\"elementor-container elementor-column-gap-default\">\n\t\t\t\t\t<div class=\"elementor-column elementor-col-100 elementor-top-column elementor-element elementor-element-b3bcae2\" data-id=\"b3bcae2\" data-element_type=\"column\">\n\t\t\t<div class=\"elementor-widget-wrap elementor-element-populated\">\n\t\t\t\t\t\t<div class=\"elementor-element elementor-element-acbc787 elementor-widget elementor-widget-heading\" data-id=\"acbc787\" data-element_type=\"widget\" data-widget_type=\"heading.default\">\n\t\t\t\t<div class=\"elementor-widget-container\">\n\t\t\t\t\t<h2 class=\"elementor-heading-title elementor-size-default\">Y\u00f6netim Kurulu<\/h2>\t\t\t\t<\/div>\n\t\t\t\t<\/div>\n\t\t\t\t<div class=\"elementor-element elementor-element-cca29fa elementor-widget elementor-widget-text-editor\" data-id=\"cca29fa\" data-element_type=\"widget\" data-widget_type=\"text-editor.default\">\n\t\t\t\t<div class=\"elementor-widget-container\">\n\t\t\t\t\t\t\t\t\t<p>Y\u00f6netim kurulu kul\u00fcb\u00fcn y\u00fcr\u00fctme organ\u0131d\u0131r.<br \/>Kul\u00fcp dan\u0131\u015fman\u0131 y\u00f6netim kurulunun do\u011fal \u00fcyesidir ancak oy kullanamaz.<br \/>Her akademik y\u0131l\u0131n ba\u015f\u0131nda genel kurul taraf\u0131ndan ilgili akademik y\u0131l\u0131 i\u00e7in se\u00e7ilen 7 asil ve 3 yedek \u00fcyeden olu\u015fur.<br \/>Bir \u00fcye kendi Fak\u00fcltesi\/Y\u00fcksekokulu d\u0131\u015f\u0131nda ve birden fazla kul\u00fcp y\u00f6netiminde, y\u00f6netim kurulu \u00fcyesi olamaz.<br \/>Y\u00fcksek\u00f6\u011fretim kurumlar\u0131 \u00f6\u011frenci disiplin y\u00f6netmeli\u011fi kapsam\u0131nda herhangi bir disiplin cezas\u0131 alm\u0131\u015f \u00f6\u011frenciler, kul\u00fcb\u00fcn y\u00f6netim kurulunda g\u00f6rev alamazlar y\u00f6netici iken ceza alan \u00f6\u011frenciler bu g\u00f6revi b\u0131rakmak zorundad\u0131r.<br \/>Y\u00f6netim Kurulunun G\u00f6rev ve Yetkileri<br \/>a) \u00dcyeler kendi aralar\u0131nda g\u00f6rev da\u011f\u0131l\u0131m\u0131 yaparak Ba\u015fkan, ba\u015fkan yard\u0131mc\u0131s\u0131 ve sekreteri se\u00e7erler. Y\u00f6netim kurulunda kararlar \u00fcyelerin salt \u00e7o\u011funlu\u011fu ile al\u0131n\u0131r.<br \/>b) Y\u00f6netim Kurulu \u00fcyelerinden birer ki\u015fi faaliyet sorumlusu, e\u011fitim sorumlusu ve malzeme sorumlusu olarak ba\u015fkan taraf\u0131ndan g\u00f6revlendirilir.<br \/>c) Kul\u00fcp t\u00fcz\u00fc\u011f\u00fcn\u00fc haz\u0131rlayarak genel kurul onay\u0131na sunar.<br \/>d) Y\u00f6netim Kurulu, \u00e7al\u0131\u015fmalar\u0131n Atat\u00fcrk \u00dcniversitesi \u00d6\u011frenci Kul\u00fcpleri y\u00f6nergesine uygun y\u00fcr\u00fct\u00fclmesi ve denetlenmesi hususunda genel kurula, ilgili akademik birim y\u00f6netimine ve koordinasyon kuruluna kar\u015f\u0131 sorumludur.<br \/>e) Y\u0131ll\u0131k faaliyet program\u0131 haz\u0131rlayarak koordinasyon kuruluna sunar.<br \/>f) Kul\u00fcb\u00fcn t\u00fcm etkinliklerde koordinasyon kurulunun onay\u0131n\u0131 al\u0131r.<br \/>g) Kul\u00fcb\u00fcn demirba\u015f e\u015fyalar\u0131n\u0131n korunmas\u0131ndan dan\u0131\u015fmana kar\u015f\u0131 sorumludur.<br \/>Y\u00f6netim Kurulu, genel kurul karar\u0131 ile g\u00f6revden al\u0131n\u0131r.<\/p>\t\t\t\t\t\t\t\t<\/div>\n\t\t\t\t<\/div>\n\t\t\t\t\t<\/div>\n\t\t<\/div>\n\t\t\t\t\t<\/div>\n\t\t<\/section>\n\t\t\t\t<section class=\"elementor-section elementor-top-section elementor-element elementor-element-ea6f2e0 elementor-section-boxed elementor-section-height-default elementor-section-height-default\" data-id=\"ea6f2e0\" data-element_type=\"section\">\n\t\t\t\t\t\t<div class=\"elementor-container elementor-column-gap-default\">\n\t\t\t\t\t<div class=\"elementor-column elementor-col-100 elementor-top-column elementor-element elementor-element-fe64366\" data-id=\"fe64366\" data-element_type=\"column\">\n\t\t\t<div class=\"elementor-widget-wrap elementor-element-populated\">\n\t\t\t\t\t\t<div class=\"elementor-element elementor-element-e3d2b9e elementor-widget elementor-widget-heading\" data-id=\"e3d2b9e\" data-element_type=\"widget\" data-widget_type=\"heading.default\">\n\t\t\t\t<div class=\"elementor-widget-container\">\n\t\t\t\t\t<h2 class=\"elementor-heading-title elementor-size-default\">Denetleme Kurulu<\/h2>\t\t\t\t<\/div>\n\t\t\t\t<\/div>\n\t\t\t\t<div class=\"elementor-element elementor-element-9f23270 elementor-widget elementor-widget-text-editor\" data-id=\"9f23270\" data-element_type=\"widget\" data-widget_type=\"text-editor.default\">\n\t\t\t\t<div class=\"elementor-widget-container\">\n\t\t\t\t\t\t\t\t\t<p>Denetleme kurulu, genel kurul ad\u0131na, y\u00f6netim kurulunu ve kul\u00fcp faaliyetlerini denetler.<br \/>Denetleme kurulu, genel kurul taraf\u0131ndan se\u00e7ilen \u00fc\u00e7 as\u0131l ve \u00fc\u00e7 yedek \u00fcyeden olu\u015fur.<br \/>Denetleme kurulunda karar yeter say\u0131s\u0131 kurul \u00fcyelerinin salt \u00e7o\u011funlu\u011fudur.<br \/>Denetleme kurulu y\u0131lda en az bir defa denetim yaparak genel kurula rapor sunar.<br \/>Denetleme kurulu genel kurul karar\u0131 ile g\u00f6revden al\u0131nabilir.<br \/>Denetleme Kurulunun G\u00f6rev ve Yetkileri<br \/>a) Kul\u00fcb\u00fcn evrak\u0131n\u0131, defterlerini ve demirba\u015f e\u015fyan\u0131n durumunu inceler.<br \/>b) Kul\u00fcp faaliyetlerinin y\u00f6netmelik h\u00fck\u00fcmlerine g\u00f6re uygunlu\u011funu denetler.<br \/>c) Gere\u011finde y\u00f6netim kurulunu yaz\u0131 ile uyar\u0131r.<br \/>d) Gerekli g\u00f6rd\u00fc\u011f\u00fc hallerde genel kurulu ola\u011fan\u00fcst\u00fc toplant\u0131ya \u00e7a\u011f\u0131r\u0131r.<br \/>e) Genel kurula rapor verir.<\/p>\t\t\t\t\t\t\t\t<\/div>\n\t\t\t\t<\/div>\n\t\t\t\t\t<\/div>\n\t\t<\/div>\n\t\t\t\t\t<\/div>\n\t\t<\/section>\n\t\t\t\t<section class=\"elementor-section elementor-top-section elementor-element elementor-element-ada5e07 elementor-section-boxed elementor-section-height-default elementor-section-height-default\" data-id=\"ada5e07\" data-element_type=\"section\">\n\t\t\t\t\t\t<div class=\"elementor-container elementor-column-gap-default\">\n\t\t\t\t\t<div class=\"elementor-column elementor-col-100 elementor-top-column elementor-element elementor-element-9ee2d67\" data-id=\"9ee2d67\" data-element_type=\"column\">\n\t\t\t<div class=\"elementor-widget-wrap elementor-element-populated\">\n\t\t\t\t\t\t<div class=\"elementor-element elementor-element-68f47cb elementor-widget elementor-widget-heading\" data-id=\"68f47cb\" data-element_type=\"widget\" data-widget_type=\"heading.default\">\n\t\t\t\t<div class=\"elementor-widget-container\">\n\t\t\t\t\t<h2 class=\"elementor-heading-title elementor-size-default\">Kul\u00fcp Karar Defteri<\/h2>\t\t\t\t<\/div>\n\t\t\t\t<\/div>\n\t\t\t\t<div class=\"elementor-element elementor-element-5300f94 elementor-widget elementor-widget-text-editor\" data-id=\"5300f94\" data-element_type=\"widget\" data-widget_type=\"text-editor.default\">\n\t\t\t\t<div class=\"elementor-widget-container\">\n\t\t\t\t\t\t\t\t\t<p>Sa\u011fl\u0131k K\u00fclt\u00fcr ve Spor Daire Ba\u015fkanl\u0131\u011f\u0131 taraf\u0131ndan imza kar\u015f\u0131l\u0131\u011f\u0131 Y\u00f6netim Kurulu ad\u0131na kul\u00fcp ba\u015fkan\u0131na verilir Y\u00f6netim Kurulu toplant\u0131lar\u0131nda al\u0131nan kararlar karar defterine yaz\u0131l\u0131r, karar say\u0131s\u0131, karar tarihi de eklenerek y\u00f6netim kuruluna imzalat\u0131l\u0131r.<br \/>Y\u00f6netim kurulu, karar defterinin tutulmas\u0131ndan ve muhafazas\u0131ndan sorumludur.<\/p>\t\t\t\t\t\t\t\t<\/div>\n\t\t\t\t<\/div>\n\t\t\t\t\t<\/div>\n\t\t<\/div>\n\t\t\t\t\t<\/div>\n\t\t<\/section>\n\t\t\t\t<\/div>\n\t\t","protected":false},"excerpt":{"rendered":"<p>\u00dcye Olma Kul\u00fcplere sadece Atat\u00fcrk \u00dcniversitesi \u00f6\u011frencileri \u00fcye olabilir.\u00dcyelik ba\u015fvurusu \u00d6\u011frenci Bilgi Sistemi (OBS) \u00fczerinden yap\u0131l\u0131r ve kul\u00fcp \u00fcyelik taahh\u00fctnamesi onaylanarak \u00fcyeli\u011fe ba\u015fvurulur. Bir \u00f6\u011frenci birden fazla kul\u00fcbe \u00fcye olabilir ancak kendi Fak\u00fcltesi\/Y\u00fcksekokulu b\u00fcnyesindeki bir kul\u00fcb\u00fcn y\u00f6netiminde yer alabilir.A\u00e7\u0131k \u00f6\u011fretim ve uzaktan \u00f6\u011fretim \u00f6\u011frencileri, \u00fcye olamaz. Y\u00fcksek lisans, doktora, \u00f6\u011frencileri \u00fcye olabilir ancak, kul\u00fcp kuramaz, [&hellip;]<\/p>\n","protected":false},"author":1,"featured_media":0,"parent":0,"menu_order":0,"comment_status":"closed","ping_status":"closed","template":"elementor_header_footer","meta":{"inline_featured_image":false,"footnotes":""},"class_list":["post-145","page","type-page","status-publish","hentry"],"_links":{"self":[{"href":"https:\/\/kulupler.atauni.edu.tr\/sektor-ogrenci-isbirligi-kulubu\/wp-json\/wp\/v2\/pages\/145","targetHints":{"allow":["GET"]}}],"collection":[{"href":"https:\/\/kulupler.atauni.edu.tr\/sektor-ogrenci-isbirligi-kulubu\/wp-json\/wp\/v2\/pages"}],"about":[{"href":"https:\/\/kulupler.atauni.edu.tr\/sektor-ogrenci-isbirligi-kulubu\/wp-json\/wp\/v2\/types\/page"}],"author":[{"embeddable":true,"href":"https:\/\/kulupler.atauni.edu.tr\/sektor-ogrenci-isbirligi-kulubu\/wp-json\/wp\/v2\/users\/1"}],"replies":[{"embeddable":true,"href":"https:\/\/kulupler.atauni.edu.tr\/sektor-ogrenci-isbirligi-kulubu\/wp-json\/wp\/v2\/comments?post=145"}],"version-history":[{"count":21,"href":"https:\/\/kulupler.atauni.edu.tr\/sektor-ogrenci-isbirligi-kulubu\/wp-json\/wp\/v2\/pages\/145\/revisions"}],"predecessor-version":[{"id":194,"href":"https:\/\/kulupler.atauni.edu.tr\/sektor-ogrenci-isbirligi-kulubu\/wp-json\/wp\/v2\/pages\/145\/revisions\/194"}],"wp:attachment":[{"href":"https:\/\/kulupler.atauni.edu.tr\/sektor-ogrenci-isbirligi-kulubu\/wp-json\/wp\/v2\/media?parent=145"}],"curies":[{"name":"wp","href":"https:\/\/api.w.org\/{rel}","templated":true}]}}